{"id":9115,"date":"2019-03-15T15:23:52","date_gmt":"2019-03-15T18:23:52","guid":{"rendered":"https:\/\/prceu.usp.br\/nascente\/?page_id=9115"},"modified":"2024-03-13T16:06:15","modified_gmt":"2024-03-13T19:06:15","slug":"musica-popular-2","status":"publish","type":"page","link":"https:\/\/prceu.usp.br\/nascente\/musica-popular-2\/","title":{"rendered":"M\u00fasica Popular"},"content":{"rendered":"<p>&nbsp;<\/p>\r\n\r\n\r\n\r\n<div class=\"wp-block-image\">\r\n<figure class=\"aligncenter size-large\"><img loading=\"lazy\" decoding=\"async\" width=\"900\" height=\"200\" class=\"wp-image-14292 aligncenter\" src=\"https:\/\/prceu.usp.br\/nascente\/wp-content\/uploads\/2021\/06\/Musica-Popular-1.png\" alt=\"Musica Popular 1\" title=\"\" srcset=\"https:\/\/prceu.usp.br\/nascente\/wp-content\/uploads\/2021\/06\/Musica-Popular-1.png 900w, https:\/\/prceu.usp.br\/nascente\/wp-content\/uploads\/2021\/06\/Musica-Popular-1-300x67.png 300w, https:\/\/prceu.usp.br\/nascente\/wp-content\/uploads\/2021\/06\/Musica-Popular-1-768x171.png 768w\" sizes=\"auto, (max-width: 900px) 100vw, 900px\" \/><\/figure>\r\n<\/div>\r\n\r\n\r\n\r\n<h5 class=\"has-text-align-center wp-block-heading\" style=\"text-align: center;\"><br \/><br \/><strong>Na categoria\u00a0<strong>M\u00fasica Popular<\/strong>\u00a0contemplam-se as seguintes subcategorias:<\/strong><br \/><br \/><br \/><\/h5>\r\n\r\n\r\n\r\n<h4 class=\"has-text-align-center wp-block-heading\" style=\"text-align: center;\"><strong>Composi\u00e7\u00e3o <span class=\"ugb-highlight\" style=\"color: #abb8c3;\">|<\/span> Int\u00e9rprete Vocal <span class=\"ugb-highlight\" style=\"color: #abb8c3;\">|<\/span> Int\u00e9rprete Instrumental <span class=\"ugb-highlight\" style=\"color: #abb8c3;\">|<\/span> Arranjo.<\/strong><br \/><br \/><br \/><\/h4>\r\n\r\n\r\n\r\n<p>A m\u00fasica popular surgiu da pr\u00e1tica e tradi\u00e7\u00e3o oral. Por n\u00e3o utilizar, a princ\u00edpio, um sistema de nota\u00e7\u00e3o, a m\u00fasica popular tornou-se extremamente rica e incorporadora de \u00a0novos elementos.<\/p>\r\n\r\n\r\n\r\n<p>Dentre a diversidade de temas que aborda, a m\u00fasica popular, de forma geral, trata do cotidiano social, representando em suas letras, quando n\u00e3o instrumental, os anseios, desejos e toda uma mir\u00edade de sentimentos que est\u00e3o presentes na sociedade ou indiv\u00edduo a qual ela faz refer\u00eancia.<\/p>\r\n\r\n\r\n\r\n<p>Comparada \u00e0 tradi\u00e7\u00e3o musical cl\u00e1ssica, principalmente \u00e0 herdada do movimento \u201crom\u00e2ntico\u201d, a m\u00fasica popular possui forma muito mais male\u00e1vel, prezando, sobretudo, pela improvisa\u00e7\u00e3o.<\/p>\r\n\r\n\r\n\r\n<div class=\"wp-block-group\">\r\n<div class=\"wp-block-group__inner-container is-layout-flow wp-block-group-is-layout-flow\">\r\n<div class=\"wp-block-ugb-container ugb-container ugb-43b44be ugb-container--v2 ugb-container--design-plain ugb-main-block\"><style>.ugb-43b44be .ugb-inner-block{text-align:center}<\/style>\r\n<div class=\"ugb-inner-block\">\r\n<div class=\"ugb-block-content\">\r\n<div class=\"ugb-container__wrapper ugb-43b44be-wrapper\">\r\n<div class=\"ugb-container__side\">\r\n<div class=\"ugb-container__content-wrapper ugb-43b44be-content-wrapper\">\r\n<div class=\"wp-block-columns\">\r\n<div class=\"wp-block-column\" style=\"flex-basis: 5%;\">\u00a0<\/div>\r\n<div class=\"wp-block-column\" style=\"flex-basis: 90%;\">\r\n<div class=\"wp-block-image\">\r\n<figure class=\"aligncenter is-resized\">\r\n<div class=\"mceTemp\">\u00a0<\/div>\r\n<\/figure>\r\n<\/div>\r\n<div id=\"attachment_18656\" style=\"width: 1376px\" class=\"wp-caption aligncenter\"><img loading=\"lazy\" decoding=\"async\" aria-describedby=\"caption-attachment-18656\" class=\"wp-image-18656 size-full\" title=\"popular - Mostra de M\u00fasica Popular\" src=\"https:\/\/prceu.usp.br\/nascente\/wp-content\/uploads\/2024\/03\/popular.png\" sizes=\"auto, (max-width: 1366px) 100vw, 1366px\" srcset=\"https:\/\/prceu.usp.br\/nascente\/wp-content\/uploads\/2024\/03\/popular.png 1366w, https:\/\/prceu.usp.br\/nascente\/wp-content\/uploads\/2024\/03\/popular-300x169.png 300w, https:\/\/prceu.usp.br\/nascente\/wp-content\/uploads\/2024\/03\/popular-768x432.png 768w, https:\/\/prceu.usp.br\/nascente\/wp-content\/uploads\/2024\/03\/popular-1024x576.png 1024w\" alt=\"Popular\" width=\"1366\" height=\"768\" aria-describedby=\"caption-attachment-18656\" \/><p id=\"caption-attachment-18656\" class=\"wp-caption-text\">Cintia Moraes interpreta a can\u00e7\u00e3o \u201cAlucina\u00e7\u00e3o\u201d e J\u00e9ssica Linhares a can\u00e7\u00e3o \u201cVentos do Norte\u201d, vencedoras na categoria Interpreta\u00e7\u00e3o Vocal, da 30\u00b0 edi\u00e7\u00e3o do Nascente em 2023 (M\u00eddia: Carretel Filmes)<\/p><\/div>\r\n<\/div>\r\n<div class=\"wp-block-column\" style=\"flex-basis: 5%;\">\u00a0<\/div>\r\n<\/div>\r\n<\/div>\r\n<\/div>\r\n<\/div>\r\n<\/div>\r\n<\/div>\r\n<\/div>\r\n<\/div>\r\n<\/div>\r\n\r\n\r\n\r\n<div class=\"wp-block-columns is-layout-flex wp-container-core-columns-is-layout-9d6595d7 wp-block-columns-is-layout-flex\">\r\n<div class=\"wp-block-column is-layout-flow wp-block-column-is-layout-flow\" style=\"flex-basis: 5%;\">\u00a0<\/div>\r\n\r\n\r\n\r\n<div class=\"wp-block-column is-layout-flow wp-block-column-is-layout-flow\" style=\"flex-basis: 90%;\">\u00a0<\/div>\r\n\r\n\r\n\r\n<div class=\"wp-block-column is-layout-flow wp-block-column-is-layout-flow\" style=\"flex-basis: 5%;\">\u00a0<\/div>\r\n<\/div>\r\n\r\n\r\n\r\n<p>Apesar dessas diferencia\u00e7\u00f5es, hoje, a m\u00fasica popular absorveu o conhecimento e nota\u00e7\u00e3o formal e em muitos casos tornou-se t\u00e3o \u201cerudita\u201d quanto grandes composi\u00e7\u00f5es da m\u00fasica cl\u00e1ssica.<\/p>\r\n\r\n\r\n\r\n<p>Em todas suas participa\u00e7\u00f5es do concurso, a categoria M\u00fasica Popular recebeu <strong>422 \u00a0inscri\u00e7\u00f5es<\/strong>, premiou aproximadamente <strong>40 vencedores<\/strong> e conferiu <strong>50 men\u00e7\u00f5es honrosas.<\/strong><\/p>\r\n\r\n\r\n\r\n<p>Classificados, os finalistas ganham visibilidade ao apresentar suas obras em Mostras Musicais nos palcos da USP e fora dela.<\/p>\r\n\r\n\r\n\r\n<p><br \/>J\u00e1 sediaram nosso Festival espa\u00e7os como o Anfiteatro Camargo Guarnieri, Sesc Pinheiros, Audit\u00f3rio da Biblioteca Brasiliana, o Teatro da Faculdade de Medicina.<br \/>O Nascente USP tamb\u00e9m contou com a participa\u00e7\u00e3o de artistas, hoje renomados, que foram finalistas e vencedores do concurso.<\/p>\r\n\r\n\r\n\r\n<p>O transcurso de suas carreiras ganha brilho e proje\u00e7\u00e3o ap\u00f3s passarem pelo nosso palco: \u00e9 fato, o Nascente abre portas e oferece visibilidade para aqueles que se destacam no concurso.<\/p>\r\n\r\n\r\n\r\n<p>&nbsp;<\/p>\r\n\r\n\r\n\r\n<div class=\"wp-block-group\">\r\n<div class=\"wp-block-group__inner-container is-layout-flow wp-block-group-is-layout-flow\">\r\n\r\n\r\n<div class=\"wp-block-ugb-container ugb-container ugb-e4017b3 ugb-container--v2 ugb-container--design-plain ugb-main-block\"><style>.ugb-e4017b3 .ugb-inner-block{text-align:center}<\/style>\r\n<div class=\"ugb-inner-block\">\r\n<div class=\"ugb-block-content\">\r\n<div class=\"ugb-container__wrapper ugb-e4017b3-wrapper\">\r\n<div class=\"ugb-container__side\">\r\n<div class=\"ugb-container__content-wrapper ugb-e4017b3-content-wrapper\">\r\n<div class=\"wp-block-columns\">\r\n<div class=\"wp-block-column\" style=\"flex-basis: 5%;\">\u00a0<\/div>\r\n<div class=\"wp-block-column\" style=\"flex-basis: 90%;\">\r\n<div class=\"wp-block-image\">\r\n<figure class=\"aligncenter is-resized\"><img loading=\"lazy\" decoding=\"async\" class=\"wp-image-8855 aligncenter\" src=\"https:\/\/prceu.usp.br\/nascente\/wp-content\/uploads\/2019\/03\/1077264-166513030198949-1016181141-o-1024x683.jpg\" alt=\"\" width=\"584\" height=\"388\" title=\"\" srcset=\"https:\/\/prceu.usp.br\/nascente\/wp-content\/uploads\/2019\/03\/1077264-166513030198949-1016181141-o-1536x1024.jpg 1536w, https:\/\/prceu.usp.br\/nascente\/wp-content\/uploads\/2019\/03\/1077264-166513030198949-1016181141-o-300x200.jpg 300w, https:\/\/prceu.usp.br\/nascente\/wp-content\/uploads\/2019\/03\/1077264-166513030198949-1016181141-o-768x512.jpg 768w, https:\/\/prceu.usp.br\/nascente\/wp-content\/uploads\/2019\/03\/1077264-166513030198949-1016181141-o.jpg 2048w\" sizes=\"auto, (max-width: 584px) 100vw, 584px\" \/><\/figure>\r\n<\/div>\r\n<h6 class=\"has-text-align-center\" style=\"text-align: center;\"><strong><strong><strong>\u00d4ct\u00f4ct\u00f4 <\/strong>&#8211; vencedores Nascente 2011<br \/>O Concurso possibilitou a produ\u00e7\u00e3o do primeiro CD do grupo e proporcionou visibilidade Internacional: <strong><a href=\"https:\/\/www5.usp.br\/46236\/grupo-de-musica-instrumental-formado-na-eca-se-apresenta-na-europa\/\" target=\"_blank\" rel=\"noopener\">Grupo de m\u00fasica instrumental formado na ECA se apresenta na Europa<\/a><\/strong><\/strong><\/strong><\/h6>\r\n<\/div>\r\n<\/div>\r\n<\/div>\r\n<\/div>\r\n<\/div>\r\n<\/div>\r\n<\/div>\r\n<\/div>\r\n<\/div>\r\n<\/div>\r\n\r\n\r\n\r\n<p style=\"text-align: center;\"><em>Leia mais sobre outras hist\u00f3rias de sucesso <a href=\"https:\/\/prceu.usp.br\/nascente\/mostra-de-musica-popular\/\">aqui<\/a>!<\/em><\/p>\r\n<p>&nbsp;<\/p>\r\n<div id=\"attachment_16127\" style=\"width: 1034px\" class=\"wp-caption aligncenter\"><img loading=\"lazy\" decoding=\"async\" aria-describedby=\"caption-attachment-16127\" class=\"wp-image-16127 size-large\" src=\"https:\/\/prceu.usp.br\/nascente\/wp-content\/uploads\/2022\/01\/MG_4087-1024x683.jpg\" alt=\"Nascente Usp\" width=\"1024\" height=\"683\" title=\"\" srcset=\"https:\/\/prceu.usp.br\/nascente\/wp-content\/uploads\/2022\/01\/MG_4087-1024x683.jpg 1024w, https:\/\/prceu.usp.br\/nascente\/wp-content\/uploads\/2022\/01\/MG_4087-1536x1024.jpg 1536w, https:\/\/prceu.usp.br\/nascente\/wp-content\/uploads\/2022\/01\/MG_4087-2048x1365.jpg 2048w, https:\/\/prceu.usp.br\/nascente\/wp-content\/uploads\/2022\/01\/MG_4087-300x200.jpg 300w, https:\/\/prceu.usp.br\/nascente\/wp-content\/uploads\/2022\/01\/MG_4087-768x512.jpg 768w\" sizes=\"auto, (max-width: 1024px) 100vw, 1024px\" \/><p id=\"caption-attachment-16127\" class=\"wp-caption-text\">(Foto: Bruno Poletti)<\/p><\/div>\r\n<h6 class=\"has-text-align-center\" style=\"text-align: center;\"><strong>Alexandre D&#8217;Elboux Filho durante a apresenta\u00e7\u00e3o de &#8220;Cicatriz&#8221;, Men\u00e7\u00e3o Honrosa em M\u00fasica Popular junto de Guilherme Beraldo Guedes da Silva, da 28\u00b0 edi\u00e7\u00e3o do Nascente em 2021<\/strong><\/h6>\r\n<p><span style=\"color: #ff99cc;\">\r\n\r\n<\/span><\/p>\r\n<h3>\u00a0<\/h3>\r\n<h3>\u00a0<\/h3>\r\n<h3 style=\"text-align: center;\"><a href=\"https:\/\/prceu.usp.br\/nascente\/musica-popular-premiados-e-finalistas-2023\/\"><span style=\"color: #ff99cc;\">CONFIRA OS FINALISTAS E VENCEDOR EM M\u00daSICA POPULAR DA 30\u00b0 EDI\u00c7\u00c3O DO NASCENTE!<\/span><\/a><\/h3>\r\n<p>&nbsp;<\/p>\r\n<p>&nbsp;<\/p>\r\n<p>&nbsp;<\/p>","protected":false},"excerpt":{"rendered":"<p>&nbsp; Na categoria\u00a0M\u00fasica Popular\u00a0contemplam-se as seguintes subcategorias: Composi\u00e7\u00e3o | Int\u00e9rprete Vocal | Int\u00e9rprete Instrumental | Arranjo. A m\u00fasica popular surgiu da pr\u00e1tica e tradi\u00e7\u00e3o oral. Por n\u00e3o utilizar, a princ\u00edpio, um sistema de nota\u00e7\u00e3o, a m\u00fasica popular tornou-se extremamente rica e incorporadora de \u00a0novos elementos. Dentre a diversidade de temas que aborda, a m\u00fasica popular, [&hellip;]<\/p>\n","protected":false},"author":3,"featured_media":18756,"parent":0,"menu_order":11,"comment_status":"closed","ping_status":"closed","template":"","meta":{"footnotes":""},"categories":[],"tags":[82],"class_list":["post-9115","page","type-page","status-publish","has-post-thumbnail","hentry","tag-categoria"],"_links":{"self":[{"href":"https:\/\/prceu.usp.br\/nascente\/wp-json\/wp\/v2\/pages\/9115","targetHints":{"allow":["GET"]}}],"collection":[{"href":"https:\/\/prceu.usp.br\/nascente\/wp-json\/wp\/v2\/pages"}],"about":[{"href":"https:\/\/prceu.usp.br\/nascente\/wp-json\/wp\/v2\/types\/page"}],"author":[{"embeddable":true,"href":"https:\/\/prceu.usp.br\/nascente\/wp-json\/wp\/v2\/users\/3"}],"replies":[{"embeddable":true,"href":"https:\/\/prceu.usp.br\/nascente\/wp-json\/wp\/v2\/comments?post=9115"}],"version-history":[{"count":2,"href":"https:\/\/prceu.usp.br\/nascente\/wp-json\/wp\/v2\/pages\/9115\/revisions"}],"predecessor-version":[{"id":18691,"href":"https:\/\/prceu.usp.br\/nascente\/wp-json\/wp\/v2\/pages\/9115\/revisions\/18691"}],"wp:featuredmedia":[{"embeddable":true,"href":"https:\/\/prceu.usp.br\/nascente\/wp-json\/wp\/v2\/media\/18756"}],"wp:attachment":[{"href":"https:\/\/prceu.usp.br\/nascente\/wp-json\/wp\/v2\/media?parent=9115"}],"wp:term":[{"taxonomy":"category","embeddable":true,"href":"https:\/\/prceu.usp.br\/nascente\/wp-json\/wp\/v2\/categories?post=9115"},{"taxonomy":"post_tag","embeddable":true,"href":"https:\/\/prceu.usp.br\/nascente\/wp-json\/wp\/v2\/tags?post=9115"}],"curies":[{"name":"wp","href":"https:\/\/api.w.org\/{rel}","templated":true}]}}