{"id":9118,"date":"2019-03-15T15:23:52","date_gmt":"2019-03-15T18:23:52","guid":{"rendered":"https:\/\/prceu.usp.br\/nascente\/?page_id=9118"},"modified":"2024-03-13T16:10:45","modified_gmt":"2024-03-13T19:10:45","slug":"texto-3","status":"publish","type":"page","link":"https:\/\/prceu.usp.br\/nascente\/texto-3\/","title":{"rendered":"Texto"},"content":{"rendered":"<div class=\"wp-block-image\">\r\n<figure class=\"aligncenter size-large\"><img loading=\"lazy\" decoding=\"async\" width=\"900\" height=\"200\" class=\"wp-image-14271 aligncenter\" src=\"https:\/\/prceu.usp.br\/nascente\/wp-content\/uploads\/2021\/06\/Texto-1.png\" alt=\"Texto 1\" title=\"\" srcset=\"https:\/\/prceu.usp.br\/nascente\/wp-content\/uploads\/2021\/06\/Texto-1.png 900w, https:\/\/prceu.usp.br\/nascente\/wp-content\/uploads\/2021\/06\/Texto-1-300x67.png 300w, https:\/\/prceu.usp.br\/nascente\/wp-content\/uploads\/2021\/06\/Texto-1-768x171.png 768w\" sizes=\"auto, (max-width: 900px) 100vw, 900px\" \/><\/figure>\r\n<\/div>\r\n<h5 class=\"has-text-align-center\"><br \/><strong>Na categoria <strong>Texto <\/strong>contemplam-se as seguintes subcategorias:<\/strong><br \/><br \/><\/h5>\r\n\r\n\r\n\r\n<h4 class=\"has-text-align-center wp-block-heading\"><strong>Cr\u00f4nica, Poesia, Prosa Ficcional (conto, novela e romance), Mang\u00e1\/Graphic Novel, HQ e Reportagem<\/strong><br \/><br \/><\/h4>\r\n\r\n\r\n\r\n<p>Os participantes da categoria de texto encontram no Nascente USP uma oportunidade de exposi\u00e7\u00e3o e divulga\u00e7\u00e3o de sua produ\u00e7\u00e3o liter\u00e1ria.<\/p>\r\n<p>Muitos escritores que hoje fazem parte de circuitos liter\u00e1rios nacionais e internacionais tiveram passagem pelo nosso concurso como o escritor, roteirista, colunista e jornalista\u00a0<em>Jos\u00e9 Roberto Torero\u00a0<\/em>vencedor do Nascente e ganhador do pr\u00eamio Jabuti em 1995.<\/p>\r\n\r\n\r\n\r\n<div class=\"wp-block-ugb-container ugb-container ugb-8178401 ugb-container--v2 ugb-container--design-plain ugb-main-block\"><style>.ugb-8178401 .ugb-inner-block{text-align:center}<\/style>\r\n<div class=\"ugb-inner-block\">\r\n<div class=\"ugb-block-content\">\r\n<div class=\"ugb-container__wrapper ugb-8178401-wrapper\">\r\n<div class=\"ugb-container__side\">\r\n<div class=\"ugb-container__content-wrapper ugb-8178401-content-wrapper\">\r\n<div class=\"wp-block-columns\">\r\n<div class=\"wp-block-column\" style=\"flex-basis: 5%;\">\u00a0<\/div>\r\n<div class=\"wp-block-column\" style=\"flex-basis: 90%;\">\r\n<div class=\"wp-block-image\">\r\n<figure class=\"aligncenter is-resized\">\r\n<div id=\"attachment_11928\" style=\"width: 259px\" class=\"wp-caption aligncenter\"><img loading=\"lazy\" decoding=\"async\" aria-describedby=\"caption-attachment-11928\" class=\"wp-image-11928\" src=\"https:\/\/prceu.usp.br\/nascente\/wp-content\/uploads\/2019\/04\/nascente-b4336879ccf61919f3347e5dfde485c7.jpg\" alt=\"\" width=\"249\" height=\"382\" title=\"\" srcset=\"https:\/\/prceu.usp.br\/nascente\/wp-content\/uploads\/2019\/04\/nascente-b4336879ccf61919f3347e5dfde485c7.jpg 301w, https:\/\/prceu.usp.br\/nascente\/wp-content\/uploads\/2019\/04\/nascente-b4336879ccf61919f3347e5dfde485c7-195x300.jpg 195w\" sizes=\"auto, (max-width: 249px) 100vw, 249px\" \/><p id=\"caption-attachment-11928\" class=\"wp-caption-text\">Um dos livros publicados por Jos\u00e9 Roberto de Torero, vencedor do Nascente USP em 1992.<\/p><\/div>\r\n<\/figure>\r\n<\/div>\r\n<h6 class=\"has-text-align-center\"><strong><strong><strong><strong>\u00a0<\/strong><\/strong><\/strong><\/strong><\/h6>\r\n<\/div>\r\n<\/div>\r\n<\/div>\r\n<\/div>\r\n<\/div>\r\n<\/div>\r\n<\/div>\r\n<\/div>\r\n\r\n\r\n\r\n<p>A atriz e escritora Eda Nagayama tem uma carreira s\u00f3lida no mundo das artes c\u00eanicas e viu no Nascente USP uma possibilidade de expressar seu talento liter\u00e1rio e obteve o primeiro lugar do concurso em 2011. Anos depois seu trabalho vencedor <em><a href=\"https:\/\/www.youtube.com\/watch?v=kC9Ou1f8Y9k\" target=\"_blank\" rel=\"noopener\">Desgarrados<\/a> foi <\/em>publicado pela editora Cosac Naify.<\/p>\r\n\r\n\r\n\r\n<div class=\"wp-block-ugb-container ugb-container ugb-a7bcf7d ugb-container--v2 ugb-container--design-plain ugb-main-block\">\r\n<div class=\"ugb-inner-block\">\r\n<div class=\"ugb-block-content\">\r\n<div class=\"ugb-container__wrapper ugb-a7bcf7d-wrapper\">\r\n<div class=\"ugb-container__side\">\r\n<div class=\"ugb-container__content-wrapper ugb-a7bcf7d-content-wrapper\">\r\n<div class=\"wp-block-columns\">\r\n<div class=\"wp-block-column\" style=\"flex-basis: 5%;\">\u00a0<\/div>\r\n<div class=\"wp-block-column\" style=\"flex-basis: 90%;\">\r\n<figure class=\"wp-block-image is-resized\">\r\n<div id=\"attachment_8894\" style=\"width: 630px\" class=\"wp-caption aligncenter\"><img loading=\"lazy\" decoding=\"async\" aria-describedby=\"caption-attachment-8894\" class=\"wp-image-8894\" src=\"https:\/\/prceu.usp.br\/nascente\/wp-content\/uploads\/2019\/03\/MG-3365-1024x683.jpg\" alt=\"\" width=\"620\" height=\"412\" title=\"\" srcset=\"https:\/\/prceu.usp.br\/nascente\/wp-content\/uploads\/2019\/03\/MG-3365-1536x1024.jpg 1536w, https:\/\/prceu.usp.br\/nascente\/wp-content\/uploads\/2019\/03\/MG-3365-2048x1365.jpg 2048w, https:\/\/prceu.usp.br\/nascente\/wp-content\/uploads\/2019\/03\/MG-3365-300x200.jpg 300w, https:\/\/prceu.usp.br\/nascente\/wp-content\/uploads\/2019\/03\/MG-3365-768x512.jpg 768w\" sizes=\"auto, (max-width: 620px) 100vw, 620px\" \/><p id=\"caption-attachment-8894\" class=\"wp-caption-text\">A atriz e escritora Eda Nagayama, vencedora do Nascente USP em 2011<\/p><\/div>\r\n<\/figure>\r\n<\/div>\r\n<div class=\"wp-block-column\" style=\"flex-basis: 5%;\">\u00a0<\/div>\r\n<\/div>\r\n<\/div>\r\n<\/div>\r\n<\/div>\r\n<\/div>\r\n<\/div>\r\n<\/div>\r\n\r\n\r\n\r\n<p>Em todas suas participa\u00e7\u00f5es do concurso, a categoria Texto recebeu aproximadamente <strong>3.022 trabalhos inscritos<\/strong>.<\/p>\r\n\r\n\r\n\r\n<p>Os estudantes inscritos no concurso t\u00eam a oportunidade de participar do <a href=\"https:\/\/prceu.usp.br\/nascente\/sarau-literario\/\"><strong>Sarau Liter\u00e1rio Nascente<\/strong><\/a>, evento em que podem declamar seus trabalhos e confraternizarem.<\/p>\r\n<p>&nbsp;<\/p>\r\n<div id=\"attachment_18664\" style=\"width: 1376px\" class=\"wp-caption aligncenter\"><img loading=\"lazy\" decoding=\"async\" aria-describedby=\"caption-attachment-18664\" class=\"wp-image-18664 size-full\" src=\"https:\/\/prceu.usp.br\/nascente\/wp-content\/uploads\/2024\/03\/texto.png\" alt=\"Texto\" width=\"1366\" height=\"768\" title=\"\" srcset=\"https:\/\/prceu.usp.br\/nascente\/wp-content\/uploads\/2024\/03\/texto.png 1366w, https:\/\/prceu.usp.br\/nascente\/wp-content\/uploads\/2024\/03\/texto-300x169.png 300w, https:\/\/prceu.usp.br\/nascente\/wp-content\/uploads\/2024\/03\/texto-768x432.png 768w, https:\/\/prceu.usp.br\/nascente\/wp-content\/uploads\/2024\/03\/texto-1024x576.png 1024w\" sizes=\"auto, (max-width: 1366px) 100vw, 1366px\" \/><p id=\"caption-attachment-18664\" class=\"wp-caption-text\">Texto Diuliane de Castilhos, vendeora da categoria Texto do Nascente 2023 com a colet\u00e2nea \u2018pequenas brutalidades\u2019 (M\u00eddia: Carretel Filmes)<\/p><\/div>\r\n<p>&nbsp;<\/p>\r\n<blockquote>\r\n<p>Em sua trig\u00e9sima edi\u00e7\u00e3o, o Programa Nascente ofereceu desafios ainda maiores na categoria texto. Afora a maior diversidade de g\u00eaneros discursivos a que os trabalhos estavam afiliados, havia temas sens\u00edveis relacionados \u00e0 vida nas cidades, tais como: a (des)ordem dos afetos; os sintomas da ang\u00fastia; a resist\u00eancia aos gestos totalit\u00e1rios; as variadas formas de traduzir os modos de representatividade etc.<\/p>\r\n<p>Nesse cruzamento entre o fator individual e o dado coletivo, destacaram-se obras gr\u00e1ficas, ensaios e outras produ\u00e7\u00f5es em verso e prosa que fundiam as esferas p\u00fablica e privada, que sugeriam m\u00faltiplas formas de interven\u00e7\u00e3o.\u00a0<\/p>\r\n<p style=\"text-align: right;\"><em><span class=\"su-quote-cite\">Jean Pierre Chauvin, Leonardo Gandolfi e Maria Clara Paix\u00e3o<\/span><\/em><\/p>\r\n<\/blockquote>\r\n<p>&nbsp;<\/p>\r\n<h3 style=\"text-align: center;\"><a href=\"https:\/\/prceu.usp.br\/nascente\/finalistas-e-premiados-de-texto-29o-nascente\/\"><span style=\"color: #ff99cc;\">CONFIRA OS FINALISTAS E PREMIADOS EM SARAU LITER\u00c1RIO DA 30\u00b0 EDI\u00c7\u00c3O DO NASCENTE!<\/span><\/a><\/h3>\r\n<p>&nbsp;<\/p>\r\n<p>&nbsp;<\/p>","protected":false},"excerpt":{"rendered":"<p>Cr\u00f4nica, Poesia, Prosa Ficcional (conto, novela e romance), Mang\u00e1\/Graphic Novel, HQ e Reportagem Os participantes da categoria de texto encontram no Nascente USP uma oportunidade de exposi\u00e7\u00e3o e divulga\u00e7\u00e3o de sua produ\u00e7\u00e3o liter\u00e1ria. Muitos escritores que hoje fazem parte de circuitos liter\u00e1rios nacionais e internacionais tiveram passagem pelo nosso concurso como o escritor, roteirista, colunista [&hellip;]<\/p>\n","protected":false},"author":3,"featured_media":18756,"parent":0,"menu_order":9,"comment_status":"closed","ping_status":"closed","template":"","meta":{"footnotes":""},"categories":[],"tags":[82],"class_list":["post-9118","page","type-page","status-publish","has-post-thumbnail","hentry","tag-categoria"],"_links":{"self":[{"href":"https:\/\/prceu.usp.br\/nascente\/wp-json\/wp\/v2\/pages\/9118","targetHints":{"allow":["GET"]}}],"collection":[{"href":"https:\/\/prceu.usp.br\/nascente\/wp-json\/wp\/v2\/pages"}],"about":[{"href":"https:\/\/prceu.usp.br\/nascente\/wp-json\/wp\/v2\/types\/page"}],"author":[{"embeddable":true,"href":"https:\/\/prceu.usp.br\/nascente\/wp-json\/wp\/v2\/users\/3"}],"replies":[{"embeddable":true,"href":"https:\/\/prceu.usp.br\/nascente\/wp-json\/wp\/v2\/comments?post=9118"}],"version-history":[{"count":3,"href":"https:\/\/prceu.usp.br\/nascente\/wp-json\/wp\/v2\/pages\/9118\/revisions"}],"predecessor-version":[{"id":18694,"href":"https:\/\/prceu.usp.br\/nascente\/wp-json\/wp\/v2\/pages\/9118\/revisions\/18694"}],"wp:featuredmedia":[{"embeddable":true,"href":"https:\/\/prceu.usp.br\/nascente\/wp-json\/wp\/v2\/media\/18756"}],"wp:attachment":[{"href":"https:\/\/prceu.usp.br\/nascente\/wp-json\/wp\/v2\/media?parent=9118"}],"wp:term":[{"taxonomy":"category","embeddable":true,"href":"https:\/\/prceu.usp.br\/nascente\/wp-json\/wp\/v2\/categories?post=9118"},{"taxonomy":"post_tag","embeddable":true,"href":"https:\/\/prceu.usp.br\/nascente\/wp-json\/wp\/v2\/tags?post=9118"}],"curies":[{"name":"wp","href":"https:\/\/api.w.org\/{rel}","templated":true}]}}