{"id":213,"date":"2018-06-05T11:26:10","date_gmt":"2018-06-05T14:26:10","guid":{"rendered":"http:\/\/prceu.usp.br\/residenciamulti\/?page_id=213"},"modified":"2024-12-05T14:55:54","modified_gmt":"2024-12-05T17:55:54","slug":"fmvz","status":"publish","type":"page","link":"https:\/\/prceu.usp.br\/residenciamulti\/fmvz\/","title":{"rendered":"Faculdade de Medicina Veterin\u00e1ria e Zootecnia (FMVZ)"},"content":{"rendered":"<div id=\"fb-root\"><\/div>\n<p style=\"text-align: right;\"><em><strong><a href=\"http:\/\/www.fmvz.usp.br\/residencia\" target=\"_blank\" rel=\"noopener\">Clique<\/a> <\/strong>para acessar o site da Faculdade de Medicina Veterin\u00e1ria e Zootecnia (FMVZ)<\/em><\/p>\r\n<h6><strong><span style=\"color: #000080;\">Programa de Resid\u00eancia em Anatomia Patol\u00f3gica<\/span><\/strong><\/h6>\r\n<p>Profiss\u00e3o: Medicina Veterin\u00e1ria<\/p>\r\n<p style=\"text-align: left;\">Coordena\u00e7\u00e3o: Profa. Dra. Carla Bargi Belli <a href=\"http:\/\/lattes.cnpq.br\/2822028351193569\" target=\"_blank\" rel=\"noopener\"><img loading=\"lazy\" decoding=\"async\" src=\"http:\/\/prceu.usp.br\/residenciamulti\/wp-content\/uploads\/2024\/12\/lattes-300x148.png\" alt=\"\" width=\"92\" height=\"46\" class=\"alignnone wp-image-1366\" title=\"|\" srcset=\"https:\/\/prceu.usp.br\/residenciamulti\/wp-content\/uploads\/2024\/12\/lattes-300x148.png 300w, https:\/\/prceu.usp.br\/residenciamulti\/wp-content\/uploads\/2024\/12\/lattes-768x380.png 768w, https:\/\/prceu.usp.br\/residenciamulti\/wp-content\/uploads\/2024\/12\/lattes.png 920w\" sizes=\"auto, (max-width: 92px) 100vw, 92px\" \/><\/a> \u00a0<\/p>\r\n<p>Cen\u00e1rio de pr\u00e1tica: Hospital Veterin\u00e1rio (HOVET) da Faculdade de Medicina Veterin\u00e1ria e Zootecnia<\/p>\r\n<h6><span style=\"color: #000080;\"><strong>Programa de Resid\u00eancia em Cl\u00ednica e Cirurgia de Grandes Animais<\/strong><\/span><\/h6>\r\n<p>Profiss\u00e3o: Medicina Veterin\u00e1ria<\/p>\r\n<p style=\"text-align: left;\">Coordena\u00e7\u00e3o: Profa. Dra. Carla Bargi Belli <a href=\"http:\/\/lattes.cnpq.br\/2822028351193569\" target=\"_blank\" rel=\"noopener\"><img loading=\"lazy\" decoding=\"async\" src=\"http:\/\/prceu.usp.br\/residenciamulti\/wp-content\/uploads\/2024\/12\/lattes-300x148.png\" alt=\"\" width=\"93\" height=\"46\" class=\"alignnone wp-image-1366\" title=\"|\" srcset=\"https:\/\/prceu.usp.br\/residenciamulti\/wp-content\/uploads\/2024\/12\/lattes-300x148.png 300w, https:\/\/prceu.usp.br\/residenciamulti\/wp-content\/uploads\/2024\/12\/lattes-768x380.png 768w, https:\/\/prceu.usp.br\/residenciamulti\/wp-content\/uploads\/2024\/12\/lattes.png 920w\" sizes=\"auto, (max-width: 93px) 100vw, 93px\" \/><\/a>\u00a0 \u00a0<\/p>\r\n<p>Cen\u00e1rio de pr\u00e1tica: Hospital Veterin\u00e1rio (HOVET) da Faculdade de Medicina Veterin\u00e1ria e Zootecnia<\/p>\r\n<h6><span style=\"color: #000080;\"><strong>Programa de Resid\u00eancia em Cl\u00ednicas M\u00e9dica e Cir\u00fargica de Pequenos Animais<\/strong><\/span><\/h6>\r\n<p>Profiss\u00e3o: Medicina Veterin\u00e1ria<\/p>\r\n<p>Coordena\u00e7\u00e3o: Profa. Dra. Carla Bargi Belli <a href=\"http:\/\/lattes.cnpq.br\/2822028351193569\" target=\"_blank\" rel=\"noopener\"><img loading=\"lazy\" decoding=\"async\" src=\"http:\/\/prceu.usp.br\/residenciamulti\/wp-content\/uploads\/2024\/12\/lattes-300x148.png\" alt=\"\" width=\"92\" height=\"46\" class=\"alignnone wp-image-1366\" title=\"|\" srcset=\"https:\/\/prceu.usp.br\/residenciamulti\/wp-content\/uploads\/2024\/12\/lattes-300x148.png 300w, https:\/\/prceu.usp.br\/residenciamulti\/wp-content\/uploads\/2024\/12\/lattes-768x380.png 768w, https:\/\/prceu.usp.br\/residenciamulti\/wp-content\/uploads\/2024\/12\/lattes.png 920w\" sizes=\"auto, (max-width: 92px) 100vw, 92px\" \/><\/a> \u00a0 \u00a0<\/p>\r\n<p>Cen\u00e1rio de pr\u00e1tica: Hospital Veterin\u00e1rio (HOVET) da Faculdade de Medicina Veterin\u00e1ria e Zootecnia<\/p>\r\n<h6><span style=\"color: #000080;\"><strong>Programa de Resid\u00eancia Diagn\u00f3stico por Imagem<\/strong><\/span><\/h6>\r\n<p>Profiss\u00e3o: Medicina Veterin\u00e1ria<\/p>\r\n<p>Coordena\u00e7\u00e3o: Profa. Dra. Simone de Carvalho Balian <a href=\"http:\/\/lattes.cnpq.br\/8053002852534663\" target=\"_blank\" rel=\"noopener\"><img loading=\"lazy\" decoding=\"async\" src=\"http:\/\/prceu.usp.br\/residenciamulti\/wp-content\/uploads\/2024\/12\/lattes-300x148.png\" alt=\"\" width=\"92\" height=\"46\" class=\"alignnone wp-image-1366\" title=\"|\" srcset=\"https:\/\/prceu.usp.br\/residenciamulti\/wp-content\/uploads\/2024\/12\/lattes-300x148.png 300w, https:\/\/prceu.usp.br\/residenciamulti\/wp-content\/uploads\/2024\/12\/lattes-768x380.png 768w, https:\/\/prceu.usp.br\/residenciamulti\/wp-content\/uploads\/2024\/12\/lattes.png 920w\" sizes=\"auto, (max-width: 92px) 100vw, 92px\" \/><\/a> \u00a0 \u00a0<\/p>\r\n<p>Cen\u00e1rio de pr\u00e1tica: Hospital Veterin\u00e1rio (HOVET) da Faculdade de Medicina Veterin\u00e1ria e Zootecnia<\/p>\r\n\r\n<div class=\"wp-block-file\"><a href=\"https:\/\/prceu.usp.br\/residenciamulti\/wp-content\/uploads\/2020\/03\/Contrato-Did\u00e1tico-Resid\u00eancias-Medicina-Veterin\u00e1ria.pdf\">Contrato-Did\u00e1tico-Resid\u00eancias-Medicina-Veterin\u00e1ria<\/a><a href=\"https:\/\/prceu.usp.br\/residenciamulti\/wp-content\/uploads\/2020\/03\/Contrato-Did\u00e1tico-Resid\u00eancias-Medicina-Veterin\u00e1ria.pdf\" class=\"wp-block-file__button\" download=\"\">Baixar<\/a><\/div>\r\n","protected":false},"excerpt":{"rendered":"<p>Clique para acessar o site da Faculdade de Medicina Veterin\u00e1ria e Zootecnia (FMVZ) Programa de Resid\u00eancia em Anatomia Patol\u00f3gica Profiss\u00e3o: Medicina Veterin\u00e1ria Coordena\u00e7\u00e3o: Profa. Dra. Carla Bargi Belli \u00a0 Cen\u00e1rio de pr\u00e1tica: Hospital Veterin\u00e1rio (HOVET) da Faculdade de Medicina Veterin\u00e1ria e Zootecnia Programa de Resid\u00eancia em Cl\u00ednica e Cirurgia de [&hellip;]<\/p>\n","protected":false},"author":2,"featured_media":401,"parent":0,"menu_order":0,"comment_status":"closed","ping_status":"closed","template":"","meta":{"footnotes":""},"class_list":["post-213","page","type-page","status-publish","has-post-thumbnail","hentry"],"_links":{"self":[{"href":"https:\/\/prceu.usp.br\/residenciamulti\/wp-json\/wp\/v2\/pages\/213","targetHints":{"allow":["GET"]}}],"collection":[{"href":"https:\/\/prceu.usp.br\/residenciamulti\/wp-json\/wp\/v2\/pages"}],"about":[{"href":"https:\/\/prceu.usp.br\/residenciamulti\/wp-json\/wp\/v2\/types\/page"}],"author":[{"embeddable":true,"href":"https:\/\/prceu.usp.br\/residenciamulti\/wp-json\/wp\/v2\/users\/2"}],"replies":[{"embeddable":true,"href":"https:\/\/prceu.usp.br\/residenciamulti\/wp-json\/wp\/v2\/comments?post=213"}],"version-history":[{"count":12,"href":"https:\/\/prceu.usp.br\/residenciamulti\/wp-json\/wp\/v2\/pages\/213\/revisions"}],"predecessor-version":[{"id":1374,"href":"https:\/\/prceu.usp.br\/residenciamulti\/wp-json\/wp\/v2\/pages\/213\/revisions\/1374"}],"wp:featuredmedia":[{"embeddable":true,"href":"https:\/\/prceu.usp.br\/residenciamulti\/wp-json\/wp\/v2\/media\/401"}],"wp:attachment":[{"href":"https:\/\/prceu.usp.br\/residenciamulti\/wp-json\/wp\/v2\/media?parent=213"}],"curies":[{"name":"wp","href":"https:\/\/api.w.org\/{rel}","templated":true}]}}