{"id":27,"date":"2018-02-20T08:07:42","date_gmt":"2018-02-20T11:07:42","guid":{"rendered":"http:\/\/prceu.usp.br\/residenciamulti\/?page_id=27"},"modified":"2018-08-13T11:27:37","modified_gmt":"2018-08-13T14:27:37","slug":"normas-governamentais","status":"publish","type":"page","link":"https:\/\/prceu.usp.br\/residenciamulti\/normas-governamentais\/","title":{"rendered":"Normas Governamentais"},"content":{"rendered":"<div id=\"fb-root\"><\/div>\n<h6 style=\"text-align: center;\"><span style=\"color: #ff6600;\"><strong>LEIS<\/strong><\/span><\/h6>\n<p>&nbsp;<\/p>\n<p><a href=\"http:\/\/www.planalto.gov.br\/ccivil_03\/_ato2004-2006\/2005\/lei\/l11129.htm\" target=\"_blank\" rel=\"noopener\">Lei n\u00ba 11.129, de 30\/06\/2005<\/a> &#8211;\u00a0Institui a Resid\u00eancia\u00a0em \u00c1rea Profissional de Sa\u00fade\u00a0e cria\u00a0a Comiss\u00e3o Nacional de Resid\u00eancia Multiprofissional em Sa\u00fade &#8211;\u00a0CNRMS.<\/p>\n<p>&nbsp;<\/p>\n<h6 style=\"text-align: center;\"><span style=\"color: #ff6600;\"><strong>PORTARIAS<\/strong><\/span><\/h6>\n<p>&nbsp;<\/p>\n<p><a href=\"http:\/\/www.cremesp.org.br\/library\/modulos\/legislacao\/versao_impressao.php?id=6267\" target=\"_blank\" rel=\"noopener\">Portaria Interministerial (MEC\/MS) n\u00ba 2117, de 03\/11\/2005<\/a> &#8211; Institui, no \u00e2mbito dos Minist\u00e9rios da Sa\u00fade e da Educa\u00e7\u00e3o, a\u00a0Resid\u00eancia Multiprofissional em Sa\u00fade\u00a0e d\u00e1 outras provid\u00eancias.<\/p>\n<p>&nbsp;<\/p>\n<p><a href=\"http:\/\/portal.mec.gov.br\/index.php?option=com_docman&amp;view=download&amp;alias=15462-por-1077-12nov-2009&amp;Itemid=30192\" target=\"_blank\" rel=\"noopener\">Portaria Interministerial (MEC\/MS) n\u00ba 1077, de 12\/11\/2009<\/a> &#8211;\u00a0Disp\u00f5e sobre a\u00a0Resid\u00eancia Multiprofissional em Sa\u00fade e a Resid\u00eancia em \u00c1rea Profissional da Sa\u00fade e institui o\u00a0Programa Nacional de Bolsas\u00a0para Resid\u00eancias Multiprofissionais e em \u00c1rea Profissional da Sa\u00fade e a\u00a0Comiss\u00e3o Nacional de Resid\u00eancia Multiprofissional em Sa\u00fade.<\/p>\n<p>&nbsp;<\/p>\n<p><a href=\"http:\/\/portalarquivos2.saude.gov.br\/images\/pdf\/2015\/janeiro\/08\/portaria-MEC-16-22122014.pdf\" target=\"_blank\" rel=\"noopener\">Portaria Interministerial (MEC\/MS) n\u00ba 16, de 22\/12\/2014<\/a> &#8211; Atualiza o processo de designa\u00e7\u00e3o dos membros da Comiss\u00e3o Nacional de Resid\u00eancia Multiprofissional em Sa\u00fade (CNRMS) e inclui \u00e1reas profissionais para a realiza\u00e7\u00e3o de Programas de Resid\u00eancia Multiprofissional e em \u00c1rea Profissional da Sa\u00fade.<\/p>\n<p>&nbsp;<\/p>\n<h6 style=\"text-align: center;\"><span style=\"color: #ff6600;\"><strong>RESOLU\u00c7\u00d5ES DA CNRMS<\/strong><\/span><\/h6>\n<p>&nbsp;<\/p>\n<p><a href=\"http:\/\/portal.mec.gov.br\/index.php?option=com_docman&amp;view=download&amp;alias=81401-sesu-resolucao-n-2-pdf&amp;category_slug=janeiro-2018-pdf&amp;Itemid=30192\" target=\"_blank\" rel=\"noopener\">Resolu\u00e7\u00e3o CNRMS n\u00ba 02, de 27\/12\/2017<\/a> &#8211;\u00a0Disp\u00f5e sobre a transfer\u00eancia dos profissionais residentes de Programas de Resid\u00eancia em \u00c1rea Profissional da Sa\u00fade no Brasil\u201d, no Portal do MEC em \u201cLegisla\u00e7\u00e3o Espec\u00edfica.<\/p>\n<p>&nbsp;<\/p>\n<p><a href=\"http:\/\/portal.mec.gov.br\/index.php?option=com_docman&amp;view=download&amp;alias=81391-sesu-resolucao-n-1-pdf&amp;category_slug=janeiro-2018-pdf&amp;Itemid=30192\" target=\"_blank\" rel=\"noopener\">Resolu\u00e7\u00e3o CNRMS n\u00ba 01, de 27\/12\/2017<\/a> &#8211;\u00a0Disp\u00f5e sobre o n\u00famero de Programas da Resid\u00eancia em \u00c1rea Profissional da Sa\u00fade, nas modalidades multiprofissional e uniprofissional, cursados por egressos de programas.<\/p>\n<p>&nbsp;<\/p>\n<p><a href=\"http:\/\/pesquisa.in.gov.br\/imprensa\/jsp\/visualiza\/index.jsp?jornal=1&amp;pagina=16&amp;data=22\/07\/2015\" target=\"_blank\" rel=\"noopener\">Resolu\u00e7\u00e3o CNRMS n\u00ba 01, de 21\/07\/2015<\/a> &#8211;\u00a0Disp\u00f5e sobre a organiza\u00e7\u00e3o, o funcionamento e as atribui\u00e7\u00f5es da Comiss\u00e3o de Resid\u00eancia Multiprofissional (COREMU) das institui\u00e7\u00f5es que ofertam programas de resid\u00eancia em \u00e1rea profissional da sa\u00fade na modalidade multiprofissional e uniprofissional.<\/p>\n<p>&nbsp;<\/p>\n<p><a href=\"http:\/\/pesquisa.in.gov.br\/imprensa\/jsp\/visualiza\/index.jsp?jornal=1&amp;pagina=34&amp;data=10\/11\/2014\" target=\"_blank\" rel=\"noopener\">Resolu\u00e7\u00e3o CNRMS n\u00ba 05, de 07\/11\/2014<\/a> &#8211;\u00a0Disp\u00f5e sobre a\u00a0dura\u00e7\u00e3o e a carga hor\u00e1ria dos Programas de Resid\u00eancia em \u00c1rea Profissional da Sa\u00fade\u00a0nas modalidades multiprofissional e uniprofissional e sobre a avalia\u00e7\u00e3o e frequ\u00eancia dos profissionais de sa\u00fade residentes.<\/p>\n<p>&nbsp;<\/p>\n<p><a href=\"http:\/\/portal.mec.gov.br\/index.php?option=com_docman&amp;view=download&amp;alias=15469-resol-3abril-2012&amp;Itemid=30192\" target=\"_blank\" rel=\"noopener\">Resolu\u00e7\u00e3o CNRMS n\u00ba 03, de 16\/04\/2012<\/a> &#8211;\u00a0Disp\u00f5e sobre a data de in\u00edcio dos\u00a0 programas de Resid\u00eancia Multiprofissional em Sa\u00fade e dos Programas de Resid\u00eancia em \u00c1rea Profissional da Sa\u00fade, preenchimentos de vagas e desist\u00eancias.<\/p>\n<p>&nbsp;<\/p>\n<p><a href=\"http:\/\/portal.mec.gov.br\/index.php?option=com_docman&amp;view=download&amp;alias=15448-resol-cnrms-n2-13abril-2012&amp;Itemid=30192\" target=\"_blank\" rel=\"noopener\">Resolu\u00e7\u00e3o CNRMS n\u00ba 02, de 13\/04\/2012<\/a> &#8211;\u00a0Disp\u00f5e sobre Diretrizes Gerais para os Programas de Resid\u00eancia Multiprofissional e em Profissional de Sa\u00fade.<\/p>\n<p>&nbsp;<\/p>\n<h6 style=\"text-align: center;\"><span style=\"color: #ff6600;\"><strong>DESPACHOS ORIENTADORES DA CNRMS<\/strong><\/span><\/h6>\n<p>&nbsp;<\/p>\n<p><a href=\"http:\/\/portal.mec.gov.br\/index.php?option=com_docman&amp;view=download&amp;alias=18064-orientacao-de-cumprimento-de-carga-horaria-almoco&amp;category_slug=agosto-2015-pdf&amp;Itemid=30192\" target=\"_blank\" rel=\"noopener\">Despacho Orientador sobre Almo\u00e7o<\/a><\/p>\n<p><a href=\"http:\/\/portal.mec.gov.br\/index.php?option=com_docman&amp;view=download&amp;alias=17389-despacho-orientador-cumprimento-carga-horaria&amp;category_slug=abril-2015-pdf&amp;Itemid=30192\" target=\"_blank\" rel=\"noopener\">Despacho Orientador sobre Cumprimento da Carga Hor\u00e1ria<\/a><\/p>\n<p><a href=\"http:\/\/portal.mec.gov.br\/index.php?option=com_docman&amp;view=download&amp;alias=45511-despacho-orientador-concomitancia-cursar-residencia-e-outra-pos-graduacao-pdf&amp;category_slug=junho-2016-pdf&amp;Itemid=30192\" target=\"_blank\" rel=\"noopener\">Despacho Orientador sobre cursar a Resid\u00eancia em concomit\u00e2ncia com outras atividades<\/a><\/p>\n<p><a href=\"http:\/\/portal.mec.gov.br\/index.php?option=com_docman&amp;view=download&amp;alias=48251-despacho-orientador-sobre-estagio-optativo-pdf&amp;category_slug=setembro-2016-pdf&amp;Itemid=30192\" target=\"_blank\" rel=\"noopener\">Despacho Orientador sobre Est\u00e1gios Eletivos\/Opcionais<\/a><\/p>\n<p><a href=\"http:\/\/portal.mec.gov.br\/index.php?option=com_docman&amp;view=download&amp;alias=45491-despacho-orientador-expedicao-de-certificados-pdf&amp;category_slug=julho-2016-pdf&amp;Itemid=30192\" target=\"_blank\" rel=\"noopener\">Despacho Orientador sobre Expedi\u00e7\u00e3o de Certificados<\/a><\/p>\n<p><a href=\"http:\/\/portal.mec.gov.br\/index.php?option=com_docman&amp;view=download&amp;alias=7832-despacho-orientador-sesu-pdf&amp;category_slug=abril-2011-pdf&amp;Itemid=30192\" target=\"_blank\" rel=\"noopener\">Despacho Orientador sobre Processos Seletivos<\/a><\/p>\n<p><a href=\"http:\/\/portal.mec.gov.br\/index.php?option=com_docman&amp;view=download&amp;alias=9519-despacho-orientador-fluxograma-trancamento&amp;Itemid=30192\" target=\"_blank\" rel=\"noopener\">Despacho Orientador sobre Trancamentos e Desligamentos<\/a><\/p>\n<p>&nbsp;<\/p>\n<h6 style=\"text-align: center;\"><span style=\"color: #ff6600;\"><strong>PARECERES<\/strong><\/span><\/h6>\n<p>&nbsp;<\/p>\n<p><a href=\"http:\/\/prceu.usp.br\/residenciamulti\/wp-content\/uploads\/2018\/06\/Parecer-do-Minist\u00e9rio-da-Fazenda-IRPF-sobre-a-bolsa-de-resid\u00eancia.pdf\">Parecer do Minist\u00e9rio da Fazenda &#8211; IRPF sobre a bolsa de resid\u00eancia<\/a><\/p>\n<p>&nbsp;<\/p>\n<p>&nbsp;<\/p>\n","protected":false},"excerpt":{"rendered":"<p>LEIS &nbsp; Lei n\u00ba 11.129, de 30\/06\/2005 &#8211;\u00a0Institui a Resid\u00eancia\u00a0em \u00c1rea Profissional de Sa\u00fade\u00a0e cria\u00a0a Comiss\u00e3o Nacional de Resid\u00eancia Multiprofissional em Sa\u00fade &#8211;\u00a0CNRMS. &nbsp; PORTARIAS &nbsp; Portaria Interministerial (MEC\/MS) n\u00ba 2117, de 03\/11\/2005 &#8211; Institui, no \u00e2mbito dos Minist\u00e9rios da Sa\u00fade e da Educa\u00e7\u00e3o, a\u00a0Resid\u00eancia Multiprofissional em Sa\u00fade\u00a0e d\u00e1 outras [&hellip;]<\/p>\n","protected":false},"author":6,"featured_media":521,"parent":0,"menu_order":0,"comment_status":"closed","ping_status":"closed","template":"page-templates\/template-fullwidth.php","meta":{"footnotes":""},"class_list":["post-27","page","type-page","status-publish","has-post-thumbnail","hentry"],"_links":{"self":[{"href":"https:\/\/prceu.usp.br\/residenciamulti\/wp-json\/wp\/v2\/pages\/27","targetHints":{"allow":["GET"]}}],"collection":[{"href":"https:\/\/prceu.usp.br\/residenciamulti\/wp-json\/wp\/v2\/pages"}],"about":[{"href":"https:\/\/prceu.usp.br\/residenciamulti\/wp-json\/wp\/v2\/types\/page"}],"author":[{"embeddable":true,"href":"https:\/\/prceu.usp.br\/residenciamulti\/wp-json\/wp\/v2\/users\/6"}],"replies":[{"embeddable":true,"href":"https:\/\/prceu.usp.br\/residenciamulti\/wp-json\/wp\/v2\/comments?post=27"}],"version-history":[{"count":9,"href":"https:\/\/prceu.usp.br\/residenciamulti\/wp-json\/wp\/v2\/pages\/27\/revisions"}],"predecessor-version":[{"id":710,"href":"https:\/\/prceu.usp.br\/residenciamulti\/wp-json\/wp\/v2\/pages\/27\/revisions\/710"}],"wp:featuredmedia":[{"embeddable":true,"href":"https:\/\/prceu.usp.br\/residenciamulti\/wp-json\/wp\/v2\/media\/521"}],"wp:attachment":[{"href":"https:\/\/prceu.usp.br\/residenciamulti\/wp-json\/wp\/v2\/media?parent=27"}],"curies":[{"name":"wp","href":"https:\/\/api.w.org\/{rel}","templated":true}]}}