{"id":441,"date":"2018-06-08T15:45:59","date_gmt":"2018-06-08T18:45:59","guid":{"rendered":"http:\/\/prceu.usp.br\/residenciamulti\/?page_id=441"},"modified":"2024-04-12T09:07:18","modified_gmt":"2024-04-12T12:07:18","slug":"441-2","status":"publish","type":"page","link":"https:\/\/prceu.usp.br\/residenciamulti\/441-2\/","title":{"rendered":"Contatos Importantes"},"content":{"rendered":"<div id=\"fb-root\"><\/div>\n<h6 style=\"text-align: center;\"><span style=\"color: #ff6600;\"><strong>U N I V E R S I D A D E\u00a0 \u00a0 \u00a0D E\u00a0 \u00a0 \u00a0S \u00c3 O\u00a0 \u00a0 \u00a0P A U L O\u00a0<\/strong><\/span><\/h6>\n<p><strong><span style=\"color: #000080;\">COREMU \u2013 USP (PRCEU)<\/span><\/strong><\/p>\n<p>E-mail: <a href=\"mailto:coremusp@usp.br\">coremusp@usp.br<\/a><\/p>\n<p><span style=\"color: #000080;\"><span><strong>Pr\u00f3-Reitoria de Inclus\u00e3o e Pertencimento (PRIP)<\/strong>\u00a0<\/span> &#8211;<\/span> <a href=\"https:\/\/prip.usp.br\/\" target=\"_blank\" rel=\"noopener\"><em>Acesse o site<\/em><\/a><\/p>\n<p>Sess\u00e3o de Passe Escolar<\/p>\n<p>Tel: <span>(11) 2648-1863 \/ 2648-1865<\/span><\/p>\n<p>E-mail: <a href=\"mailto:dpse.prip@usp.br\">spe.prip@usp.br<\/a><\/p>\n<p><strong><span style=\"color: #000080;\">Ouvidoria da USP<\/span><\/strong><\/p>\n<p>Tel: (11) 3091-2074<\/p>\n<p><em><a href=\"http:\/\/www5.usp.br\/institucional\/a-usp\/ouvidoria\/fale-com-a-ouvidoria\/\" target=\"_blank\" rel=\"noopener\">Fale com a Ouvidoria<\/a><\/em><\/p>\n<p style=\"text-align: left;\"><span style=\"color: #ff6600;\"><strong>Comiss\u00f5es de Cultura e Extens\u00e3o (CCEx)<\/strong><\/span><\/p>\n<p style=\"text-align: left;\"><strong>\u00a0<\/strong><strong><span style=\"color: #000080;\">Escola de Enfermagem (EE)<\/span><\/strong><\/p>\n<p style=\"text-align: left;\">Tel: (11) 3061-7531 | E-mail: <a href=\"mailto:residenciaee@usp.br\">residenciaee@usp.br<\/a><\/p>\n<p style=\"text-align: left;\"><strong><span style=\"color: #000080;\">Faculdade de Ci\u00eancias Farmac\u00eauticas (FCF)<\/span><\/strong><\/p>\n<p style=\"text-align: left;\">Tel: (11) 3091-0508 | E-mail: <a href=\"mailto:ccexfcf@usp.br\">ccexfcf@usp.br<\/a><\/p>\n<p style=\"text-align: left;\"><strong><span style=\"color: #000080;\">Faculdade de Medicina (FM)<\/span><\/strong><\/p>\n<p style=\"text-align: left;\">Tel: (11) 3061-7454 | E-mail: <a href=\"mailto:ccexfm@usp.br\">ccexfm@usp.br<\/a><\/p>\n<p style=\"text-align: left;\"><strong><span style=\"color: #000080;\">Faculdade de Medicina Veterin\u00e1ria e Zootecnia (FMVZ)<\/span><\/strong><\/p>\n<p style=\"text-align: left;\">Tel: (11) 3091-1358 | E-mail: <a href=\"mailto:ccexfmvz@usp.br\">ccexfmvz@usp.br<\/a><\/p>\n<p style=\"text-align: left;\"><strong><span style=\"color: #000080;\">Faculdade de Odontologia (FO)<\/span><\/strong><\/p>\n<p style=\"text-align: left;\">Tel: (11) 3091-0888 | E-mail: <a href=\"mailto:ccexfo@usp.br\">ccexfo@usp.br<\/a><\/p>\n<p style=\"text-align: left;\"><strong><span style=\"color: #000080;\">Faculdade de Odontologia de Ribeir\u00e3o Preto (FORP)<\/span><\/strong><\/p>\n<p style=\"text-align: left;\">Tel: (16) 3315-4129 | E-mail: <a href=\"mailto:ccex@forp.usp.br\">ccex@forp.usp.br<\/a><\/p>\n<p style=\"text-align: left;\"><strong><span style=\"color: #000080;\">Faculdade de Zootecnia e Engenharia de Alimentos (FZEA) \u2013 Pirassununga\/SP<\/span><\/strong><\/p>\n<p style=\"text-align: left;\">Tel: (19) 3565-6898 \/ (19) 3565-4254 | E-mail: <a href=\"mailto:ccexfzea@usp.br\">ccexfzea@usp.br<\/a><\/p>\n<p style=\"text-align: left;\"><strong><span style=\"color: #000080;\">Hospital de Reabilita\u00e7\u00e3o de Anomalias Craniofaciais (HRAC) \u2013 Bauru\/SP<\/span><\/strong><\/p>\n<p style=\"text-align: left;\">Tel: (14) 3235-8420 | E-mail: <a href=\"mailto:saac@usp.br\">saac@usp.br<\/a><\/p>\n<hr \/>\n<h6 style=\"text-align: center;\"><span style=\"color: #ff6600;\"><strong>\u00d3 R G \u00c3 O S\u00a0 \u00a0 \u00a0G O V E R N A M E N T A I S<\/strong><\/span><\/h6>\n<p><span style=\"color: #ff6600;\"><strong>MINIST\u00c9RIO DA SA\u00daDE:\u00a0<\/strong><\/span><\/p>\n<p><strong><span style=\"color: #000080;\">Editais<\/span><\/strong><\/p>\n<p>E-mail: edital-residencia@saude.gov.b<wbr \/>r<\/p>\n<p><strong><span style=\"color: #000080;\">Pagamentos e Compensa\u00e7\u00e3o de Carga Hor\u00e1ria<\/span><\/strong><\/p>\n<p>E-mail: pagamento.residencias@saude.gov.br<\/p>\n<p><strong><span style=\"color: #000080;\">Transfer\u00eancias:<\/span><\/strong><\/p>\n<p>E-mail: <a href=\"mailto:residenciamultiprofissional@mec.gov.br\">transferencias.residencias@saude.gov.br<\/a><\/p>\n<p><strong><span style=\"color: #000080;\">Er\u00e1rio<\/span><\/strong><\/p>\n<p>E-mail: erario.residencia@saude.gov.<\/p>\n<p><strong><span style=\"color: #000080;\">INSS<\/span><\/strong><\/p>\n<p>E-mail: residenciainss@saude.gov.br<\/p>\n<p><strong><span style=\"color: #000080;\">Demais Assuntos<\/span><\/strong><\/p>\n<p>E-mail: residencias@saude.gov.br<\/p>\n<p>Telefones: (61) 3315-3959 \/ 6289<\/p>\n<p style=\"font-weight: 400;\">SIGRESIDENCIAS<\/p>\n<p style=\"font-weight: 400;\"><a href=\"https:\/\/sigresidencias.saude.gov.br\/login\" data-saferedirecturl=\"https:\/\/www.google.com\/url?q=https:\/\/sigresidencias.saude.gov.br\/login&amp;source=gmail&amp;ust=1690304092101000&amp;usg=AOvVaw2SEEnvLJDosetTOKQ5_JH_\" target=\"_blank\" rel=\"noopener\">https:\/\/sigresidencias.saude.gov.br\/login<\/a><\/p>\n<p style=\"font-weight: 400;\">No rodap\u00e9 do site ficam dispon\u00edveis o Manual, Perguntas Frequentes e o e-mail para contato sobre o sistema e assuntos gerais<\/p>\n<p style=\"font-weight: 400;\"><strong>Not\u00edcias sobre Resid\u00eancias em Sa\u00fade<\/strong><\/p>\n<p style=\"font-weight: 400;\"><a href=\"https:\/\/www.gov.br\/saude\/pt-br\/composicao\/sgtes\/degts\/residencias-em-saude\/noticias-sobre-residencias-em-saude\" data-saferedirecturl=\"https:\/\/www.google.com\/url?q=https:\/\/www.gov.br\/saude\/pt-br\/composicao\/sgtes\/degts\/residencias-em-saude\/noticias-sobre-residencias-em-saude&amp;source=gmail&amp;ust=1690304092101000&amp;usg=AOvVaw3bxbBmzf89F0srE6XjsnLp\" target=\"_blank\" rel=\"noopener\">https:\/\/www.gov.br\/saude\/pt-br\/composicao\/sgtes\/degts\/residencias-em-saude\/noticias-sobre-residencias-em-saude<\/a><\/p>\n<p><span style=\"color: #ff6600;\"><strong>MINIST\u00c9RIO DA EDUCA\u00c7\u00c3O:<br \/>\n<span style=\"color: #000080;\"><\/span><\/strong><\/span><\/p>\n<p><span style=\"color: #ff6600;\"><strong><span style=\"color: #000080;\">COMUNICADOS<br \/>\n<\/span><a href=\"https:\/\/www.gov.br\/mec\/pt-br\/acesso-a-informacao\/institucional\/secretarias\/secretaria-de-educacao-superior\/residencia-multiprofissional\/comunicados\" target=\"_blank\" rel=\"noopener\"><span style=\"color: #000080;\"><\/span><\/a><\/strong><\/span><a href=\"https:\/\/www.gov.br\/mec\/pt-br\/acesso-a-informacao\/institucional\/secretarias\/secretaria-de-educacao-superior\/residencia-multiprofissional\/comunicados\" target=\"_blank\" rel=\"noopener\">https:\/\/www.gov.br\/mec\/pt-br\/acesso-a-informacao\/institucional\/secretarias\/secretaria-de-educacao-superior\/residencia-multiprofissional\/comunicados<\/a><\/p>\n<p style=\"font-weight: 400;\">D\u00daVIDAS E INFORMA\u00c7\u00d5ES<\/p>\n<ul style=\"font-weight: 400;\">\n<li>D\u00favida a respeito de Legisla\u00e7\u00e3o Espec\u00edfica\u00a0 \u00a0<a href=\"mailto:residenciamultiprofissional@mec.gov.br\">residenciamultiprofissional@mec.gov.br<\/a><a href=\"mailto:residenciamultiprofissional@mec.gov.br\">\u00a0<\/a><\/li>\n<li>D\u00favidas a respeito de legisla\u00e7\u00e3o e para demais\u00a0informa\u00e7\u00f5es sobre a Resid\u00eancia Multiprofissional\u00a0\u00a0<a href=\"mailto:residenciamedica@mec.gov.br\">residenciamultiprofissional @mec.gov.br<\/a><\/li>\n<li>Documentos para aprecia\u00e7\u00e3o da Plen\u00e1ria da\u00a0CNRMs\u00a0\u00a0<a href=\"mailto:cnrms.documentos@mec.gov.br\">cnrms.documentos@mec.gov.br<\/a><\/li>\n<li>Den\u00fancias em face de irregularidades nos\u00a0Programas de MULTI e UNI profissional\u00a0\u00a0<a href=\"mailto:denunciacnrms@mec.gov.br\">denunciacnrms@mec.gov.br<\/a><\/li>\n<li>Solicita\u00e7\u00e3o de\u00a0 transfer\u00eancia da Resid\u00eancia\u00a0MULTI e UNI profissional\u00a0<a href=\"mailto:Cnrms.transferencia@mec.gov.br\">cnrms.transferencia@mec.gov.br<\/a><\/li>\n<li>D\u00favidas e informa\u00e7\u00f5es e envio de documentos a respeito de reconhecimento de programa de resid\u00eancia Uni e Multiprofissional\u00a0<a href=\"mailto:Reconhecimentocnrms@mec.gov.br\">reconhecimentocnrms@mec.gov.br<\/a><\/li>\n<\/ul>\n<ul style=\"font-weight: 400;\">\n<li>Solicita\u00e7\u00e3o de trancamento da Resid\u00eancia\u00a0MULTI e UNI profissional\u00a0<a href=\"mailto:Cnrms.trancamento@mec.gov.br\">cnrms.trancamento@mec.gov.br<\/a><\/li>\n<li>D\u00favidas e orienta\u00e7\u00f5es sobre o Sistema da\u00a0Comiss\u00e3o Nacional de Resid\u00eancia MULTI e UNI profissional\u00a0\u00a0<a href=\"mailto:suportesinar.multi@mec.gov.br\">suportesinar.multi@mec.gov.br<\/a><\/li>\n<li>D\u00favidas, informa\u00e7\u00f5es e envio de documentos relativos ao reconhecimento de Programas de Resid\u00eancia em \u00c1rea Profissional da Sa\u00fade- modalidades Uni e Multiprofissional<span>\u00a0<\/span><a href=\"mailto:Reconhecimentocnrms@mec.gov.br\">reconhecimentocnrms@mec.gov.br<\/a><\/li>\n<li>Envio da rela\u00e7\u00e3o de residentes egressos de Programas de Resid\u00eancia reconhecidos, para a emiss\u00e3o dos n\u00fameros de certifica\u00e7\u00e3o.\u00a0<a href=\"mailto:reconhecimentocnrms@mec.gov.br\">reconhecimentocnrms@mec.gov.br<\/a><\/li>\n<\/ul>\n","protected":false},"excerpt":{"rendered":"<p>U N I V E R S I D A D E\u00a0 \u00a0 \u00a0D E\u00a0 \u00a0 \u00a0S \u00c3 O\u00a0 \u00a0 \u00a0P A U L O\u00a0 COREMU \u2013 USP (PRCEU) E-mail: coremusp@usp.br Pr\u00f3-Reitoria de Inclus\u00e3o e Pertencimento (PRIP)\u00a0 &#8211; Acesse o site Sess\u00e3o de Passe Escolar Tel: (11) 2648-1863 \/ 2648-1865 [&hellip;]<\/p>\n","protected":false},"author":2,"featured_media":502,"parent":0,"menu_order":0,"comment_status":"closed","ping_status":"closed","template":"page-templates\/template-fullwidth.php","meta":{"footnotes":""},"class_list":["post-441","page","type-page","status-publish","has-post-thumbnail","hentry"],"_links":{"self":[{"href":"https:\/\/prceu.usp.br\/residenciamulti\/wp-json\/wp\/v2\/pages\/441","targetHints":{"allow":["GET"]}}],"collection":[{"href":"https:\/\/prceu.usp.br\/residenciamulti\/wp-json\/wp\/v2\/pages"}],"about":[{"href":"https:\/\/prceu.usp.br\/residenciamulti\/wp-json\/wp\/v2\/types\/page"}],"author":[{"embeddable":true,"href":"https:\/\/prceu.usp.br\/residenciamulti\/wp-json\/wp\/v2\/users\/2"}],"replies":[{"embeddable":true,"href":"https:\/\/prceu.usp.br\/residenciamulti\/wp-json\/wp\/v2\/comments?post=441"}],"version-history":[{"count":24,"href":"https:\/\/prceu.usp.br\/residenciamulti\/wp-json\/wp\/v2\/pages\/441\/revisions"}],"predecessor-version":[{"id":1341,"href":"https:\/\/prceu.usp.br\/residenciamulti\/wp-json\/wp\/v2\/pages\/441\/revisions\/1341"}],"wp:featuredmedia":[{"embeddable":true,"href":"https:\/\/prceu.usp.br\/residenciamulti\/wp-json\/wp\/v2\/media\/502"}],"wp:attachment":[{"href":"https:\/\/prceu.usp.br\/residenciamulti\/wp-json\/wp\/v2\/media?parent=441"}],"curies":[{"name":"wp","href":"https:\/\/api.w.org\/{rel}","templated":true}]}}