{"id":505,"date":"2018-06-12T13:33:42","date_gmt":"2018-06-12T16:33:42","guid":{"rendered":"http:\/\/prceu.usp.br\/residenciamulti\/?page_id=505"},"modified":"2021-02-19T11:25:59","modified_gmt":"2021-02-19T14:25:59","slug":"normas-usp","status":"publish","type":"page","link":"https:\/\/prceu.usp.br\/residenciamulti\/normas-usp\/","title":{"rendered":"Normas da USP"},"content":{"rendered":"<div id=\"fb-root\"><\/div>\n<p><a href=\"http:\/\/www.leginf.usp.br\/?resolucao=consolidada-resolucao-no-3745-de-19-de-outubro-de-1990\" target=\"_blank\" rel=\"noopener\">Resolu\u00e7\u00e3o USP n\u00ba 3745<\/a> &#8211; Regimento da Universidade de S\u00e3o Paulo.<\/p>\n<p><a href=\"http:\/\/www.leginf.usp.br\/?resolucao=resolucao-no-5940-de-26-de-julho-de-2011\" target=\"_blank\" rel=\"noopener\">Resolu\u00e7\u00e3o CoCEx n\u00ba 5940<\/a> &#8211; Regimento de Cultura e Extens\u00e3o Universit\u00e1ria.<\/p>\n<p><a href=\"http:\/\/www.leginf.usp.br\/?resolucao=resolucao-cocex-no-6629-de-23-de-setembro-de-2013\" target=\"_blank\" rel=\"noopener\">Resolu\u00e7\u00e3o CoCEx n\u00ba 6629<\/a> &#8211;&nbsp;Regulamenta as atividades de Resid\u00eancia, Pr\u00e1tica Profissionalizante e Programa de Atualiza\u00e7\u00e3o de Extens\u00e3o Universit\u00e1ria da Universidade de S\u00e3o Paulo e d\u00e1 outras provid\u00eancias.<\/p>\n<p><a href=\"http:\/\/www.fzea.usp.br\/wp-content\/uploads\/2015\/02\/Portaria-n%C2%BA-46-Trabalho-de-Conclus%C3%A3o-de-Resid%C3%AAncia.pdf\" target=\"_blank\" rel=\"noopener\">Portaria PRCEU n\u00ba 46<\/a> &#8211;&nbsp;&nbsp;Institui as normas para apresenta\u00e7\u00e3o do Trabalho&nbsp;de Conclus\u00e3o da Resid\u00eancia (TCR).<\/p>\n<p><a href=\"http:\/\/www.leginf.usp.br\/?resolucao=resolucao-cocex-cog-no-7497-de-09-de-abril-de-2018\" target=\"_blank\" rel=\"noopener\">Resolu\u00e7\u00e3o CoCEx-CoG n\u00ba 7497<\/a> &#8211;&nbsp;Regulamenta a disponibiliza\u00e7\u00e3o de trabalhos de conclus\u00e3o de curso ou outros trabalhos acad\u00eamicos equivalentes na Biblioteca Digital de Trabalhos Acad\u00eamicos da Universidade de S\u00e3o Paulo.<\/p>\n<p><a href=\"http:\/\/www.leginf.usp.br\/?portaria=consolidada-portaria-gr-no-5721-de-21-de-junho-de-2012\" target=\"_blank\" rel=\"noopener\">Portaria GR n\u00ba 5721<\/a> &#8211;&nbsp;Institui e disciplina a utiliza\u00e7\u00e3o do Fundo de Cobertura de Acidentes Pessoais no \u00e2mbito da Universidade de S\u00e3o Paulo.<\/p>\n<h6 style=\"text-align: center;\"><span style=\"color: #000080;\"><strong>Regimentos das unidades para as resid\u00eancias<\/strong><\/span><\/h6>\n<p><a href=\"http:\/\/www.ee.usp.br\/site\/dcms\/app\/webroot\/\/uploads\/arquivos\/regimentoresidencia.pdf\" target=\"_blank\" rel=\"noopener\">Escola de Enfermagem (EE)<\/a><\/p>\n<p><a href=\"http:\/\/www.fcf.usp.br\/arquivos\/cultura-e-extencao\/T%C3%8DTULO%201%20-%20Regimento_Residencia_Multiprofissional%20APROVADO%20PELA%20CONGREGA%C3%87%C3%83O%202014.pdf\" target=\"_blank\" rel=\"noopener\">Faculdade de Ci\u00eancias Farmac\u00eauticas (FCF)<\/a><\/p>\n<p><a href=\"http:\/\/prceu.usp.br\/residenciamulti\/wp-content\/uploads\/2018\/06\/Faculdade-de-Medicina-FM.pdf\">Faculdade de Medicina (FM)<\/a><\/p>\n<p><a href=\"https:\/\/site.hcrp.usp.br\/wp-content\/uploads\/2017\/08\/8ResMultiprofissional.pdf\" target=\"_blank\" rel=\"noopener\">Faculdade de Medicina de Ribeir\u00e3o Preto (FMRP)<\/a><\/p>\n<p><a href=\"http:\/\/www.hovet.fmvz.usp.br\/wp-content\/uploads\/2018\/03\/Regul-Resid-FMVZ-USP-2014.pdf\" target=\"_blank\" rel=\"noopener\">Faculdade de Medicina Veterin\u00e1ria e Zootecnia (FMVZ)<\/a><\/p>\n<p><a href=\"http:\/\/prceu.usp.br\/residenciamulti\/wp-content\/uploads\/2018\/06\/Faculdade-de-Odontologia-FO.pdf\">Faculdade de Odontologia (FO)<\/a><\/p>\n<p><a href=\"http:\/\/143.107.206.201\/images\/stories\/formccex\/residencia.pdf\">Faculdade de Odontologia de Ribeir\u00e3o Preto (FORP)<\/a><\/p>\n<p><a href=\"http:\/\/www.fzea.usp.br\/wp-content\/uploads\/2015\/02\/Regimento-do-Programa-de-Resid%C3%AAncia.pdf\" target=\"_blank\" rel=\"noopener\">Faculdade de Zootecnia e Engenharia de Alimentos (FZEA)<\/a><\/p>\n<p><a href=\"http:\/\/hrac.usp.br\/wp-content\/uploads\/2016\/09\/regimento_residencia_multiprofis_abr2013.pdf\" target=\"_blank\" rel=\"noopener\">Hospital de Reabilita\u00e7\u00e3o de Anomalias Craniofaciais (HRAC)<\/a><\/p>\n","protected":false},"excerpt":{"rendered":"<p>Resolu\u00e7\u00e3o USP n\u00ba 3745 &#8211; Regimento da Universidade de S\u00e3o Paulo. Resolu\u00e7\u00e3o CoCEx n\u00ba 5940 &#8211; Regimento de Cultura e Extens\u00e3o Universit\u00e1ria. Resolu\u00e7\u00e3o CoCEx n\u00ba 6629 &#8211;&nbsp;Regulamenta as atividades de Resid\u00eancia, Pr\u00e1tica Profissionalizante e Programa de Atualiza\u00e7\u00e3o de Extens\u00e3o Universit\u00e1ria da Universidade de S\u00e3o Paulo e d\u00e1 outras provid\u00eancias. Portaria [&hellip;]<\/p>\n","protected":false},"author":2,"featured_media":506,"parent":0,"menu_order":0,"comment_status":"closed","ping_status":"closed","template":"page-templates\/template-fullwidth.php","meta":{"footnotes":""},"class_list":["post-505","page","type-page","status-publish","has-post-thumbnail","hentry"],"_links":{"self":[{"href":"https:\/\/prceu.usp.br\/residenciamulti\/wp-json\/wp\/v2\/pages\/505","targetHints":{"allow":["GET"]}}],"collection":[{"href":"https:\/\/prceu.usp.br\/residenciamulti\/wp-json\/wp\/v2\/pages"}],"about":[{"href":"https:\/\/prceu.usp.br\/residenciamulti\/wp-json\/wp\/v2\/types\/page"}],"author":[{"embeddable":true,"href":"https:\/\/prceu.usp.br\/residenciamulti\/wp-json\/wp\/v2\/users\/2"}],"replies":[{"embeddable":true,"href":"https:\/\/prceu.usp.br\/residenciamulti\/wp-json\/wp\/v2\/comments?post=505"}],"version-history":[{"count":12,"href":"https:\/\/prceu.usp.br\/residenciamulti\/wp-json\/wp\/v2\/pages\/505\/revisions"}],"predecessor-version":[{"id":1085,"href":"https:\/\/prceu.usp.br\/residenciamulti\/wp-json\/wp\/v2\/pages\/505\/revisions\/1085"}],"wp:featuredmedia":[{"embeddable":true,"href":"https:\/\/prceu.usp.br\/residenciamulti\/wp-json\/wp\/v2\/media\/506"}],"wp:attachment":[{"href":"https:\/\/prceu.usp.br\/residenciamulti\/wp-json\/wp\/v2\/media?parent=505"}],"curies":[{"name":"wp","href":"https:\/\/api.w.org\/{rel}","templated":true}]}}