{"id":831,"date":"2018-10-17T14:44:47","date_gmt":"2018-10-17T17:44:47","guid":{"rendered":"http:\/\/prceu.usp.br\/residenciamulti\/?page_id=831"},"modified":"2024-04-12T15:12:34","modified_gmt":"2024-04-12T18:12:34","slug":"estagios-eletivos-opcionais","status":"publish","type":"page","link":"https:\/\/prceu.usp.br\/residenciamulti\/estagios-eletivos-opcionais\/","title":{"rendered":"Est\u00e1gios Eletivos\/Opcionais"},"content":{"rendered":"<div id=\"fb-root\"><\/div>\n<p>Segundo a Comiss\u00e3o Nacional de Resid\u00eancia Multiprofissional (CNRMS), os residentes que cursam o 2\u00ba ou o 3\u00ba ano podem realizar est\u00e1gios eletivos\/opcionais em outros programas de resid\u00eancia em \u00e1rea profissional da sa\u00fade. A USP possibilita que os residentes vinculados aos programas da universidade fa\u00e7am est\u00e1gios em outras institui\u00e7\u00f5es, bem como tamb\u00e9m recebemos, em nossos programas, residentes de institui\u00e7\u00f5es parceiras.<\/p>\n<p>Os est\u00e1gios constituem uma complementa\u00e7\u00e3o da forma\u00e7\u00e3o do residente e um incremento ao programa de resid\u00eancia em si. Devem ocorrer sempre de acordo com os interesses da coordena\u00e7\u00e3o e em alinhamento com o Projeto Pol\u00edtico Pedag\u00f3gico (PPP) do programa (homologado pela USP e pelos Minist\u00e9rios da Educa\u00e7\u00e3o e da Sa\u00fade, atrav\u00e9s da CNRMS). Ou seja, s\u00f3 \u00e9 poss\u00edvel a realiza\u00e7\u00e3o do est\u00e1gio quando este estiver previsto no PPP do programa de resid\u00eancia origin\u00e1rio e receptor do residente.<\/p>\n<p>Como o residente n\u00e3o tem sua bolsa interrompida, este dever\u00e1 perfazer as 60 (sessenta) horas semanais no transcorrer do est\u00e1gio e a carga hor\u00e1ria realizada no est\u00e1gio ser\u00e1 contabilizada na carga hor\u00e1ria total do programa ao qual o residente est\u00e1 vinculado. Toda a rela\u00e7\u00e3o de frequ\u00eancia e de avalia\u00e7\u00e3o deve ser enviada para o programa origin\u00e1rio do residente.<\/p>\n<p>Al\u00e9m disto, os est\u00e1gios dever\u00e3o ter como eixo norteador a valoriza\u00e7\u00e3o do Sistema \u00danico de Sa\u00fade (SUS) e das institui\u00e7\u00f5es p\u00fablicas, de acordo com o Despacho Orientador CNRMS.<\/p>\n<p><strong><u>\u00a0<\/u><\/strong><\/p>\n<p><strong><u>EST\u00c1GIOS DE AT\u00c9 30 DIAS \u2013 RESIDENTE EXTERNO \u00c0 USP<\/u><\/strong>:<\/p>\n<ol>\n<li><span style=\"font-size: 14pt;\">Escolher o Programa de Resid\u00eancia das Unidades abaixo:<\/span><\/li>\n<\/ol>\n<p><strong>\u00a0<\/strong><\/p>\n<p><strong>ESCOLA DE ENFERMAGEM<\/strong><\/p>\n<p><span style=\"font-size: 12pt;\">COMISS\u00c3O DE CULTURA E EXTENS\u00c3O UNIVERSIT\u00c1RIA<\/span><\/p>\n<p><span style=\"font-size: 12pt;\">Av. Dr. En\u00e9as de Carvalho Aguiar, 419, 1\u00ba andar, sala 102<\/span><\/p>\n<p><span style=\"font-size: 12pt;\">Cerqueira C\u00e9sar \u2013 S\u00e3o Paulo \u2013 SP<\/span><\/p>\n<p><span style=\"font-size: 12pt;\">CEP 05403-000<\/span><\/p>\n<p><span style=\"font-size: 12pt;\">Telefone: (11) 3061-7531<\/span><\/p>\n<p><span style=\"font-size: 12pt;\">E-mail: residenciaee@usp.br<\/span><\/p>\n<p>&nbsp;<\/p>\n<p><span style=\"font-size: 12pt;\">PROGRAMAS:<\/span><\/p>\n<ul>\n<li><span style=\"font-size: 12pt;\">Enfermagem em Sa\u00fade do Adulto e do Idoso<\/span><\/li>\n<li><span style=\"font-size: 12pt;\">Enfermagem na Sa\u00fade da Crian\u00e7a e do Adolescente<\/span><\/li>\n<li><span style=\"font-size: 12pt;\">Enfermagem Obst\u00e9trica (PRONAENF)<\/span><\/li>\n<\/ul>\n<p>&nbsp;<\/p>\n<p><strong>FACULDADE DE CI\u00caNCIAS FARMAC\u00caUTICAS<\/strong><\/p>\n<p><span style=\"font-size: 12pt;\">COMISS\u00c3O DE CULTURA E EXTENS\u00c3O UNIVERSIT\u00c1RIA<\/span><\/p>\n<p><span style=\"font-size: 12pt;\">Av. Prof. Lineu Prestes, 580 \u2013 Bl. 13A &#8211; Superior<\/span><\/p>\n<p><span style=\"font-size: 12pt;\">Cidade Universit\u00e1ria &#8211; S\u00e3o Paulo &#8211; SP<\/span><\/p>\n<p><span style=\"font-size: 12pt;\">CEP: 05508-900<\/span><\/p>\n<p><span style=\"font-size: 12pt;\">Telefone: (11) 3091-0508<\/span><\/p>\n<p><span style=\"font-size: 12pt;\">E-mail:ccexfcf@usp.br<\/span><\/p>\n<p>&nbsp;<\/p>\n<p>PROGRAMAS:<\/p>\n<ul>\n<li><span style=\"font-size: 12pt;\">Resid\u00eancia em \u00e1rea de Farm\u00e1cia Cl\u00ednica e Aten\u00e7\u00e3o Farmac\u00eautica<\/span><\/li>\n<\/ul>\n<p>&nbsp;<\/p>\n<p><strong>FACULDADE DE MEDICINA<\/strong><\/p>\n<p><span style=\"font-size: 12pt;\">COMISS\u00c3O DE CULTURA E EXTENS\u00c3O UNIVERSIT\u00c1RIA<\/span><\/p>\n<p><span style=\"font-size: 12pt;\">Av. Dr. Arnaldo, 455 \u2013 Sala 1301 \u2013 1\u00ba andar<\/span><\/p>\n<p><span style=\"font-size: 12pt;\">Cerqueira C\u00e9sar \u2013 S\u00e3o Paulo \u2013 SP<\/span><\/p>\n<p><span style=\"font-size: 12pt;\">CEP: 01246-903<\/span><\/p>\n<p><span style=\"font-size: 12pt;\">Telefones: (11) 3061-7454\/ 7185\/ 8550<\/span><\/p>\n<p><span style=\"font-size: 12pt;\">E-mail: ccexfm@usp.br<\/span><\/p>\n<p>&nbsp;<\/p>\n<p>PROGRAMAS:<\/p>\n<ul>\n<li><span style=\"font-size: 12pt;\">Assist\u00eancia Cardiorrespirat\u00f3ria<\/span><\/li>\n<li><span style=\"font-size: 12pt;\">Assist\u00eancia Farmac\u00eautica Hospitalar e Cl\u00ednica<\/span><\/li>\n<li><span style=\"font-size: 12pt;\">Cirurgia e Traumatologia Bucomaxilofacial<\/span><\/li>\n<li><span style=\"font-size: 12pt;\">Enfermagem em Sa\u00fade Mental e Psiqui\u00e1trica<\/span><\/li>\n<li><span style=\"font-size: 12pt;\">F\u00edsica M\u00e9dica<\/span><\/li>\n<li><span style=\"font-size: 12pt;\">Nutri\u00e7\u00e3o Cl\u00ednica em Cardiopneumologia<\/span><\/li>\n<li><span style=\"font-size: 12pt;\">Nutri\u00e7\u00e3o Cl\u00ednica em Gastroenterologia<\/span><\/li>\n<li><span style=\"font-size: 12pt;\">Odontologia Hospitalar &#8211; \u00c1rea de Concentra\u00e7\u00e3o: Disfun\u00e7\u00e3o Temporomandibular e Dor Orofacial<\/span><\/li>\n<li><span style=\"font-size: 12pt;\">Odontologia Hospitalar &#8211; \u00c1rea de Concentra\u00e7\u00e3o: Pacientes com Necessidades Especiais<\/span><\/li>\n<li><span style=\"font-size: 12pt;\">Preven\u00e7\u00e3o e Terap\u00eautica Cardiovascular<\/span><\/li>\n<li><span style=\"font-size: 12pt;\">Promo\u00e7\u00e3o da Sa\u00fade e Cuidado na Aten\u00e7\u00e3o Hospitalar<\/span><\/li>\n<li><span style=\"font-size: 12pt;\">Reabilita\u00e7\u00e3o de Pessoas com Defici\u00eancia F\u00edsica Incapacitante<\/span><\/li>\n<li><span style=\"font-size: 12pt;\">Sa\u00fade Coletiva e Aten\u00e7\u00e3o Prim\u00e1ria<\/span><\/li>\n<li><span style=\"font-size: 12pt;\">Sa\u00fade do Idoso em Cuidados Paliativos<\/span><\/li>\n<\/ul>\n<p><strong>FACULDADE DE MEDICINA VETERIN\u00c1RIA ZOOTECNIA<\/strong><\/p>\n<p><span style=\"font-size: 12pt;\">COMISS\u00c3O DE CULTURA E EXTENS\u00c3O UNIVERSIT\u00c1RIA<\/span><\/p>\n<p><span style=\"font-size: 12pt;\">Av. Prof. Dr. Orlando Marques de Paiva, 87<\/span><\/p>\n<p><span style=\"font-size: 12pt;\">Cidade Universit\u00e1ria &#8211; S\u00e3o Paulo &#8211; SP<\/span><\/p>\n<p><span style=\"font-size: 12pt;\">CEP: 05508-900<\/span><\/p>\n<p><span style=\"font-size: 12pt;\">Telefone: 3091-1358<\/span><\/p>\n<p><span style=\"font-size: 12pt;\">E-mail: ccexfmvz@usp.br<\/span><\/p>\n<p>&nbsp;<\/p>\n<p>PROGRAMAS:<\/p>\n<ul>\n<li><span style=\"font-size: 12pt;\">Anatomia Patol\u00f3gica<\/span><\/li>\n<li><span style=\"font-size: 12pt;\">Cl\u00ednica e Cirurgia de Grandes Animais<\/span><\/li>\n<li><span style=\"font-size: 12pt;\">Cl\u00ednicas M\u00e9dica e Cir\u00fargica de Pequenos Animais<\/span><\/li>\n<li><span style=\"font-size: 12pt;\">Diagn\u00f3stico por Imagem<\/span><\/li>\n<\/ul>\n<p>&nbsp;<\/p>\n<p><strong>FACULDADE DE ODONTOLOGIA<\/strong><\/p>\n<p><span style=\"font-size: 12pt;\">COMISS\u00c3O DE CULTURA E EXTENS\u00c3O UNIVERSIT\u00c1RIA<\/span><\/p>\n<p><span style=\"font-size: 12pt;\">Av. Prof. Lineu Prestes, 2227<\/span><\/p>\n<p><span style=\"font-size: 12pt;\">Cidade Universit\u00e1ria &#8211; S\u00e3o Paulo &#8211; SP<\/span><\/p>\n<p><span style=\"font-size: 12pt;\">CEP 05508-000<\/span><\/p>\n<p><span style=\"font-size: 12pt;\">Telefone: 3091.0888 e 3091-7903<\/span><\/p>\n<p><span style=\"font-size: 12pt;\">E-mail: ccexfo@usp.br<\/span><\/p>\n<p>&nbsp;<\/p>\n<p>PROGRAMA:<\/p>\n<ul>\n<li><span style=\"font-size: 12pt;\">Odontologia em Cirurgia e Traumatologia Bucomaxilofacial<\/span><\/li>\n<\/ul>\n<p>&nbsp;<\/p>\n<p><strong>FACULDADE DE ODONTOLOGIA DE RIBEIR\u00c3O PRETO<\/strong><\/p>\n<p><span style=\"font-size: 12pt;\">COMISS\u00c3O DE CULTURA E EXTENS\u00c3O UNIVERSIT\u00c1RIA<\/span><\/p>\n<p><span style=\"font-size: 12pt;\">Av. do Caf\u00e9, s\/n\u00ba<\/span><\/p>\n<p><span style=\"font-size: 12pt;\">Campus da USP \u2013 Ribeir\u00e3o Preto \u2013 SP CEP 14040-905<\/span><\/p>\n<p><span style=\"font-size: 12pt;\">Telefone: (16) 3315-4129 E-mail: ccex@forp.usp.br<\/span><\/p>\n<p>&nbsp;<\/p>\n<p>PROGRAMAS:<\/p>\n<ul>\n<li><span style=\"font-size: 12pt;\">Cirurgia e Traumatologia Buco-Maxilo-Faciais<\/span><\/li>\n<\/ul>\n<ul>\n<li><span style=\"font-size: 12pt;\">Resid\u00eancia Multiprofissional em Aten\u00e7\u00e3o Integral \u00e0 Sa\u00fade<\/span><\/li>\n<\/ul>\n<p><strong>FACULDADE DE ZOOTECNIA E ENGENHARIA DE ALIMENTOS<\/strong><\/p>\n<p><span style=\"font-size: 12pt;\">COMISS\u00c3O DE CULTURA E EXTENS\u00c3O UNIVERSIT\u00c1RIA<\/span><\/p>\n<p><span style=\"font-size: 12pt;\">Av. Duque de Caxias Norte, 225<\/span><\/p>\n<p><span style=\"font-size: 12pt;\">Pirassununga &#8211; SP<\/span><\/p>\n<p><span style=\"font-size: 12pt;\">CEP 13635-900<\/span><\/p>\n<p><span style=\"font-size: 12pt;\">Telefone: (19) 3565.4254<\/span><\/p>\n<p><span style=\"font-size: 12pt;\">E-mail: ccexfzea@usp.br<\/span><\/p>\n<p>&nbsp;<\/p>\n<p>PROGRAMA:<\/p>\n<ul>\n<li><span style=\"font-size: 12pt;\">Resid\u00eancia em Sa\u00fade Animal e Ambiental &#8211; \u00c1rea de Concentra\u00e7\u00e3o: Cl\u00ednica M\u00e9dica e Cir\u00fargica de Grandes Animais<\/span><\/li>\n<\/ul>\n<p>&nbsp;<\/p>\n<p><strong>HOSPITAL DE REABILITA\u00c7\u00c3O DE ANOMALIAS CRANIOFACIAIS<\/strong><\/p>\n<p><span style=\"font-size: 12pt;\">COMISS\u00c3O DE CULTURA E EXTENS\u00c3O UNIVERSIT\u00c1RIA<\/span><\/p>\n<p><span style=\"font-size: 12pt;\">Rua Silvio Marchione, 3-20<\/span><\/p>\n<p><span style=\"font-size: 12pt;\">Vila Universit\u00e1ria \u2013 Bauru \u2013 SP<\/span><\/p>\n<p><span style=\"font-size: 12pt;\">CEP 17012-900<\/span><\/p>\n<p><span style=\"font-size: 12pt;\">Telefone: (14) 3235-8420<\/span><\/p>\n<p><span style=\"font-size: 12pt;\">E-mail: saac@usp.br<\/span><\/p>\n<p>&nbsp;<\/p>\n<p>PROGRAMAS:<\/p>\n<ul>\n<li><span style=\"font-size: 12pt;\">Programa de Resid\u00eancia Multiprofissional em Sa\u00fade Auditiva<\/span><\/li>\n<li><span style=\"font-size: 12pt;\">Programa de Resid\u00eancia Multiprofissional em Sa\u00fade: S\u00edndromes e Anomalias Craniofaciais<\/span><\/li>\n<\/ul>\n<ol>\n<li><span style=\"font-size: 12pt;\">Enviar mensagem ao e-mail de contato, informando o nome do Programa de Resid\u00eancia de seu interesse e per\u00edodo para a sua realiza\u00e7\u00e3o,<\/span><\/li>\n<li><span style=\"font-size: 12pt;\">A Comiss\u00e3o de Cultura e Extens\u00e3o Universit\u00e1ria (CCEx) retransmitir\u00e1 a mensagem \u00e0 Coordena\u00e7\u00e3o do Programa,<\/span><\/li>\n<li><span style=\"font-size: 12pt;\">Caso a Coordena\u00e7\u00e3o do Programa aprove, solicitar\u00e1 ao interessado a seguinte documenta\u00e7\u00e3o:<\/span><\/li>\n<\/ol>\n<ul>\n<li><span style=\"font-size: 12pt;\"><strong>Formul\u00e1rio para<\/strong> <strong>residente vinculado \u00e0 USP: <em><a href=\"https:\/\/prceu.usp.br\/residenciamulti\/wp-content\/uploads\/2024\/01\/Formulario-residente-vinculado-a-USP-Download.docx\" target=\"_blank\" rel=\"noopener\">Download<\/a>\u00a0<\/em><\/strong><\/span><\/li>\n<li><span style=\"font-size: 12pt;\"><strong>Formul\u00e1rio para<\/strong> <strong>residente\u00a0 externo \u00e0 USP: <em><a href=\"https:\/\/prceu.usp.br\/residenciamulti\/wp-content\/uploads\/2024\/01\/Formulario-residente-externo-a-USP-Download.docx\">Download<\/a> \u00a0<\/em><\/strong><\/span><\/li>\n<li><span style=\"font-size: 12pt;\"><strong>Formul\u00e1rio <\/strong><strong>residentes entre programas USP: <a href=\"https:\/\/prceu.usp.br\/residenciamulti\/wp-content\/uploads\/2024\/01\/Formulario-residentes_entre_programas_USP.docx\" target=\"_blank\" rel=\"noopener\">Download<\/a>\u00a0<\/strong><\/span><\/li>\n<li><span style=\"font-size: 12pt;\"><strong>Plano de atividades a serem desenvolvidas no est\u00e1gio <\/strong><\/span><\/li>\n<li><span style=\"font-size: 12pt;\"><strong>Plano de frequ\u00eancia<\/strong> (como ser\u00e1 feito o controle),<\/span><\/li>\n<li><span style=\"font-size: 12pt;\"><strong>Plano de avalia\u00e7\u00e3o<\/strong>,<\/span><\/li>\n<li><span style=\"font-size: 12pt;\"><strong>Contrata\u00e7\u00e3o de seguro sa\u00fade\/acidentes<\/strong>(pelo residente, que dever\u00e1 necessariamente cobrir o per\u00edodo e os cen\u00e1rios de pr\u00e1tica onde o mesmo desenvolver\u00e1 as atividades durante o est\u00e1gio).<\/span><\/li>\n<\/ul>\n<p>O Fundo de Cobertura de Acidentes Pessoais da USP (normatizado pela Portaria GR n\u00ba 5.721, de 21\/06\/2012) s\u00f3 cobre os cen\u00e1rios de pr\u00e1tica abrangidos nos PPP\u2019s dos programas de resid\u00eancia da universidade;<\/p>\n<ul>\n<li><span style=\"font-size: 12pt;\"><strong>Conv\u00eanio entre a USP e a institui\u00e7\u00e3o<\/strong>\u2013 estes conv\u00eanios s\u00e3o iniciativas dos docentes USP, s\u00e3o realizados por meio de cada uma das Unidades da universidade e assinados por seu Diretor. Para maiores informa\u00e7\u00f5es, consultar a Comiss\u00e3o de Cultura e Extens\u00e3o Universit\u00e1ria da unidade sede do programa de resid\u00eancia.<\/span><\/li>\n<li><span style=\"font-size: 12pt;\"><strong>Termo de Compromisso de Est\u00e1gio<\/strong> \u2013 documento que estabelece as cl\u00e1usulas do Compromisso entre as partes e ser\u00e1 assinado pelo estagi\u00e1rio e o Diretor da Unidade.<\/span><\/li>\n<\/ul>\n<ol>\n<li><span style=\"font-size: 12pt;\">A documenta\u00e7\u00e3o assinada pela Dire\u00e7\u00e3o da Unidade ser\u00e1 encaminhada pela CCEx ao Setor de Conv\u00eanios para disponibiliz\u00e1-la no sistema e-Conv\u00eanios (em fase de implementa\u00e7\u00e3o), no sistema Conv\u00eanios USP,<\/span><\/li>\n<li><span style=\"font-size: 12pt;\">Ap\u00f3s o cadastro, a CCEx encaminhar\u00e1 a documenta\u00e7\u00e3o, bem como <strong>o <em>checklist da CCEx<\/em> para est\u00e1gio eletivo<\/strong>, devidamente datado e assinado por seu Presidente, \u00e0 PRCEU,<\/span><\/li>\n<li><span style=\"font-size: 12pt;\">A COREMU-USP registrar\u00e1 ci\u00eancia e devolver\u00e1 \u00e0 Unidade a documenta\u00e7\u00e3o, via e-conv\u00eanios (em fase de implementa\u00e7\u00e3o).<\/span><\/li>\n<\/ol>\n<p>Cabe destacar que a compet\u00eancia para autorizar a realiza\u00e7\u00e3o do est\u00e1gio \u00e9 da coordena\u00e7\u00e3o do programa, tendo em vista o compromisso com o servi\u00e7o no qual o residente est\u00e1 vinculado. O est\u00e1gio n\u00e3o \u00e9 um direito do residente e, em caso de negativa da realiza\u00e7\u00e3o do est\u00e1gio pela coordena\u00e7\u00e3o do programa, n\u00e3o cabe recurso algum a esta decis\u00e3o, j\u00e1 que a mesma tem esta prerrogativa.<\/p>\n<p>Como os encaminhamentos podem demorar, as requisi\u00e7\u00f5es devem ser feitas com, no m\u00ednimo, 6 (seis) meses de anteced\u00eancia em rela\u00e7\u00e3o \u00e0 realiza\u00e7\u00e3o do est\u00e1gio. Cabe destacar que as solicita\u00e7\u00f5es feitas diretamente \u00e0 COREMU \u2013 USP ser\u00e3o automaticamente remetidas aos coordenadores dos programas sem pr\u00e9via an\u00e1lise.<\/p>\n<p>Ao final, a institui\u00e7\u00e3o receptora do estagi\u00e1rio (USP ou institui\u00e7\u00e3o externa) dever\u00e1 gerar um relat\u00f3rio que conste as atividades desenvolvidas, a aferi\u00e7\u00e3o da frequ\u00eancia e as avalia\u00e7\u00f5es feitas, que dever\u00e3o, obrigatoriamente, estar em conson\u00e2ncia com os planos propostos antes da realiza\u00e7\u00e3o do est\u00e1gio. Este relat\u00f3rio dever\u00e1 ser enviado diretamente ao coordenador do programa origin\u00e1rio do residente.<\/p>\n<p>A USP n\u00e3o se responsabiliza por fornecer qualquer tipo de aux\u00edlio durante a realiza\u00e7\u00e3o do est\u00e1gio opcional, seja ele de alimenta\u00e7\u00e3o, de deslocamento, etc.<\/p>\n<p>&nbsp;<\/p>\n<p>&nbsp;<\/p>\n<p>&nbsp;<\/p>\n<p>&nbsp;<\/p>\n<p>&nbsp;<\/p>\n","protected":false},"excerpt":{"rendered":"<p>Segundo a Comiss\u00e3o Nacional de Resid\u00eancia Multiprofissional (CNRMS), os residentes que cursam o 2\u00ba ou o 3\u00ba ano podem realizar est\u00e1gios eletivos\/opcionais em outros programas de resid\u00eancia em \u00e1rea profissional da sa\u00fade. A USP possibilita que os residentes vinculados aos programas da universidade fa\u00e7am est\u00e1gios em outras institui\u00e7\u00f5es, bem como [&hellip;]<\/p>\n","protected":false},"author":2,"featured_media":0,"parent":0,"menu_order":0,"comment_status":"closed","ping_status":"closed","template":"","meta":{"footnotes":""},"class_list":["post-831","page","type-page","status-publish","hentry"],"_links":{"self":[{"href":"https:\/\/prceu.usp.br\/residenciamulti\/wp-json\/wp\/v2\/pages\/831","targetHints":{"allow":["GET"]}}],"collection":[{"href":"https:\/\/prceu.usp.br\/residenciamulti\/wp-json\/wp\/v2\/pages"}],"about":[{"href":"https:\/\/prceu.usp.br\/residenciamulti\/wp-json\/wp\/v2\/types\/page"}],"author":[{"embeddable":true,"href":"https:\/\/prceu.usp.br\/residenciamulti\/wp-json\/wp\/v2\/users\/2"}],"replies":[{"embeddable":true,"href":"https:\/\/prceu.usp.br\/residenciamulti\/wp-json\/wp\/v2\/comments?post=831"}],"version-history":[{"count":35,"href":"https:\/\/prceu.usp.br\/residenciamulti\/wp-json\/wp\/v2\/pages\/831\/revisions"}],"predecessor-version":[{"id":1356,"href":"https:\/\/prceu.usp.br\/residenciamulti\/wp-json\/wp\/v2\/pages\/831\/revisions\/1356"}],"wp:attachment":[{"href":"https:\/\/prceu.usp.br\/residenciamulti\/wp-json\/wp\/v2\/media?parent=831"}],"curies":[{"name":"wp","href":"https:\/\/api.w.org\/{rel}","templated":true}]}}