{"id":1098,"date":"2014-01-23T16:56:19","date_gmt":"2014-01-23T18:56:19","guid":{"rendered":"https:\/\/prceu.usp.br\/usp60\/?page_id=1098"},"modified":"2026-02-03T10:49:33","modified_gmt":"2026-02-03T13:49:33","slug":"mapa","status":"publish","type":"page","link":"https:\/\/prceu.usp.br\/usp60\/en\/mapa\/","title":{"rendered":"Mapa do site"},"content":{"rendered":"<ul>\n<li><strong>Home<\/strong>\n<ul>\n<li><a href=\"https:\/\/prceu.usp.br\/usp60\/objetivos\/\">Objetivos do programa<\/a><\/li>\n<li><a title=\"Apresenta\u00e7\u00e3o \u2013 Alunos\" href=\"https:\/\/prceu.usp.br\/usp60\/pagina-inicial\/objetivos\/apresentacao-alunos\/\">Carta de apresenta\u00e7\u00e3o<\/a><\/li>\n<li><a href=\"https:\/\/prceu.usp.br\/usp60\/regulamento\/\">Regulamento<\/a><\/li>\n<li><a href=\"https:\/\/prceu.usp.br\/usp60\/atividades\/\">Ver Atividades<\/a><\/li>\n<\/ul>\n<\/li>\n<\/ul>\n<ul>\n<li><strong>Atividades por Cidade<\/strong>\n<ul>\n<li><a href=\"https:\/\/prceu.usp.br\/usp60\/sao-paulo\/\">S\u00e3o Paulo<\/a><\/li>\n<li><a href=\"https:\/\/prceu.usp.br\/usp60\/bauru\/\">Bauru<\/a><\/li>\n<li><a href=\"https:\/\/prceu.usp.br\/usp60\/lorena\/\">Lorena<\/a><\/li>\n<li><a href=\"https:\/\/prceu.usp.br\/usp60\/piracicaba\/\">Piracicaba<\/a><\/li>\n<li><a href=\"https:\/\/prceu.usp.br\/usp60\/pirassununga\/\">Pirassununga<\/a><\/li>\n<li><a href=\"https:\/\/prceu.usp.br\/usp60\/sao-carlos\/\">S\u00e3o Carlos<\/a><\/li>\n<li><a href=\"https:\/\/prceu.usp.br\/usp60\/ribeirao-preto\/\">Ribeir\u00e3o Preto<\/a><\/li>\n<\/ul>\n<\/li>\n<\/ul>\n<ul>\n<li><strong>Suporte<\/strong>\n<ul>\n<li><a href=\"https:\/\/prceu.usp.br\/usp60\/fale-conosco\/\">Fale Conosco<\/a><\/li>\n<li><a href=\"https:\/\/prceu.usp.br\/usp60\/creditos\/\">Cr\u00e9ditos<\/a><\/li>\n<\/ul>\n<\/li>\n<\/ul>\n","protected":false},"excerpt":{"rendered":"<p>Home Objetivos do programa Carta de apresenta\u00e7\u00e3o Regulamento Ver Atividades Atividades por Cidade S\u00e3o Paulo Bauru Lorena Piracicaba Pirassununga S\u00e3o Carlos Ribeir\u00e3o Preto Suporte Fale Conosco Cr\u00e9ditos<\/p>\n","protected":false},"author":69,"featured_media":0,"parent":0,"menu_order":74,"comment_status":"closed","ping_status":"closed","template":"","meta":{"footnotes":""},"class_list":["post-1098","page","type-page","status-publish","hentry"],"_links":{"self":[{"href":"https:\/\/prceu.usp.br\/usp60\/en\/wp-json\/wp\/v2\/pages\/1098","targetHints":{"allow":["GET"]}}],"collection":[{"href":"https:\/\/prceu.usp.br\/usp60\/en\/wp-json\/wp\/v2\/pages"}],"about":[{"href":"https:\/\/prceu.usp.br\/usp60\/en\/wp-json\/wp\/v2\/types\/page"}],"author":[{"embeddable":true,"href":"https:\/\/prceu.usp.br\/usp60\/en\/wp-json\/wp\/v2\/users\/69"}],"replies":[{"embeddable":true,"href":"https:\/\/prceu.usp.br\/usp60\/en\/wp-json\/wp\/v2\/comments?post=1098"}],"version-history":[{"count":1,"href":"https:\/\/prceu.usp.br\/usp60\/en\/wp-json\/wp\/v2\/pages\/1098\/revisions"}],"predecessor-version":[{"id":35290,"href":"https:\/\/prceu.usp.br\/usp60\/en\/wp-json\/wp\/v2\/pages\/1098\/revisions\/35290"}],"wp:attachment":[{"href":"https:\/\/prceu.usp.br\/usp60\/en\/wp-json\/wp\/v2\/media?parent=1098"}],"curies":[{"name":"wp","href":"https:\/\/api.w.org\/{rel}","templated":true}]}}