{"id":754,"date":"2013-10-21T14:33:05","date_gmt":"2013-10-21T16:33:05","guid":{"rendered":"https:\/\/prceu.usp.br\/usp60\/?page_id=754"},"modified":"2026-02-25T11:57:00","modified_gmt":"2026-02-25T14:57:00","slug":"duvidas-fale-conosco","status":"publish","type":"page","link":"https:\/\/prceu.usp.br\/usp60\/en\/duvidas-fale-conosco\/","title":{"rendered":"D\u00favidas? Fale Conosco"},"content":{"rendered":"<span style=\"font-family: verdana, geneva; font-size: 18px;\">Use o formul\u00e1rio abaixo para enviar sua d\u00favida.<\/span><\/p>\n\n<div class=\"wpcf7 no-js\" id=\"wpcf7-f4-o1\" lang=\"pt-BR\" dir=\"ltr\" data-wpcf7-id=\"4\">\n<div class=\"screen-reader-response\"><p role=\"status\" aria-live=\"polite\" aria-atomic=\"true\"><\/p> <ul><\/ul><\/div>\n<form action=\"\/usp60\/en\/wp-json\/wp\/v2\/pages\/754#wpcf7-f4-o1\" method=\"post\" class=\"wpcf7-form init\" aria-label=\"Formul\u00e1rios de contato\" novalidate=\"novalidate\" data-status=\"init\">\n<fieldset class=\"hidden-fields-container\"><input type=\"hidden\" name=\"_wpcf7\" value=\"4\" \/><input type=\"hidden\" name=\"_wpcf7_version\" value=\"6.1.4\" \/><input type=\"hidden\" name=\"_wpcf7_locale\" value=\"pt_BR\" \/><input type=\"hidden\" name=\"_wpcf7_unit_tag\" value=\"wpcf7-f4-o1\" \/><input type=\"hidden\" name=\"_wpcf7_container_post\" value=\"0\" \/><input type=\"hidden\" name=\"_wpcf7_posted_data_hash\" value=\"\" \/>\n<\/fieldset>\n<p><strong>Programa USP 60+<\/strong>\n<\/p>\n<p>O oferecimento das atividades e inscri\u00e7\u00f5es s\u00e3o encontradas exclusivamente neste site.<br \/>\nPara d\u00favidas, sugest\u00f5es e cr\u00edticas escreva para nossa equipe:\n<\/p>\n<p><strong>Seu nome (obrigat\u00f3rio)<\/strong>\n<\/p>\n<p><input size=\"40\" maxlength=\"400\" class=\"wpcf7-form-control wpcf7-text wpcf7-validates-as-required\" aria-required=\"true\" aria-invalid=\"false\" value=\"\" type=\"text\" name=\"your-name\" \/>\n<\/p>\n<p><strong>Seu e-mail (obrigat\u00f3rio)<\/strong><strong><br \/>\n<input size=\"40\" maxlength=\"400\" class=\"wpcf7-form-control wpcf7-email wpcf7-validates-as-required wpcf7-text wpcf7-validates-as-email\" aria-required=\"true\" aria-invalid=\"false\" value=\"\" type=\"email\" name=\"email-3idade\" \/><br \/>\n<\/strong><strong>Assunto<\/strong><strong><br \/>\n<input size=\"40\" maxlength=\"400\" class=\"wpcf7-form-control wpcf7-text\" aria-invalid=\"false\" value=\"\" type=\"text\" name=\"your-subject\" \/><br \/>\n<\/strong><strong>escreva sua mensagem<\/strong><strong><br \/>\n<textarea cols=\"40\" rows=\"10\" maxlength=\"2000\" class=\"wpcf7-form-control wpcf7-textarea\" aria-invalid=\"false\" name=\"your-message\"><\/textarea><br \/>\n<input class=\"wpcf7-form-control wpcf7-submit has-spinner\" type=\"submit\" value=\"Enviar\" \/><\/strong>\n<\/p><div class=\"wpcf7-response-output\" aria-hidden=\"true\"><\/div>\n<\/form>\n<\/div>","protected":false},"excerpt":{"rendered":"<p>Use o formul\u00e1rio abaixo para enviar sua d\u00favida.<\/p>\n","protected":false},"author":69,"featured_media":0,"parent":0,"menu_order":81,"comment_status":"closed","ping_status":"closed","template":"","meta":{"footnotes":""},"class_list":["post-754","page","type-page","status-publish","hentry"],"_links":{"self":[{"href":"https:\/\/prceu.usp.br\/usp60\/en\/wp-json\/wp\/v2\/pages\/754","targetHints":{"allow":["GET"]}}],"collection":[{"href":"https:\/\/prceu.usp.br\/usp60\/en\/wp-json\/wp\/v2\/pages"}],"about":[{"href":"https:\/\/prceu.usp.br\/usp60\/en\/wp-json\/wp\/v2\/types\/page"}],"author":[{"embeddable":true,"href":"https:\/\/prceu.usp.br\/usp60\/en\/wp-json\/wp\/v2\/users\/69"}],"replies":[{"embeddable":true,"href":"https:\/\/prceu.usp.br\/usp60\/en\/wp-json\/wp\/v2\/comments?post=754"}],"version-history":[{"count":13,"href":"https:\/\/prceu.usp.br\/usp60\/en\/wp-json\/wp\/v2\/pages\/754\/revisions"}],"predecessor-version":[{"id":35408,"href":"https:\/\/prceu.usp.br\/usp60\/en\/wp-json\/wp\/v2\/pages\/754\/revisions\/35408"}],"wp:attachment":[{"href":"https:\/\/prceu.usp.br\/usp60\/en\/wp-json\/wp\/v2\/media?parent=754"}],"curies":[{"name":"wp","href":"https:\/\/api.w.org\/{rel}","templated":true}]}}