{"id":1092,"date":"2014-01-23T14:13:32","date_gmt":"2014-01-23T16:13:32","guid":{"rendered":"https:\/\/prceu.usp.br\/usp60\/?page_id=1092"},"modified":"2026-03-03T10:18:09","modified_gmt":"2026-03-03T13:18:09","slug":"creditos","status":"publish","type":"page","link":"https:\/\/prceu.usp.br\/usp60\/es\/creditos\/","title":{"rendered":"Cr\u00e9ditos"},"content":{"rendered":"<h4><strong>PR\u00d3-REITOR DE CULTURA E EXTENS\u00c3O UNIVERSIT\u00c1RIA<\/strong><br \/>\nProf\u00ba Dr. Am\u00e2ncio Jorge de Oliveira<\/h4>\n<h4><strong>PR\u00d3-REITOR ADJUNTO\u00a0 DE CULTURA E EXTENS\u00c3O UNIVERSIT\u00c1RIA<\/strong><br \/>\nProf\u00ba Dr. Iran Jos\u00e9 Oliveira Da Silva<\/h4>\n<p><strong>Conselho Consultivo<\/strong><\/p>\n<p>Eg\u00eddio Lima D\u00f3rea<br \/>\nJos\u00e9 Geraldo Massucato<br \/>\nMarco Antonio da Silva Ramos<br \/>\nMunira Hamud Mutran<br \/>\nNilson Jos\u00e9 Machado<br \/>\nYvone Primerano Mascarenhas<br \/>\nTherezinha Fram<br \/>\nWanda Costa Borgneth<br \/>\nSussumu Koguti<\/p>\n<p><strong>Coordena\u00e7\u00e3o Acad\u00eamica<\/strong><br \/>\nEg\u00eddio Lima D\u00f3rea<\/p>\n<p><strong>Vice-Coordena\u00e7\u00e3o Acad\u00eamica<\/strong><br \/>\nJos\u00e9 Moura Gon\u00e7alves Filho<\/p>\n<p><strong>Coordena\u00e7\u00e3o Executiva<\/strong><br \/>\nOlivia de Lucas Ferreira<\/p>\n<p><strong>Cat\u00e1logo do programa<\/strong><br \/>\nOlivia de Lucas Ferreira, Luiz Paulo Dionisio Xavier\u00a0 \u2013 Produ\u00e7\u00e3o e Organiza\u00e7\u00e3o<br \/>\nPaulo C\u00e9sar R. Filho \u2013 Revis\u00e3o<br \/>\nVer\u00f4nica Cristo \u2013 Supervis\u00e3o de Produ\u00e7\u00e3o Editorial<br \/>\nEduardo Junqueira \u2013 Identidade Visual e Editora\u00e7\u00e3o Eletr\u00f4nica<br \/>\nDante Daniel e Zenaide Fernandes \u2013 Formul\u00e1rios<\/p>\n<p><strong>Servi\u00e7o de Comunica\u00e7\u00e3o e Difus\u00e3o<\/strong><\/p>\n<p><strong>Webmaster<\/strong>\u00a0| Dante Daniel<br \/>\n<strong>Assistente de Conte\u00fado Web\u00a0<\/strong>| Zenaide Fernandes Albuquerque<br \/>\n<strong>Web designer<\/strong>\u00a0| Marina Novaes | William Akira |\u00a0Juliana de Andrade Iasi &amp;\u00a0Yasmin Regina Steltenpool<br \/>\n<strong>Web development<\/strong>| Michelly Kiemi &amp;\u00a0John Michael Lima da Silva","protected":false},"excerpt":{"rendered":"<p>PR\u00d3-REITOR DE CULTURA E EXTENS\u00c3O UNIVERSIT\u00c1RIA Prof\u00ba Dr. Am\u00e2ncio Jorge de Oliveira PR\u00d3-REITOR ADJUNTO\u00a0 DE CULTURA E EXTENS\u00c3O UNIVERSIT\u00c1RIA Prof\u00ba Dr. Iran Jos\u00e9 Oliveira Da Silva Conselho Consultivo Eg\u00eddio Lima D\u00f3rea Jos\u00e9 Geraldo Massucato Marco Antonio da Silva Ramos Munira Hamud Mutran Nilson Jos\u00e9 Machado Yvone Primerano Mascarenhas Therezinha Fram Wanda Costa Borgneth Sussumu Koguti [&hellip;]<\/p>\n","protected":false},"author":69,"featured_media":0,"parent":0,"menu_order":75,"comment_status":"closed","ping_status":"closed","template":"","meta":{"footnotes":""},"class_list":["post-1092","page","type-page","status-publish","hentry"],"_links":{"self":[{"href":"https:\/\/prceu.usp.br\/usp60\/es\/wp-json\/wp\/v2\/pages\/1092","targetHints":{"allow":["GET"]}}],"collection":[{"href":"https:\/\/prceu.usp.br\/usp60\/es\/wp-json\/wp\/v2\/pages"}],"about":[{"href":"https:\/\/prceu.usp.br\/usp60\/es\/wp-json\/wp\/v2\/types\/page"}],"author":[{"embeddable":true,"href":"https:\/\/prceu.usp.br\/usp60\/es\/wp-json\/wp\/v2\/users\/69"}],"replies":[{"embeddable":true,"href":"https:\/\/prceu.usp.br\/usp60\/es\/wp-json\/wp\/v2\/comments?post=1092"}],"version-history":[{"count":11,"href":"https:\/\/prceu.usp.br\/usp60\/es\/wp-json\/wp\/v2\/pages\/1092\/revisions"}],"predecessor-version":[{"id":35501,"href":"https:\/\/prceu.usp.br\/usp60\/es\/wp-json\/wp\/v2\/pages\/1092\/revisions\/35501"}],"wp:attachment":[{"href":"https:\/\/prceu.usp.br\/usp60\/es\/wp-json\/wp\/v2\/media?parent=1092"}],"curies":[{"name":"wp","href":"https:\/\/api.w.org\/{rel}","templated":true}]}}