{"id":11261,"date":"2019-11-04T21:37:14","date_gmt":"2019-11-04T23:37:14","guid":{"rendered":"https:\/\/prceu.usp.br\/?page_id=11261"},"modified":"2026-02-03T10:49:31","modified_gmt":"2026-02-03T13:49:31","slug":"revista-usp-integracao","status":"publish","type":"page","link":"https:\/\/prceu.usp.br\/usp60\/es\/revista-usp-integracao\/","title":{"rendered":"Revista USP INTEGRA\u00e7\u00e3o"},"content":{"rendered":"<blockquote><p>La nueva revista de la USP destaca las actividades dirigidas a la sociedad: las actividades culturales, los programas de relaci\u00f3n con la sociedad y los proyectos de extensi\u00f3n ser\u00e1n los lineamientos de la publicaci\u00f3n<\/p><\/blockquote>\n<p>En junio de 2019, el Rectorado de Cultura y Extensi\u00f3n Universitaria de la Universidad de S\u00e3o Paulo (PRCEU) lanz\u00f3 su nueva revista, <b>USP INTEGRA\u00e7\u00e3o<\/b>.<br \/>\nEl objetivo principal de la revista es proporcionar al p\u00fablico informaci\u00f3n sobre lo que la Universidad de S\u00e3o Paulo desarrolla en las \u00e1reas de cultura y extensi\u00f3n y lo que ofrece a la sociedad, buscando resaltar los puntos en los que esta interacci\u00f3n ocurre de una manera m\u00e1s relevante. Para ello, el proyecto fue formateado con un concepto gr\u00e1fico ligero y contempor\u00e1neo y con un lenguaje period\u00edstico y coloquial, que difiere de las publicaciones cient\u00edficas.<br \/>\n<span style=\"font-weight: 400;\">La revista est\u00e1 estructurada en secciones como<\/span><i><span style=\"font-weight: 400;\"> Reportagem de Capa<\/span><\/i><span style=\"font-weight: 400;\"> (Historia de Portada<\/span>), que traer\u00e1 noticias destacadas; <i><span style=\"font-weight: 400;\">Entrevista (<\/span><\/i>Entrevista), con responsables de actividades relevantes en el \u00e1rea; <i><span style=\"font-weight: 400;\">Reportagem (<\/span><\/i>Reportaje), retratando proyectos y acciones; <i><span style=\"font-weight: 400;\">Experi\u00eancias (<\/span><\/i>Experiencias), con reportajes en primera persona; <i><span style=\"font-weight: 400;\">Ensaio fotogr\u00e1fico <\/span><\/i><span style=\"font-weight: 400;\">(<\/span><span style=\"font-weight: 400;\">Sesi\u00f3n de fotos<\/span>), que trae im\u00e1genes de lugares que pueden ser visitados por el p\u00fablico; <i><span style=\"font-weight: 400;\">Perfil <\/span><\/i><span style=\"font-weight: 400;\">(<\/span><span style=\"font-weight: 400;\">Perfil), con detalles hist\u00f3ricos y el funcionamiento de diversos \u00f3rganos y programas;<\/span> y <span style=\"font-weight: 400;\"><em>O que \u00e9&#8230;<\/em> (<\/span>Qu\u00e9 es &#8230;) que da a conocer curiosidades y jerga.<br \/>\nPara la directora editorial de la revista, la profesora Margarida Maria Krohling Kunsch, el producto llena un vac\u00edo: &#8220;Esperamos que la revista sea un medio de interlocuci\u00f3n de nuestra universidad con los diversos actores involucrados en sus actividades finales, dentro o fuera de nuestros muros &#8220;, dice Kunsch, pro rectora de cultura y extensi\u00f3n universitaria. &#8220;Pretendemos democratizar las experiencias promovidas e implantadas en el \u00e1rea cultural y de extensi\u00f3n como una manera para que la Universidad rinda cuentas a la sociedad de las inversiones que ha recibido como una universidad p\u00fablica y gratuita&#8221;, se\u00f1ala.","protected":false},"excerpt":{"rendered":"<p>La nueva revista de la USP destaca las actividades dirigidas a la sociedad: las actividades culturales, los programas de relaci\u00f3n con la sociedad y los proyectos de extensi\u00f3n ser\u00e1n los lineamientos de la publicaci\u00f3n En junio de 2019, el Rectorado de Cultura y Extensi\u00f3n Universitaria de la Universidad de S\u00e3o Paulo (PRCEU) lanz\u00f3 su nueva [&hellip;]<\/p>\n","protected":false},"author":69,"featured_media":0,"parent":0,"menu_order":52,"comment_status":"closed","ping_status":"closed","template":"","meta":{"footnotes":""},"class_list":["post-11261","page","type-page","status-publish","hentry"],"_links":{"self":[{"href":"https:\/\/prceu.usp.br\/usp60\/es\/wp-json\/wp\/v2\/pages\/11261","targetHints":{"allow":["GET"]}}],"collection":[{"href":"https:\/\/prceu.usp.br\/usp60\/es\/wp-json\/wp\/v2\/pages"}],"about":[{"href":"https:\/\/prceu.usp.br\/usp60\/es\/wp-json\/wp\/v2\/types\/page"}],"author":[{"embeddable":true,"href":"https:\/\/prceu.usp.br\/usp60\/es\/wp-json\/wp\/v2\/users\/69"}],"replies":[{"embeddable":true,"href":"https:\/\/prceu.usp.br\/usp60\/es\/wp-json\/wp\/v2\/comments?post=11261"}],"version-history":[{"count":1,"href":"https:\/\/prceu.usp.br\/usp60\/es\/wp-json\/wp\/v2\/pages\/11261\/revisions"}],"predecessor-version":[{"id":35271,"href":"https:\/\/prceu.usp.br\/usp60\/es\/wp-json\/wp\/v2\/pages\/11261\/revisions\/35271"}],"wp:attachment":[{"href":"https:\/\/prceu.usp.br\/usp60\/es\/wp-json\/wp\/v2\/media?parent=11261"}],"curies":[{"name":"wp","href":"https:\/\/api.w.org\/{rel}","templated":true}]}}