{"id":19743,"date":"2021-03-12T15:30:11","date_gmt":"2021-03-12T18:30:11","guid":{"rendered":"https:\/\/prceu.usp.br\/usp60\/?page_id=19743"},"modified":"2026-02-03T10:49:30","modified_gmt":"2026-02-03T13:49:30","slug":"alcides-freire","status":"publish","type":"page","link":"https:\/\/prceu.usp.br\/usp60\/es\/alcides-freire\/","title":{"rendered":"(Portugu\u00eas do Brasil) Alcides Freire Melo"},"content":{"rendered":"<p class=\"qtranxs-available-languages-message qtranxs-available-languages-message-es\">Disculpa, pero esta entrada est\u00e1 disponible s\u00f3lo en <a href=\"https:\/\/prceu.usp.br\/usp60\/pb\/wp-json\/wp\/v2\/pages\/19743\" class=\"qtranxs-available-language-link qtranxs-available-language-link-pb\" title=\"Portugu\u00eas do Brasil\">Portugu\u00eas do Brasil<\/a>.<\/p>","protected":false},"excerpt":{"rendered":"<p>Disculpa, pero esta entrada est\u00e1 disponible s\u00f3lo en Portugu\u00eas do Brasil.<\/p>\n","protected":false},"author":73,"featured_media":19985,"parent":0,"menu_order":38,"comment_status":"closed","ping_status":"closed","template":"","meta":{"footnotes":""},"class_list":["post-19743","page","type-page","status-publish","has-post-thumbnail","hentry"],"_links":{"self":[{"href":"https:\/\/prceu.usp.br\/usp60\/es\/wp-json\/wp\/v2\/pages\/19743","targetHints":{"allow":["GET"]}}],"collection":[{"href":"https:\/\/prceu.usp.br\/usp60\/es\/wp-json\/wp\/v2\/pages"}],"about":[{"href":"https:\/\/prceu.usp.br\/usp60\/es\/wp-json\/wp\/v2\/types\/page"}],"author":[{"embeddable":true,"href":"https:\/\/prceu.usp.br\/usp60\/es\/wp-json\/wp\/v2\/users\/73"}],"replies":[{"embeddable":true,"href":"https:\/\/prceu.usp.br\/usp60\/es\/wp-json\/wp\/v2\/comments?post=19743"}],"version-history":[{"count":1,"href":"https:\/\/prceu.usp.br\/usp60\/es\/wp-json\/wp\/v2\/pages\/19743\/revisions"}],"predecessor-version":[{"id":35258,"href":"https:\/\/prceu.usp.br\/usp60\/es\/wp-json\/wp\/v2\/pages\/19743\/revisions\/35258"}],"wp:featuredmedia":[{"embeddable":true,"href":"https:\/\/prceu.usp.br\/usp60\/es\/wp-json\/wp\/v2\/media\/19985"}],"wp:attachment":[{"href":"https:\/\/prceu.usp.br\/usp60\/es\/wp-json\/wp\/v2\/media?parent=19743"}],"curies":[{"name":"wp","href":"https:\/\/api.w.org\/{rel}","templated":true}]}}