{"id":19815,"date":"2021-03-15T14:20:29","date_gmt":"2021-03-15T17:20:29","guid":{"rendered":"https:\/\/prceu.usp.br\/usp60\/?page_id=19815"},"modified":"2026-02-03T10:49:29","modified_gmt":"2026-02-03T13:49:29","slug":"edison-benedito-lopes-marcon","status":"publish","type":"page","link":"https:\/\/prceu.usp.br\/usp60\/es\/edison-benedito-lopes-marcon\/","title":{"rendered":"(Portugu\u00eas do Brasil) Edison Benedito Lopes Marcon"},"content":{"rendered":"<p class=\"qtranxs-available-languages-message qtranxs-available-languages-message-es\">Disculpa, pero esta entrada est\u00e1 disponible s\u00f3lo en <a href=\"https:\/\/prceu.usp.br\/usp60\/pb\/wp-json\/wp\/v2\/pages\/19815\" class=\"qtranxs-available-language-link qtranxs-available-language-link-pb\" title=\"Portugu\u00eas do Brasil\">Portugu\u00eas do Brasil<\/a>.<\/p>","protected":false},"excerpt":{"rendered":"<p>Disculpa, pero esta entrada est\u00e1 disponible s\u00f3lo en Portugu\u00eas do Brasil.<\/p>\n","protected":false},"author":73,"featured_media":19985,"parent":0,"menu_order":33,"comment_status":"closed","ping_status":"closed","template":"","meta":{"footnotes":""},"class_list":["post-19815","page","type-page","status-publish","has-post-thumbnail","hentry"],"_links":{"self":[{"href":"https:\/\/prceu.usp.br\/usp60\/es\/wp-json\/wp\/v2\/pages\/19815","targetHints":{"allow":["GET"]}}],"collection":[{"href":"https:\/\/prceu.usp.br\/usp60\/es\/wp-json\/wp\/v2\/pages"}],"about":[{"href":"https:\/\/prceu.usp.br\/usp60\/es\/wp-json\/wp\/v2\/types\/page"}],"author":[{"embeddable":true,"href":"https:\/\/prceu.usp.br\/usp60\/es\/wp-json\/wp\/v2\/users\/73"}],"replies":[{"embeddable":true,"href":"https:\/\/prceu.usp.br\/usp60\/es\/wp-json\/wp\/v2\/comments?post=19815"}],"version-history":[{"count":1,"href":"https:\/\/prceu.usp.br\/usp60\/es\/wp-json\/wp\/v2\/pages\/19815\/revisions"}],"predecessor-version":[{"id":35253,"href":"https:\/\/prceu.usp.br\/usp60\/es\/wp-json\/wp\/v2\/pages\/19815\/revisions\/35253"}],"wp:featuredmedia":[{"embeddable":true,"href":"https:\/\/prceu.usp.br\/usp60\/es\/wp-json\/wp\/v2\/media\/19985"}],"wp:attachment":[{"href":"https:\/\/prceu.usp.br\/usp60\/es\/wp-json\/wp\/v2\/media?parent=19815"}],"curies":[{"name":"wp","href":"https:\/\/api.w.org\/{rel}","templated":true}]}}