{"id":32112,"date":"2024-07-04T09:14:30","date_gmt":"2024-07-04T12:14:30","guid":{"rendered":"https:\/\/prceu.usp.br\/usp60\/?page_id=32112"},"modified":"2026-02-09T12:52:44","modified_gmt":"2026-02-09T15:52:44","slug":"each-disciplinas-regulares","status":"publish","type":"page","link":"https:\/\/prceu.usp.br\/usp60\/es\/each-disciplinas-regulares\/","title":{"rendered":"(Portugu\u00eas do Brasil) DISCIPLINAS REGULARES EACH USP (ZONA LESTE)"},"content":{"rendered":"<p class=\"qtranxs-available-languages-message qtranxs-available-languages-message-es\">Disculpa, pero esta entrada est\u00e1 disponible s\u00f3lo en <a href=\"https:\/\/prceu.usp.br\/usp60\/pb\/wp-json\/wp\/v2\/pages\/32112\" class=\"qtranxs-available-language-link qtranxs-available-language-link-pb\" title=\"Portugu\u00eas do Brasil\">Portugu\u00eas do Brasil<\/a>.<\/p>","protected":false},"excerpt":{"rendered":"<p>Disculpa, pero esta entrada est\u00e1 disponible s\u00f3lo en Portugu\u00eas do Brasil.<\/p>\n","protected":false},"author":73,"featured_media":0,"parent":0,"menu_order":0,"comment_status":"closed","ping_status":"closed","template":"","meta":{"footnotes":""},"class_list":["post-32112","page","type-page","status-publish","hentry"],"_links":{"self":[{"href":"https:\/\/prceu.usp.br\/usp60\/es\/wp-json\/wp\/v2\/pages\/32112","targetHints":{"allow":["GET"]}}],"collection":[{"href":"https:\/\/prceu.usp.br\/usp60\/es\/wp-json\/wp\/v2\/pages"}],"about":[{"href":"https:\/\/prceu.usp.br\/usp60\/es\/wp-json\/wp\/v2\/types\/page"}],"author":[{"embeddable":true,"href":"https:\/\/prceu.usp.br\/usp60\/es\/wp-json\/wp\/v2\/users\/73"}],"replies":[{"embeddable":true,"href":"https:\/\/prceu.usp.br\/usp60\/es\/wp-json\/wp\/v2\/comments?post=32112"}],"version-history":[{"count":12,"href":"https:\/\/prceu.usp.br\/usp60\/es\/wp-json\/wp\/v2\/pages\/32112\/revisions"}],"predecessor-version":[{"id":35346,"href":"https:\/\/prceu.usp.br\/usp60\/es\/wp-json\/wp\/v2\/pages\/32112\/revisions\/35346"}],"wp:attachment":[{"href":"https:\/\/prceu.usp.br\/usp60\/es\/wp-json\/wp\/v2\/media?parent=32112"}],"curies":[{"name":"wp","href":"https:\/\/api.w.org\/{rel}","templated":true}]}}