{"id":33604,"date":"2025-01-28T08:43:04","date_gmt":"2025-01-28T11:43:04","guid":{"rendered":"https:\/\/prceu.usp.br\/usp60\/?page_id=33604"},"modified":"2026-02-06T17:56:46","modified_gmt":"2026-02-06T20:56:46","slug":"escolha-a-atividade","status":"publish","type":"page","link":"https:\/\/prceu.usp.br\/usp60\/es\/escolha-a-atividade\/","title":{"rendered":"(Portugu\u00eas do Brasil) Escolha a atividade"},"content":{"rendered":"<p class=\"qtranxs-available-languages-message qtranxs-available-languages-message-es\">Disculpa, pero esta entrada est\u00e1 disponible s\u00f3lo en <a href=\"https:\/\/prceu.usp.br\/usp60\/pb\/wp-json\/wp\/v2\/pages\/33604\" class=\"qtranxs-available-language-link qtranxs-available-language-link-pb\" title=\"Portugu\u00eas do Brasil\">Portugu\u00eas do Brasil<\/a>.<\/p>","protected":false},"excerpt":{"rendered":"<p>Disculpa, pero esta entrada est\u00e1 disponible s\u00f3lo en Portugu\u00eas do Brasil.<\/p>\n","protected":false},"author":73,"featured_media":0,"parent":0,"menu_order":0,"comment_status":"closed","ping_status":"closed","template":"","meta":{"footnotes":""},"class_list":["post-33604","page","type-page","status-publish","hentry"],"_links":{"self":[{"href":"https:\/\/prceu.usp.br\/usp60\/es\/wp-json\/wp\/v2\/pages\/33604","targetHints":{"allow":["GET"]}}],"collection":[{"href":"https:\/\/prceu.usp.br\/usp60\/es\/wp-json\/wp\/v2\/pages"}],"about":[{"href":"https:\/\/prceu.usp.br\/usp60\/es\/wp-json\/wp\/v2\/types\/page"}],"author":[{"embeddable":true,"href":"https:\/\/prceu.usp.br\/usp60\/es\/wp-json\/wp\/v2\/users\/73"}],"replies":[{"embeddable":true,"href":"https:\/\/prceu.usp.br\/usp60\/es\/wp-json\/wp\/v2\/comments?post=33604"}],"version-history":[{"count":5,"href":"https:\/\/prceu.usp.br\/usp60\/es\/wp-json\/wp\/v2\/pages\/33604\/revisions"}],"predecessor-version":[{"id":35313,"href":"https:\/\/prceu.usp.br\/usp60\/es\/wp-json\/wp\/v2\/pages\/33604\/revisions\/35313"}],"wp:attachment":[{"href":"https:\/\/prceu.usp.br\/usp60\/es\/wp-json\/wp\/v2\/media?parent=33604"}],"curies":[{"name":"wp","href":"https:\/\/api.w.org\/{rel}","templated":true}]}}