{"id":9196,"date":"2026-01-28T10:27:53","date_gmt":"2026-01-28T13:27:53","guid":{"rendered":"https:\/\/prceu.usp.br\/usp60\/?page_id=9196"},"modified":"2026-02-06T15:10:45","modified_gmt":"2026-02-06T18:10:45","slug":"quem-somos","status":"publish","type":"page","link":"https:\/\/prceu.usp.br\/usp60\/es\/quem-somos\/","title":{"rendered":"Sobre nosotros"},"content":{"rendered":"En 1994, por iniciativa del profesor Eclea Bosi, cre\u00f3 el programa Universidade Aberta \u00e0 Terceira Idade (Universidad Abierta para la Tercera Edad), en previsi\u00f3n de la promulgaci\u00f3n del Estatuto de la Tercera Edad, cuyo cap\u00edtulo V, art\u00edculo 25, dice: &#8220;Los poderes p\u00fablicos apoyar\u00e1n la creaci\u00f3n de universidades abiertas para la tercera edad (&#8230;)&#8221;. El objetivo principal del programa es permitir a las personas mayores profundizar sus conocimientos en \u00e1reas de su inter\u00e9s. De acuerdo con los criterios de la ONU y la UNESCO, se da prioridad a las personas mayores de 60 a\u00f1os.<\/p>\n<p><a href=\"https:\/\/prceu.usp.br\/wp-content\/uploads\/2014\/11\/LOGO_USP60_VERTICAL_COLORIDO.png\"><img loading=\"lazy\" decoding=\"async\" class=\"alignleft wp-image-12360 size-thumbnail\" src=\"https:\/\/prceu.usp.br\/wp-content\/uploads\/2014\/11\/LOGO_USP60_VERTICAL_COLORIDO-e1580310693889-190x250.png\" sizes=\"auto, (max-width: 190px) 100vw, 190px\" srcset=\"https:\/\/prceu.usp.br\/wp-content\/uploads\/2014\/11\/LOGO_USP60_VERTICAL_COLORIDO-e1580310693889-190x250.png 190w, https:\/\/prceu.usp.br\/wp-content\/uploads\/2014\/11\/LOGO_USP60_VERTICAL_COLORIDO-e1580310693889.png 413w\" alt=\"\" width=\"190\" height=\"250\" \/><\/a>Con el paso de los a\u00f1os, la iniciativa, que al principio fue pionera en la USP, empez\u00f3 a extenderse, con la creaci\u00f3n de Universidades Abiertas en varias otras universidades. As\u00ed, el programa adopt\u00f3 el nombre m\u00e1s espec\u00edfico de USP Abierto a la Tercera Edad.<\/p>\n<p>Sin embargo, en 2019 empezaron a surgir preguntas sobre la mejor manera de referirse a este p\u00fablico mayor de 60 a\u00f1os de una manera m\u00e1s inclusiva y objetiva, sin juicios de valor, prejuicios o cargas negativas. Teniendo en cuenta que este p\u00fablico ha crecido mucho, representa cada vez m\u00e1s una poblaci\u00f3n heterog\u00e9nea, con grandes diferencias entre los individuos que la componen. As\u00ed, a partir de 2020, el programa se denominar\u00e1 <strong>USP 60+<\/strong>.<\/p>\n<p>Desde un punto de vista cuantitativo, esta expansi\u00f3n refleja la presencia de USP en el entramado demogr\u00e1fico de la metr\u00f3poli, donde este grupo de edad crece a pasos agigantados. Desde el punto de vista de la calidad del programa, su \u00e9xito tiene que ver con la constancia de los tres principios que lo gu\u00edan.<\/p>\n<p>El<strong> primer principio<\/strong> es el ideal de la mayor apertura posible. Lo \u00fanico que se pide al participante es su deseo de aprender. La elecci\u00f3n de los temas es libre, como lo es nuestra constelaci\u00f3n de intereses cuando nos liberamos de la rutina de la supervivencia.<\/p>\n<p>El <strong>segundo principio<\/strong> se refiere al ideal de convivencia de los mayores de 60 a\u00f1os con los estudiantes universitarios. Es lo contrario de la discriminaci\u00f3n que se verifica en la sociedad: los j\u00f3venes por un lado, los ancianos por otro. En este sentido, la USP 60+ es innovadora, ya que los participantes comparten las mismas clases con los alumnos regulares. La experiencia ha revelado que los j\u00f3venes salen enriquecidos, afectiva e intelectualmente, de esta convivencia con personas m\u00e1s maduras motivadas \u00fanicamente por la pasi\u00f3n por el conocimiento.<\/p>\n<p>Por \u00faltimo, <strong>el tercer principio<\/strong> es la gratuidad, un valor propio de una instituci\u00f3n que se compromete a mantener su funci\u00f3n p\u00fablica.<\/p>\n<p>_______________________________________________________________________<\/p>\n<p>Coordinador: Dr. Eg\u00eddio Lima D\u00f3rea","protected":false},"excerpt":{"rendered":"<p>En 1994, por iniciativa del profesor Eclea Bosi, cre\u00f3 el programa Universidade Aberta \u00e0 Terceira Idade (Universidad Abierta para la Tercera Edad), en previsi\u00f3n de la promulgaci\u00f3n del Estatuto de la Tercera Edad, cuyo cap\u00edtulo V, art\u00edculo 25, dice: &#8220;Los poderes p\u00fablicos apoyar\u00e1n la creaci\u00f3n de universidades abiertas para la tercera edad (&#8230;)&#8221;. El objetivo [&hellip;]<\/p>\n","protected":false},"author":69,"featured_media":0,"parent":0,"menu_order":56,"comment_status":"closed","ping_status":"closed","template":"","meta":{"footnotes":""},"class_list":["post-9196","page","type-page","status-publish","hentry"],"_links":{"self":[{"href":"https:\/\/prceu.usp.br\/usp60\/es\/wp-json\/wp\/v2\/pages\/9196","targetHints":{"allow":["GET"]}}],"collection":[{"href":"https:\/\/prceu.usp.br\/usp60\/es\/wp-json\/wp\/v2\/pages"}],"about":[{"href":"https:\/\/prceu.usp.br\/usp60\/es\/wp-json\/wp\/v2\/types\/page"}],"author":[{"embeddable":true,"href":"https:\/\/prceu.usp.br\/usp60\/es\/wp-json\/wp\/v2\/users\/69"}],"replies":[{"embeddable":true,"href":"https:\/\/prceu.usp.br\/usp60\/es\/wp-json\/wp\/v2\/comments?post=9196"}],"version-history":[{"count":3,"href":"https:\/\/prceu.usp.br\/usp60\/es\/wp-json\/wp\/v2\/pages\/9196\/revisions"}],"predecessor-version":[{"id":35309,"href":"https:\/\/prceu.usp.br\/usp60\/es\/wp-json\/wp\/v2\/pages\/9196\/revisions\/35309"}],"wp:attachment":[{"href":"https:\/\/prceu.usp.br\/usp60\/es\/wp-json\/wp\/v2\/media?parent=9196"}],"curies":[{"name":"wp","href":"https:\/\/api.w.org\/{rel}","templated":true}]}}