{"id":1092,"date":"2014-01-23T14:13:32","date_gmt":"2014-01-23T16:13:32","guid":{"rendered":"https:\/\/prceu.usp.br\/usp60\/?page_id=1092"},"modified":"2026-03-03T10:18:09","modified_gmt":"2026-03-03T13:18:09","slug":"creditos","status":"publish","type":"page","link":"https:\/\/prceu.usp.br\/usp60\/creditos\/","title":{"rendered":"Cr\u00e9ditos"},"content":{"rendered":"<h4><strong>PR\u00d3-REITOR DE CULTURA E EXTENS\u00c3O UNIVERSIT\u00c1RIA<\/strong><br \/>\nProf\u00ba Dr. Am\u00e2ncio Jorge de Oliveira<\/h4>\n<h4><strong>PR\u00d3-REITOR ADJUNTO\u00a0 DE CULTURA E EXTENS\u00c3O UNIVERSIT\u00c1RIA<\/strong><br \/>\nProf\u00ba Dr. Iran Jos\u00e9 Oliveira Da Silva<\/h4>\n<h4><\/h4>\n<h4><strong>COORDENA\u00c7\u00c3O ACAD\u00caMICA<br \/>\n<\/strong>Dr. Eg\u00eddio Lima D\u00f3rea<\/h4>\n<h4><strong>DIVIS\u00c3O DE A\u00c7\u00c3O CULTURAL<\/strong><\/h4>\n<h4><strong>Chefe T\u00e9cnica<\/strong><br \/>\nMargarete Ramos<\/h4>\n<h4><strong>Supervisora dos Servi\u00e7os de A\u00e7\u00e3o Cultural\u00a0\u00a0<\/strong><br \/>\nK\u00e1tia Ver\u00f4nica Santana Oliveira<\/h4>\n<h4><strong>Supervisor do Servi\u00e7o de Organiza\u00e7\u00e3o e Apoio a Eventos\u00a0<\/strong><br \/>\nRodrigo Monteiro<\/h4>\n<h4><strong>Estagi\u00e1rios (as)<\/strong><br \/>\nCau\u00ea Neves<br \/>\nMiranda Oliveira<\/h4>\n<h4><strong>COMUNICA\u00c7\u00c3O INSTITUCIONAL, PROGRAMAS E CENTROS DE CULTURA<\/strong><\/h4>\n<h4><strong>DIVIS\u00c3O DE COMUNICA\u00c7\u00c3O INSTITUCIONAL<br \/>\n<\/strong><\/h4>\n<h4><strong>Chefe T\u00e9cnico<br \/>\n<\/strong>Elcio Silva<\/h4>\n<h4><strong>Assessoria de Imprensa e Jornalismo<\/strong><br \/>\nFabio Rubira<br \/>\nSandra Lima<\/h4>\n<h4><strong>Design e Comunica\u00e7\u00e3o Visual<\/strong><br \/>\nCamila Previato Guimar\u00e3es<\/h4>\n<h4><strong>Supervisor do Servi\u00e7o de Comunica\u00e7\u00e3o e Difus\u00e3o e Webmaster<\/strong><br \/>\nDante Daniel<br \/>\n<b><\/b><\/h4>\n<h4><strong>Assistente de Conte\u00fado Web<\/strong><br \/>\nZenaide Fernandes Albuquerque<\/h4>\n<p>&nbsp;","protected":false},"excerpt":{"rendered":"<p>PR\u00d3-REITOR DE CULTURA E EXTENS\u00c3O UNIVERSIT\u00c1RIA Prof\u00ba Dr. Am\u00e2ncio Jorge de Oliveira PR\u00d3-REITOR ADJUNTO\u00a0 DE CULTURA E EXTENS\u00c3O UNIVERSIT\u00c1RIA Prof\u00ba Dr. Iran Jos\u00e9 Oliveira Da Silva COORDENA\u00c7\u00c3O ACAD\u00caMICA Dr. Eg\u00eddio Lima D\u00f3rea DIVIS\u00c3O DE A\u00c7\u00c3O CULTURAL Chefe T\u00e9cnica Margarete Ramos Supervisora dos Servi\u00e7os de A\u00e7\u00e3o Cultural\u00a0\u00a0 K\u00e1tia Ver\u00f4nica Santana Oliveira Supervisor do Servi\u00e7o de Organiza\u00e7\u00e3o [&hellip;]<\/p>\n","protected":false},"author":69,"featured_media":0,"parent":0,"menu_order":75,"comment_status":"closed","ping_status":"closed","template":"","meta":{"footnotes":""},"class_list":["post-1092","page","type-page","status-publish","hentry"],"_links":{"self":[{"href":"https:\/\/prceu.usp.br\/usp60\/wp-json\/wp\/v2\/pages\/1092","targetHints":{"allow":["GET"]}}],"collection":[{"href":"https:\/\/prceu.usp.br\/usp60\/wp-json\/wp\/v2\/pages"}],"about":[{"href":"https:\/\/prceu.usp.br\/usp60\/wp-json\/wp\/v2\/types\/page"}],"author":[{"embeddable":true,"href":"https:\/\/prceu.usp.br\/usp60\/wp-json\/wp\/v2\/users\/69"}],"replies":[{"embeddable":true,"href":"https:\/\/prceu.usp.br\/usp60\/wp-json\/wp\/v2\/comments?post=1092"}],"version-history":[{"count":11,"href":"https:\/\/prceu.usp.br\/usp60\/wp-json\/wp\/v2\/pages\/1092\/revisions"}],"predecessor-version":[{"id":35501,"href":"https:\/\/prceu.usp.br\/usp60\/wp-json\/wp\/v2\/pages\/1092\/revisions\/35501"}],"wp:attachment":[{"href":"https:\/\/prceu.usp.br\/usp60\/wp-json\/wp\/v2\/media?parent=1092"}],"curies":[{"name":"wp","href":"https:\/\/api.w.org\/{rel}","templated":true}]}}