{"id":11261,"date":"2019-11-04T21:37:14","date_gmt":"2019-11-04T23:37:14","guid":{"rendered":"https:\/\/prceu.usp.br\/?page_id=11261"},"modified":"2026-02-03T10:49:31","modified_gmt":"2026-02-03T13:49:31","slug":"revista-usp-integracao","status":"publish","type":"page","link":"https:\/\/prceu.usp.br\/usp60\/revista-usp-integracao\/","title":{"rendered":"Revista USP INTEGRA\u00e7\u00e3o"},"content":{"rendered":"<blockquote><p>Nova revista da USP destaca atividades voltadas para a sociedade: a<span style=\"font-weight: 400;\">tividades culturais, programas de relacionamento com a sociedade e projetos de extens\u00e3o ser\u00e3o as pautas da publica\u00e7\u00e3o<\/span><\/p>\n<div style=\"width: 640px;\" class=\"wp-video\"><video class=\"wp-video-shortcode\" id=\"video-11261-1\" width=\"640\" height=\"360\" preload=\"metadata\" controls=\"controls\"><source type=\"video\/mp4\" src=\"https:\/\/prceu.usp.br\/wp-content\/uploads\/2019\/07\/RevistaUSPINTEGRAcao-1.mp4?_=1\" \/><a href=\"https:\/\/prceu.usp.br\/wp-content\/uploads\/2019\/07\/RevistaUSPINTEGRAcao-1.mp4\">https:\/\/prceu.usp.br\/wp-content\/uploads\/2019\/07\/RevistaUSPINTEGRAcao-1.mp4<\/a><\/video><\/div><\/blockquote>\n<p><span style=\"font-weight: 400;\">A Pr\u00f3-Reitoria de Cultura e Extens\u00e3o Universit\u00e1ria (PRCEU) da USP lan\u00e7ou, em junho de 2019, sua nova revista, <\/span><b>USP INTEGRA\u00e7\u00e3o<\/b><span style=\"font-weight: 400;\">.\u00a0<\/span><br \/>\n<span style=\"font-weight: 400;\">O principal prop\u00f3sito do peri\u00f3dico \u00e9 levar ao p\u00fablico informa\u00e7\u00f5es sobre o que a Universidade de S\u00e3o Paulo desenvolve nas \u00e1reas de cultura e extens\u00e3o e o que ela oferece \u00e0 sociedade, buscando destacar os pontos em que essa intera\u00e7\u00e3o ocorre de forma mais relevante. Para isso, o projeto foi formatado com um conceito gr\u00e1fico leve e contempor\u00e2neo e com uma linguagem jornal\u00edstica e coloquial, diferenciando-se de publica\u00e7\u00f5es de car\u00e1ter cient\u00edfico.\u00a0<\/span><br \/>\n<span style=\"font-weight: 400;\">A revista est\u00e1 estruturada em se\u00e7\u00f5es como <\/span><i><span style=\"font-weight: 400;\">Reportagem de Capa<\/span><\/i><span style=\"font-weight: 400;\">, que trar\u00e1 atualidades de destaque; <\/span><i><span style=\"font-weight: 400;\">Entrevista<\/span><\/i><span style=\"font-weight: 400;\">, com respons\u00e1veis por atividades relevantes na \u00e1rea; <\/span><i><span style=\"font-weight: 400;\">Reportagem<\/span><\/i><span style=\"font-weight: 400;\">, retratando projetos e a\u00e7\u00f5es; <\/span><i><span style=\"font-weight: 400;\">Experi\u00eancias<\/span><\/i><span style=\"font-weight: 400;\">, com relatos em primeira pessoa; <\/span><i><span style=\"font-weight: 400;\">Ensaio fotogr\u00e1fico<\/span><\/i><span style=\"font-weight: 400;\">, trazendo imagens de locais que podem ser visitados pelo p\u00fablico; <\/span><i><span style=\"font-weight: 400;\">Perfil<\/span><\/i><span style=\"font-weight: 400;\">, com um detalhamento hist\u00f3rico e de funcionamento de diversos \u00f3rg\u00e3os e programas; e <\/span><i><span style=\"font-weight: 400;\">O que \u00e9&#8230;<\/span><\/i><span style=\"font-weight: 400;\">, que desvenda curiosidades e jarg\u00f5es.\u00a0<\/span><br \/>\n<span style=\"font-weight: 400;\">Para a diretora editorial da revista, professora Margarida Maria Krohling Kunsch, o produto preenche uma lacuna: \u201cEsperamos que a revista seja um meio de interlocu\u00e7\u00e3o da nossa universidade com os v\u00e1rios atores envolvidos nas suas atividades-fim, estejam eles dentro ou fora dos nossos muros\u201d, afirma Kunsch, que tamb\u00e9m \u00e9 pr\u00f3-reitora adjunta de cultura e extens\u00e3o universit\u00e1ria. \u201cPretendemos democratizar as experi\u00eancias promovidas e implantadas na \u00e1rea cultural e de extens\u00e3o at\u00e9 como forma de a Universidade prestar contas \u00e0 sociedade dos investimentos que v\u00eam recebendo como universidade p\u00fablica e gratuita\u201d, ressalta.\u00a0<\/span>\n<blockquote><p>Nova revista da USP destaca atividades voltadas para a sociedade: a<span style=\"font-weight: 400;\">tividades culturais, programas de relacionamento com a sociedade e projetos de extens\u00e3o ser\u00e3o as pautas da publica\u00e7\u00e3o<\/span><br \/>\n<div style=\"width: 640px;\" class=\"wp-video\"><video class=\"wp-video-shortcode\" id=\"video-11261-2\" width=\"640\" height=\"360\" preload=\"metadata\" controls=\"controls\"><source type=\"video\/mp4\" src=\"https:\/\/prceu.usp.br\/wp-content\/uploads\/2019\/07\/RevistaUSPINTEGRAcao-1.mp4?_=2\" \/><a href=\"https:\/\/prceu.usp.br\/wp-content\/uploads\/2019\/07\/RevistaUSPINTEGRAcao-1.mp4\">https:\/\/prceu.usp.br\/wp-content\/uploads\/2019\/07\/RevistaUSPINTEGRAcao-1.mp4<\/a><\/video><\/div><\/blockquote>\n<p><span style=\"font-weight: 400;\">A Pr\u00f3-Reitoria de Cultura e Extens\u00e3o Universit\u00e1ria (PRCEU) da USP lan\u00e7ou, em junho de 2019, sua nova revista, <\/span><b>USP INTEGRA\u00e7\u00e3o<\/b><span style=\"font-weight: 400;\">.\u00a0<\/span><br \/>\n<span style=\"font-weight: 400;\">O principal prop\u00f3sito do peri\u00f3dico \u00e9 levar ao p\u00fablico informa\u00e7\u00f5es sobre o que a Universidade de S\u00e3o Paulo desenvolve nas \u00e1reas de cultura e extens\u00e3o e o que ela oferece \u00e0 sociedade, buscando destacar os pontos em que essa intera\u00e7\u00e3o ocorre de forma mais relevante. Para isso, o projeto foi formatado com um conceito gr\u00e1fico leve e contempor\u00e2neo e com uma linguagem jornal\u00edstica e coloquial, diferenciando-se de publica\u00e7\u00f5es de car\u00e1ter cient\u00edfico.\u00a0<\/span><br \/>\n<span style=\"font-weight: 400;\">A revista est\u00e1 estruturada em se\u00e7\u00f5es como <\/span><i><span style=\"font-weight: 400;\">Reportagem de Capa<\/span><\/i><span style=\"font-weight: 400;\">, que trar\u00e1 atualidades de destaque; <\/span><i><span style=\"font-weight: 400;\">Entrevista<\/span><\/i><span style=\"font-weight: 400;\">, com respons\u00e1veis por atividades relevantes na \u00e1rea; <\/span><i><span style=\"font-weight: 400;\">Reportagem<\/span><\/i><span style=\"font-weight: 400;\">, retratando projetos e a\u00e7\u00f5es; <\/span><i><span style=\"font-weight: 400;\">Experi\u00eancias<\/span><\/i><span style=\"font-weight: 400;\">, com relatos em primeira pessoa; <\/span><i><span style=\"font-weight: 400;\">Ensaio fotogr\u00e1fico<\/span><\/i><span style=\"font-weight: 400;\">, trazendo imagens de locais que podem ser visitados pelo p\u00fablico; <\/span><i><span style=\"font-weight: 400;\">Perfil<\/span><\/i><span style=\"font-weight: 400;\">, com um detalhamento hist\u00f3rico e de funcionamento de diversos \u00f3rg\u00e3os e programas; e <\/span><i><span style=\"font-weight: 400;\">O que \u00e9&#8230;<\/span><\/i><span style=\"font-weight: 400;\">, que desvenda curiosidades e jarg\u00f5es.\u00a0<\/span><br \/>\n<span style=\"font-weight: 400;\">Para a diretora editorial da revista, professora Margarida Maria Krohling Kunsch, o produto preenche uma lacuna: \u201cEsperamos que a revista seja um meio de interlocu\u00e7\u00e3o da nossa universidade com os v\u00e1rios atores envolvidos nas suas atividades-fim, estejam eles dentro ou fora dos nossos muros\u201d, afirma Kunsch, que tamb\u00e9m \u00e9 pr\u00f3-reitora adjunta de cultura e extens\u00e3o universit\u00e1ria. \u201cPretendemos democratizar as experi\u00eancias promovidas e implantadas na \u00e1rea cultural e de extens\u00e3o at\u00e9 como forma de a Universidade prestar contas \u00e0 sociedade dos investimentos que v\u00eam recebendo como universidade p\u00fablica e gratuita\u201d, ressalta.\u00a0<\/span>","protected":false},"excerpt":{"rendered":"<p>Nova revista da USP destaca atividades voltadas para a sociedade: atividades culturais, programas de relacionamento com a sociedade e projetos de extens\u00e3o ser\u00e3o as pautas da publica\u00e7\u00e3o A Pr\u00f3-Reitoria de Cultura e Extens\u00e3o Universit\u00e1ria (PRCEU) da USP lan\u00e7ou, em junho de 2019, sua nova revista, USP INTEGRA\u00e7\u00e3o.\u00a0 O principal prop\u00f3sito do peri\u00f3dico \u00e9 levar ao [&hellip;]<\/p>\n","protected":false},"author":69,"featured_media":0,"parent":0,"menu_order":52,"comment_status":"closed","ping_status":"closed","template":"","meta":{"footnotes":""},"class_list":["post-11261","page","type-page","status-publish","hentry"],"_links":{"self":[{"href":"https:\/\/prceu.usp.br\/usp60\/wp-json\/wp\/v2\/pages\/11261","targetHints":{"allow":["GET"]}}],"collection":[{"href":"https:\/\/prceu.usp.br\/usp60\/wp-json\/wp\/v2\/pages"}],"about":[{"href":"https:\/\/prceu.usp.br\/usp60\/wp-json\/wp\/v2\/types\/page"}],"author":[{"embeddable":true,"href":"https:\/\/prceu.usp.br\/usp60\/wp-json\/wp\/v2\/users\/69"}],"replies":[{"embeddable":true,"href":"https:\/\/prceu.usp.br\/usp60\/wp-json\/wp\/v2\/comments?post=11261"}],"version-history":[{"count":1,"href":"https:\/\/prceu.usp.br\/usp60\/wp-json\/wp\/v2\/pages\/11261\/revisions"}],"predecessor-version":[{"id":35271,"href":"https:\/\/prceu.usp.br\/usp60\/wp-json\/wp\/v2\/pages\/11261\/revisions\/35271"}],"wp:attachment":[{"href":"https:\/\/prceu.usp.br\/usp60\/wp-json\/wp\/v2\/media?parent=11261"}],"curies":[{"name":"wp","href":"https:\/\/api.w.org\/{rel}","templated":true}]}}