{"id":19743,"date":"2021-03-12T15:30:11","date_gmt":"2021-03-12T18:30:11","guid":{"rendered":"https:\/\/prceu.usp.br\/usp60\/?page_id=19743"},"modified":"2026-02-03T10:49:30","modified_gmt":"2026-02-03T13:49:30","slug":"alcides-freire","status":"publish","type":"page","link":"https:\/\/prceu.usp.br\/usp60\/alcides-freire\/","title":{"rendered":"Alcides Freire Melo"},"content":{"rendered":"<hr>\n<p style=\"text-align: justify;\"><img loading=\"lazy\" decoding=\"async\" class=\"alignleft wp-image-19808 size-medium\" src=\"https:\/\/prceu.usp.br\/usp60\/wp-content\/uploads\/2021\/03\/Alcides-Freire-300x300.png\" alt=\"\" width=\"300\" height=\"300\" srcset=\"https:\/\/prceu.usp.br\/usp60\/wp-content\/uploads\/2021\/03\/Alcides-Freire-300x300.png 300w, https:\/\/prceu.usp.br\/usp60\/wp-content\/uploads\/2021\/03\/Alcides-Freire-500x500.png 500w, https:\/\/prceu.usp.br\/usp60\/wp-content\/uploads\/2021\/03\/Alcides-Freire-768x768.png 768w, https:\/\/prceu.usp.br\/usp60\/wp-content\/uploads\/2021\/03\/Alcides-Freire-150x150.png 150w, https:\/\/prceu.usp.br\/usp60\/wp-content\/uploads\/2021\/03\/Alcides-Freire-60x60.png 60w, https:\/\/prceu.usp.br\/usp60\/wp-content\/uploads\/2021\/03\/Alcides-Freire.png 1080w\" sizes=\"auto, (max-width: 300px) 100vw, 300px\" \/><strong>Esperan\u00e7a da vit\u00f3ria<\/strong><\/p>\n<p style=\"text-align: justify;\"><span style=\"font-weight: 400;\">O fotojornalismo \u00e9, pra mim, a mais precisa forma de comunica\u00e7\u00e3o. Em P&amp;B, particularmente, a imagem mostra as cores da dor e de vit\u00f3rias. Por ser universal, &#8220;fala&#8221; todos os idiomas e os mais complexos dialetos.<br \/>\n<\/span><span style=\"font-weight: 400;\">Encontrei na fotografia a possibilidade de &#8220;manipular&#8221; o tempo e, em avos de segundos, eternizar hist\u00f3rias. A c\u00e2mera fotogr\u00e1fica seria como o teclado de um computador para um escritor e, semelhante aos corretores de textos dos escritores, elas, as c\u00e2meras, tamb\u00e9m n\u00e3o criam personagens, n\u00e3o comp\u00f5em. Sozinhas, n\u00e3o contam hist\u00f3rias, n\u00e3o emocionam, n\u00e3o informam, n\u00e3o sabem sobre saudades, paix\u00f5es, solid\u00e3o ou viagens.<br \/>\n<\/span><span style=\"font-weight: 400;\">&#8220;Vivendo&#8221; em trag\u00e9dia, agora durante a pandemia provocada pela Covid-19, por exemplo, n\u00e3o sabem de dor, vazio, solid\u00e3o e perdas de vidas. O fotojornalista, sim. Precisa ter a capacidade de &#8220;capturar&#8221; todos estes sentimentos e transform\u00e1-los em milh\u00f5es de pixels, para denunciar, fazer chorar, indignar ou sorrir.<br \/>\n<\/span><span style=\"font-weight: 400;\">Quando fui informado sobre a segunda edi\u00e7\u00e3o do concurso fotogr\u00e1fico O Olhar do 60+ da USP, saltei a janela do topo da clausura provocada pela pandemia e fui parar no telhado da minha casa. A percep\u00e7\u00e3o de vazio e abstrato era enorme e, l\u00e1 do alto, a incerteza estava retroalimentada por pessoas que fugiam para lugar nenhum ao encontro de ningu\u00e9m.<br \/>\n<\/span><span style=\"font-weight: 400;\">O &#8220;formato&#8221; da minha foto, sem horizonte, e minha sombra esqu\u00e1lida, projetada \u00e0 esquerda, guiam ao vazio, a uma corrida circular praticada por muitos em fuga desorientada da Covid-19 que provoca medo, qui\u00e7\u00e1 a morte. \u00c9 tamb\u00e9m a fotografia da esperan\u00e7a do topo e da vit\u00f3ria.<\/span><\/p>\n<hr>\n<p><img loading=\"lazy\" decoding=\"async\" class=\"aligncenter size-full wp-image-19747\" src=\"https:\/\/prceu.usp.br\/usp60\/wp-content\/uploads\/2021\/03\/042-2020c-scaled.jpg\" alt=\"\" width=\"2560\" height=\"1707\">","protected":false},"excerpt":{"rendered":"<p>Esperan\u00e7a da vit\u00f3ria O fotojornalismo \u00e9, pra mim, a mais precisa forma de comunica\u00e7\u00e3o. Em P&amp;B, particularmente, a imagem mostra as cores da dor e de vit\u00f3rias. Por ser universal, &#8220;fala&#8221; todos os idiomas e os mais complexos dialetos. Encontrei na fotografia a possibilidade de &#8220;manipular&#8221; o tempo e, em avos de segundos, eternizar hist\u00f3rias. [&hellip;]<\/p>\n","protected":false},"author":73,"featured_media":19985,"parent":0,"menu_order":38,"comment_status":"closed","ping_status":"closed","template":"","meta":{"footnotes":""},"class_list":["post-19743","page","type-page","status-publish","has-post-thumbnail","hentry"],"_links":{"self":[{"href":"https:\/\/prceu.usp.br\/usp60\/wp-json\/wp\/v2\/pages\/19743","targetHints":{"allow":["GET"]}}],"collection":[{"href":"https:\/\/prceu.usp.br\/usp60\/wp-json\/wp\/v2\/pages"}],"about":[{"href":"https:\/\/prceu.usp.br\/usp60\/wp-json\/wp\/v2\/types\/page"}],"author":[{"embeddable":true,"href":"https:\/\/prceu.usp.br\/usp60\/wp-json\/wp\/v2\/users\/73"}],"replies":[{"embeddable":true,"href":"https:\/\/prceu.usp.br\/usp60\/wp-json\/wp\/v2\/comments?post=19743"}],"version-history":[{"count":1,"href":"https:\/\/prceu.usp.br\/usp60\/wp-json\/wp\/v2\/pages\/19743\/revisions"}],"predecessor-version":[{"id":35258,"href":"https:\/\/prceu.usp.br\/usp60\/wp-json\/wp\/v2\/pages\/19743\/revisions\/35258"}],"wp:featuredmedia":[{"embeddable":true,"href":"https:\/\/prceu.usp.br\/usp60\/wp-json\/wp\/v2\/media\/19985"}],"wp:attachment":[{"href":"https:\/\/prceu.usp.br\/usp60\/wp-json\/wp\/v2\/media?parent=19743"}],"curies":[{"name":"wp","href":"https:\/\/api.w.org\/{rel}","templated":true}]}}