{"id":19815,"date":"2021-03-15T14:20:29","date_gmt":"2021-03-15T17:20:29","guid":{"rendered":"https:\/\/prceu.usp.br\/usp60\/?page_id=19815"},"modified":"2026-02-03T10:49:29","modified_gmt":"2026-02-03T13:49:29","slug":"edison-benedito-lopes-marcon","status":"publish","type":"page","link":"https:\/\/prceu.usp.br\/usp60\/edison-benedito-lopes-marcon\/","title":{"rendered":"Edison Benedito Lopes Marcon"},"content":{"rendered":"<hr>\n<p style=\"text-align: justify;\"><img loading=\"lazy\" decoding=\"async\" class=\"alignleft wp-image-19817 size-medium\" src=\"https:\/\/prceu.usp.br\/usp60\/wp-content\/uploads\/2021\/03\/Edison-Marcon-300x300.png\" alt=\"\" width=\"300\" height=\"300\" srcset=\"https:\/\/prceu.usp.br\/usp60\/wp-content\/uploads\/2021\/03\/Edison-Marcon-300x300.png 300w, https:\/\/prceu.usp.br\/usp60\/wp-content\/uploads\/2021\/03\/Edison-Marcon-500x500.png 500w, https:\/\/prceu.usp.br\/usp60\/wp-content\/uploads\/2021\/03\/Edison-Marcon-768x768.png 768w, https:\/\/prceu.usp.br\/usp60\/wp-content\/uploads\/2021\/03\/Edison-Marcon-150x150.png 150w, https:\/\/prceu.usp.br\/usp60\/wp-content\/uploads\/2021\/03\/Edison-Marcon-60x60.png 60w, https:\/\/prceu.usp.br\/usp60\/wp-content\/uploads\/2021\/03\/Edison-Marcon.png 1080w\" sizes=\"auto, (max-width: 300px) 100vw, 300px\" \/> Este autorretrato foi tirado para solicita\u00e7\u00e3o de documento permanente \u00e0s \u00e1reas de seguran\u00e7a do Aeroporto de Viracopos, uma vez que sou Engenheiro de Seguran\u00e7a do Trabalho e atuo em per\u00edcias judiciais. (N\u00e3o sou t\u00e3o carrancudo assim kkk)<br \/>\nTenho a fotografia como um hobbie, com a qual procuro registrar meus momentos e compartilhar com amigos.<\/p>\n<p>&nbsp;<\/p>\n<hr>\n<p><img loading=\"lazy\" decoding=\"async\" class=\"aligncenter wp-image-19818 size-full\" src=\"https:\/\/prceu.usp.br\/usp60\/wp-content\/uploads\/2021\/03\/045-2020c.jpg\" alt=\"\" width=\"2400\" height=\"1600\" srcset=\"https:\/\/prceu.usp.br\/usp60\/wp-content\/uploads\/2021\/03\/045-2020c.jpg 2400w, https:\/\/prceu.usp.br\/usp60\/wp-content\/uploads\/2021\/03\/045-2020c-500x333.jpg 500w, https:\/\/prceu.usp.br\/usp60\/wp-content\/uploads\/2021\/03\/045-2020c-768x512.jpg 768w, https:\/\/prceu.usp.br\/usp60\/wp-content\/uploads\/2021\/03\/045-2020c-1536x1024.jpg 1536w, https:\/\/prceu.usp.br\/usp60\/wp-content\/uploads\/2021\/03\/045-2020c-2048x1365.jpg 2048w, https:\/\/prceu.usp.br\/usp60\/wp-content\/uploads\/2021\/03\/045-2020c-300x200.jpg 300w\" sizes=\"auto, (max-width: 2400px) 100vw, 2400px\" \/><\/p>\n<p style=\"text-align: justify;\">A foto do Luigi, meu gato que apelidamos de Lord, uma vez que ele age como tal, foi tirada em um momento em que ele estava saindo da cuba da pia do nosso banheiro. Achei muito penetrante seu olhar e os movimentos sorrateiros que fazia no momento, e quis eternizar essas caracter\u00edsticas peculiares dele.<\/p>\n<hr>\n<p><img loading=\"lazy\" decoding=\"async\" class=\"alignnone size-full wp-image-19816\" src=\"https:\/\/prceu.usp.br\/usp60\/wp-content\/uploads\/2021\/03\/045-2020b-scaled.jpg\" alt=\"\" width=\"2560\" height=\"1706\"><\/p>\n<p style=\"text-align: justify;\">Moro em frente a uma pequena reserva onde nos damos ao luxo de conviver com a natureza, apreciando sua rica Fauna e Flora. Dentre os mais variados p\u00e1ssaros que nos brindam com sua exuber\u00e2ncia e canto, recebemos com frequ\u00eancia a visita destes micos, que nos presenteiam com seu malabarismo entre os galhos das \u00e1rvores. Tive a felicidade de registrar esse momento em que a m\u00e3e transmite ensinamentos ao seu filhote, que presta aten\u00e7\u00e3o a tudo o que ela est\u00e1 fazendo e, na repeti\u00e7\u00e3o, sobe nas \u00e1rvores, tem cautela ao se aproximar dos humanos e se alimenta com o que lhes \u00e9 oferecido pela natureza.<\/p>","protected":false},"excerpt":{"rendered":"<p>Este autorretrato foi tirado para solicita\u00e7\u00e3o de documento permanente \u00e0s \u00e1reas de seguran\u00e7a do Aeroporto de Viracopos, uma vez que sou Engenheiro de Seguran\u00e7a do Trabalho e atuo em per\u00edcias judiciais. (N\u00e3o sou t\u00e3o carrancudo assim kkk) Tenho a fotografia como um hobbie, com a qual procuro registrar meus momentos e compartilhar com amigos. &nbsp; [&hellip;]<\/p>\n","protected":false},"author":73,"featured_media":19985,"parent":0,"menu_order":33,"comment_status":"closed","ping_status":"closed","template":"","meta":{"footnotes":""},"class_list":["post-19815","page","type-page","status-publish","has-post-thumbnail","hentry"],"_links":{"self":[{"href":"https:\/\/prceu.usp.br\/usp60\/wp-json\/wp\/v2\/pages\/19815","targetHints":{"allow":["GET"]}}],"collection":[{"href":"https:\/\/prceu.usp.br\/usp60\/wp-json\/wp\/v2\/pages"}],"about":[{"href":"https:\/\/prceu.usp.br\/usp60\/wp-json\/wp\/v2\/types\/page"}],"author":[{"embeddable":true,"href":"https:\/\/prceu.usp.br\/usp60\/wp-json\/wp\/v2\/users\/73"}],"replies":[{"embeddable":true,"href":"https:\/\/prceu.usp.br\/usp60\/wp-json\/wp\/v2\/comments?post=19815"}],"version-history":[{"count":1,"href":"https:\/\/prceu.usp.br\/usp60\/wp-json\/wp\/v2\/pages\/19815\/revisions"}],"predecessor-version":[{"id":35253,"href":"https:\/\/prceu.usp.br\/usp60\/wp-json\/wp\/v2\/pages\/19815\/revisions\/35253"}],"wp:featuredmedia":[{"embeddable":true,"href":"https:\/\/prceu.usp.br\/usp60\/wp-json\/wp\/v2\/media\/19985"}],"wp:attachment":[{"href":"https:\/\/prceu.usp.br\/usp60\/wp-json\/wp\/v2\/media?parent=19815"}],"curies":[{"name":"wp","href":"https:\/\/api.w.org\/{rel}","templated":true}]}}