{"id":20176,"date":"2021-05-10T11:59:32","date_gmt":"2021-05-10T14:59:32","guid":{"rendered":"https:\/\/prceu.usp.br\/usp60\/?page_id=20176"},"modified":"2026-02-03T10:49:27","modified_gmt":"2026-02-03T13:49:27","slug":"natalia-pereira","status":"publish","type":"page","link":"https:\/\/prceu.usp.br\/usp60\/natalia-pereira\/","title":{"rendered":"Natalia Pereira"},"content":{"rendered":"<hr>\n<p style=\"text-align: justify;\"><img loading=\"lazy\" decoding=\"async\" class=\"size-medium wp-image-20178 alignleft\" src=\"https:\/\/prceu.usp.br\/usp60\/wp-content\/uploads\/2021\/05\/Natalia-Pereira-300x300.png\" alt=\"Natalia Pereira\" width=\"300\" height=\"300\"><\/p>\n<p>&nbsp;<\/p>\n<p style=\"text-align: justify;\">Assim que completei 60 anos comuniquei aos meus filhos que meu desejo seria cursar faculdade na USP e de fotografia, pois sempre amei registrar tudo que passa na fam\u00edlia que me elegeu a fot\u00f3grafa, pois todos eventos e melhores momentos nossos, ali eu estava registrando. Ganhei uma m\u00e1quina semi profissional a qual virou uma companheira, pois a levo para onde vou, mas tiro fotos e selfies pelo celular tamb\u00e9m. Fiquei muito feliz quando recebi o comunicado que fui selecionada e minhas fotos que enviei no ano passado ir\u00e3o para uma exposi\u00e7\u00e3o, a minha fam\u00edlia me parabenizou. Amo fotografar, as que enviei para o concurso registram isto, o meu dia a dia, momentos que gosto de relembrar, com este tempo que vivemos, de isolamento social foi uma terapia para mim.<\/p>\n<p>&nbsp;<\/p>\n<hr>\n<p><img loading=\"lazy\" decoding=\"async\" class=\"wp-image-20177 aligncenter\" src=\"https:\/\/prceu.usp.br\/usp60\/wp-content\/uploads\/2021\/05\/023-2020d-300x169.jpg\" alt=\"023 2020d\" width=\"754\" height=\"425\">","protected":false},"excerpt":{"rendered":"<p>&nbsp; Assim que completei 60 anos comuniquei aos meus filhos que meu desejo seria cursar faculdade na USP e de fotografia, pois sempre amei registrar tudo que passa na fam\u00edlia que me elegeu a fot\u00f3grafa, pois todos eventos e melhores momentos nossos, ali eu estava registrando. Ganhei uma m\u00e1quina semi profissional a qual virou uma [&hellip;]<\/p>\n","protected":false},"author":73,"featured_media":0,"parent":0,"menu_order":5,"comment_status":"closed","ping_status":"closed","template":"","meta":{"footnotes":""},"class_list":["post-20176","page","type-page","status-publish","hentry"],"_links":{"self":[{"href":"https:\/\/prceu.usp.br\/usp60\/wp-json\/wp\/v2\/pages\/20176","targetHints":{"allow":["GET"]}}],"collection":[{"href":"https:\/\/prceu.usp.br\/usp60\/wp-json\/wp\/v2\/pages"}],"about":[{"href":"https:\/\/prceu.usp.br\/usp60\/wp-json\/wp\/v2\/types\/page"}],"author":[{"embeddable":true,"href":"https:\/\/prceu.usp.br\/usp60\/wp-json\/wp\/v2\/users\/73"}],"replies":[{"embeddable":true,"href":"https:\/\/prceu.usp.br\/usp60\/wp-json\/wp\/v2\/comments?post=20176"}],"version-history":[{"count":1,"href":"https:\/\/prceu.usp.br\/usp60\/wp-json\/wp\/v2\/pages\/20176\/revisions"}],"predecessor-version":[{"id":35225,"href":"https:\/\/prceu.usp.br\/usp60\/wp-json\/wp\/v2\/pages\/20176\/revisions\/35225"}],"wp:attachment":[{"href":"https:\/\/prceu.usp.br\/usp60\/wp-json\/wp\/v2\/media?parent=20176"}],"curies":[{"name":"wp","href":"https:\/\/api.w.org\/{rel}","templated":true}]}}