{"id":24931,"date":"2022-05-02T10:37:21","date_gmt":"2022-05-02T13:37:21","guid":{"rendered":"https:\/\/prceu.usp.br\/usp60\/?page_id=24931"},"modified":"2026-02-03T10:49:27","modified_gmt":"2026-02-03T13:49:27","slug":"perguntas-frequentes","status":"publish","type":"page","link":"https:\/\/prceu.usp.br\/usp60\/perguntas-frequentes\/","title":{"rendered":"Perguntas Frequentes"},"content":{"rendered":"&nbsp;<\/p>\n<div class=\"su-spoiler su-spoiler-style-fancy su-spoiler-icon-caret\" data-scroll-offset=\"0\" data-anchor-in-url=\"no\"><div class=\"su-spoiler-title\" tabindex=\"0\" role=\"button\"><span class=\"su-spoiler-icon\"><\/span><strong>Como fa\u00e7o para me inscrever<\/strong><\/div><div class=\"su-spoiler-content su-u-clearfix su-u-trim\">Todos os oferecimentos e informa\u00e7\u00f5es acerca das vagas, como per\u00edodo de inscri\u00e7\u00e3o, pr\u00e9-requisitos, onde se inscrever, podem ser conferidos no menu \u2018\u2019Inscreva-se\u2019\u2019 ou &#8220;Atividades&#8221; no site oficial do Programa USP 60+. Para ter acesso ao processo de inscri\u00e7\u00e3o, basta acessar o nosso site e selecionar a atividade do seu interesse. Tanto as informa\u00e7\u00f5es sobre as disciplinas, como tamb\u00e9m a orienta\u00e7\u00e3o de como se inscrever devem constar no menu &#8220;Inscreva-se&#8221; ou &#8220;Atividades&#8221; no site.<\/div><\/div>\n<div class=\"su-spoiler su-spoiler-style-fancy su-spoiler-icon-caret\" data-scroll-offset=\"0\" data-anchor-in-url=\"no\"><div class=\"su-spoiler-title\" tabindex=\"0\" role=\"button\"><span class=\"su-spoiler-icon\"><\/span><b>Quando come\u00e7am as inscri\u00e7\u00f5es?<\/b> <\/div><div class=\"su-spoiler-content su-u-clearfix su-u-trim\"><span style=\"font-weight: 400; font-size: 12pt;\">O oferecimento de disciplinas pelo Programa USP 60+ \u00e9 semestral, portanto as inscri\u00e7\u00f5es iniciam, normalmente, junto ao semestre letivo da USP. Acompanhe nosso site e redes sociais para mais atualiza\u00e7\u00f5es sobre o per\u00edodo de inscri\u00e7\u00f5es<\/span>.<\/div><\/div>\n<div class=\"su-spoiler su-spoiler-style-fancy su-spoiler-icon-caret\" data-scroll-offset=\"0\" data-anchor-in-url=\"no\"><div class=\"su-spoiler-title\" tabindex=\"0\" role=\"button\"><span class=\"su-spoiler-icon\"><\/span> <b>Gostaria de me inscrever em um curso de gradua\u00e7\u00e3o\/p\u00f3s-gradua\u00e7\u00e3o atrav\u00e9s do Programa USP60+ <\/b><\/div><div class=\"su-spoiler-content su-u-clearfix su-u-trim\"><span style=\"font-weight: 400; font-size: 12pt;\">N\u00e3o fornecemos vagas em cursos regulares de gradua\u00e7\u00e3o (bacharelados) ou p\u00f3s. Na pr\u00e1tica, disponibilizamos vagas de ouvinte em disciplinas semestrais de gradua\u00e7\u00e3o, al\u00e9m das atividades complementares e esportivas, mas nenhuma garante acesso ao bacharel na \u00edntegra. Para tal, seria necess\u00e1rio ingressar atrav\u00e9s do processo de Vestibular &#8211; <a href=\"https:\/\/www.fuvest.br\/\">FUVEST<\/a> ou <a href=\"https:\/\/www.gov.br\/inep\/pt-br\/areas-de-atuacao\/avaliacao-e-exames-educacionais\/enem\">ENEM<\/a>.<\/span><span style=\"font-weight: 400; font-size: 12pt;\">\u00a0<\/span>.<\/div><\/div>\n<div class=\"su-spoiler su-spoiler-style-fancy su-spoiler-icon-caret\" data-scroll-offset=\"0\" data-anchor-in-url=\"no\"><div class=\"su-spoiler-title\" tabindex=\"0\" role=\"button\"><span class=\"su-spoiler-icon\"><\/span> <strong>Quais s\u00e3o os cursos para o p\u00fablico idoso? <\/strong><\/div><div class=\"su-spoiler-content su-u-clearfix su-u-trim\">\n<p><span style=\"font-weight: 400; font-size: 12pt;\">Os cursos oferecidos pelo Programa USP 60+ s\u00e3o gratuitos e est\u00e3o dispon\u00edveis para toda popula\u00e7\u00e3o a partir de 60 anos completos. <\/span><span style=\"font-weight: 400; font-size: 12pt;\">As atividades oferecidas se dividem em 4 categorias: <strong>disciplinas regulares<\/strong>, <strong>atividades culturais,<\/strong>\u00a0<strong>atividades esportivas e cursos de extens\u00e3o.<\/strong><\/span><\/div><\/div>\n<div class=\"su-spoiler su-spoiler-style-fancy su-spoiler-icon-caret\" data-scroll-offset=\"0\" data-anchor-in-url=\"no\"><div class=\"su-spoiler-title\" tabindex=\"0\" role=\"button\"><span class=\"su-spoiler-icon\"><\/span> <strong>Como saber se fui selecionado(a) e onde encontrar informa\u00e7\u00f5es sobre a atividade?<\/strong><b> <\/b><\/div><div class=\"su-spoiler-content su-u-clearfix su-u-trim\">\n<p><span style=\"font-weight: 400; font-size: 12pt;\">Uma vez que ocorre a inscri\u00e7\u00e3o no curso, todo processo seletivo da vaga fica a cargo da unidade de ensino respons\u00e1vel pelo oferecimento. Isso significa que ser\u00e1 necess\u00e1rio aguardar o retorno da unidade com novas orienta\u00e7\u00f5es acerca da inscri\u00e7\u00e3o, ou entrar em contato direto com eles atrav\u00e9s do e-mail disponibilizado na p\u00e1gina da disciplina.<\/span><\/div><\/div>\n<div class=\"su-spoiler su-spoiler-style-fancy su-spoiler-icon-caret\" data-scroll-offset=\"0\" data-anchor-in-url=\"no\"><div class=\"su-spoiler-title\" tabindex=\"0\" role=\"button\"><span class=\"su-spoiler-icon\"><\/span><strong>Como ocorre o acesso dos inscritos no 60+ no e-disciplinas (Moodle)?<\/strong><\/div><div class=\"su-spoiler-content su-u-clearfix su-u-trim\">\n<p><span style=\"font-weight: 500; font-size: 12pt;\">\u00c9 poss\u00edvel gerar um n\u00famero USP realizando o cadastro do aluno no sistema Apolo, esse n\u00famero USP que ir\u00e1 ser gerado possibilitar\u00e1 inserir o aluno no E- disciplina.<\/span><\/div><\/div>\n<p>&nbsp;","protected":false},"excerpt":{"rendered":"<p>&nbsp; &nbsp;<\/p>\n","protected":false},"author":73,"featured_media":0,"parent":0,"menu_order":2,"comment_status":"closed","ping_status":"closed","template":"","meta":{"footnotes":""},"class_list":["post-24931","page","type-page","status-publish","hentry"],"_links":{"self":[{"href":"https:\/\/prceu.usp.br\/usp60\/wp-json\/wp\/v2\/pages\/24931","targetHints":{"allow":["GET"]}}],"collection":[{"href":"https:\/\/prceu.usp.br\/usp60\/wp-json\/wp\/v2\/pages"}],"about":[{"href":"https:\/\/prceu.usp.br\/usp60\/wp-json\/wp\/v2\/types\/page"}],"author":[{"embeddable":true,"href":"https:\/\/prceu.usp.br\/usp60\/wp-json\/wp\/v2\/users\/73"}],"replies":[{"embeddable":true,"href":"https:\/\/prceu.usp.br\/usp60\/wp-json\/wp\/v2\/comments?post=24931"}],"version-history":[{"count":1,"href":"https:\/\/prceu.usp.br\/usp60\/wp-json\/wp\/v2\/pages\/24931\/revisions"}],"predecessor-version":[{"id":35224,"href":"https:\/\/prceu.usp.br\/usp60\/wp-json\/wp\/v2\/pages\/24931\/revisions\/35224"}],"wp:attachment":[{"href":"https:\/\/prceu.usp.br\/usp60\/wp-json\/wp\/v2\/media?parent=24931"}],"curies":[{"name":"wp","href":"https:\/\/api.w.org\/{rel}","templated":true}]}}