{"id":32112,"date":"2024-07-04T09:14:30","date_gmt":"2024-07-04T12:14:30","guid":{"rendered":"https:\/\/prceu.usp.br\/usp60\/?page_id=32112"},"modified":"2026-02-09T12:52:44","modified_gmt":"2026-02-09T15:52:44","slug":"each-disciplinas-regulares","status":"publish","type":"page","link":"https:\/\/prceu.usp.br\/usp60\/each-disciplinas-regulares\/","title":{"rendered":"DISCIPLINAS REGULARES EACH USP (ZONA LESTE)"},"content":{"rendered":"<b>S\u00e3o disciplinas onde os alunos do Programa USP 60+ assistem aulas com os alunos da gradua\u00e7\u00e3o da Universidade de S\u00e3o Paulo.<\/b><\/p>\n<div style=\"background: #f8fafc; border: 1px solid #e2e8f0; border-radius: 12px; padding: 20px; margin-bottom: 30px;\">\n<h3 style=\"margin-top: 0; color: #1e293b; text-align: center;\">Guia de Disciplinas &#8211; EACH S\u00e3o Paulo 2026<\/h3>\n<ul style=\"list-style-type: none; padding: 0; margin: 0; font-size: 0.85rem; line-height: 1.6;\">\n<li style=\"margin-bottom: 8px;\">1. <a href=\"#each_dis01\">ACH4697 &#8211; Cen\u00e1rios econ\u00f4micos<\/a><\/li>\n<li style=\"margin-bottom: 8px;\">2. <a href=\"#each_dis02\">ACH1054 &#8211; Toxicologia Ambiental<\/a><\/li>\n<\/ul>\n<\/div>\n<div class=\"su-spoiler su-spoiler-style-fancy su-spoiler-icon-chevron-circle su-spoiler-closed\" data-anchor=\"each_dis01\" data-scroll-offset=\"0\" data-anchor-in-url=\"no\"><div class=\"su-spoiler-title\" tabindex=\"0\" role=\"button\"><span class=\"su-spoiler-icon\"><\/span>ACH4697 - Cen\u00e1rios econ\u00f4micos - (Hor\u00e1rio: 08:00 - 12:00)<\/div><div class=\"su-spoiler-content su-u-clearfix su-u-trim\">\n<div style=\"padding: 15px;\"><strong><\/p>\n<p>Tipo de Atividade:<\/strong> Disciplina Regular<br \/>\n<strong>Unidade:<\/strong> Escola de Artes, Ci\u00eancias e Humanidades (EACH)<br \/>\n<strong>Campus:<\/strong> S\u00e3o Paulo<br \/>\n<strong>Modalidade:<\/strong> Presencial<br \/>\n<strong>Respons\u00e1vel:<\/strong> Silvio Yoshiro Mizuguchi Miyazaki<br \/>\n<strong>Objetivos:<\/strong> Analisar os principais indicadores macroecon\u00f4micos da economia brasileira no contexto acad\u00eamico da gradua\u00e7\u00e3o.<\/p>\n<hr style=\"border-top: 1px dashed #ccc;\" \/>\n<p><strong>Local:<\/strong> EACH (USP Leste)<br \/>\n<strong>Endere\u00e7o:<\/strong> Rua Arlindo B\u00e9ttio, 1000 &#8211; Ermelino Matarazzo &#8211; S\u00e3o Paulo &#8211; SP<br \/>\n<strong>CEP:<\/strong> 03828-000<br \/>\n<strong>Data:<\/strong> 24\/02\/2026 a 30\/06\/2026<br \/>\n<strong>Hor\u00e1rio:<\/strong> ter\u00e7as-feiras das 08:00 \u00e0s 12:00<br \/>\n<strong>Vagas:<\/strong> 6<br \/>\n<strong>Per\u00edodo:<\/strong> Manh\u00e3<\/p>\n<hr style=\"border-top: 1px dashed #ccc;\" \/>\n<p><strong>Per\u00edodo de inscri\u00e7\u00f5es:<\/strong> 02\/02\/2026 a 06\/02\/2026<br \/>\n<strong>Forma de inscri\u00e7\u00e3o:<\/strong> Formul\u00e1rio Online<br \/>\n<strong>Endere\u00e7o para inscri\u00e7\u00e3o:<\/strong> <a href=\"https:\/\/forms.gle\/cMYHLtSkCYCxnJzU7\" target=\"_blank\" rel=\"noopener\">Clique aqui para acessar o formul\u00e1rio<\/a><br \/>\n<strong>Requisitos:<\/strong> Curso superior completo, conhecimentos b\u00e1sicos de Excel, saber acessar sites de internet e aplicativos b\u00e1sicos.<br \/>\n<strong>Forma de divulga\u00e7\u00e3o do resultado:<\/strong> Sistema pr\u00f3prio ou site<br \/>\n<strong>Contato para d\u00favidas:<\/strong> 60mais-each@usp.br<\/p>\n<\/div>\n<\/div><\/div>\n<div class=\"su-spoiler su-spoiler-style-fancy su-spoiler-icon-chevron-circle su-spoiler-closed\" data-anchor=\"each_dis02\" data-scroll-offset=\"0\" data-anchor-in-url=\"no\"><div class=\"su-spoiler-title\" tabindex=\"0\" role=\"button\"><span class=\"su-spoiler-icon\"><\/span>ACH1054 - Toxicologia Ambiental - (Hor\u00e1rio: 08:00 - 09:45)<\/div><div class=\"su-spoiler-content su-u-clearfix su-u-trim\">\n<div style=\"padding: 15px;\"><strong><\/p>\n<p>Tipo de Atividade:<\/strong> Disciplina Regular<br \/>\n<strong>Unidade:<\/strong> Escola de Artes, Ci\u00eancias e Humanidades (EACH)<br \/>\n<strong>Campus:<\/strong> S\u00e3o Paulo<br \/>\n<strong>Modalidade:<\/strong> Presencial<br \/>\n<strong>Respons\u00e1vel:<\/strong> Helene Mariko Ueno<br \/>\n<strong>Objetivos:<\/strong> Apresentar conceitos b\u00e1sicos de toxicologia e suas aplica\u00e7\u00f5es na toxicologia ambiental, com \u00eanfase na tomada de decis\u00e3o em gest\u00e3o ambiental.<\/p>\n<hr style=\"border-top: 1px dashed #ccc;\" \/>\n<p><strong>Local:<\/strong> EACH (USP Leste)<br \/>\n<strong>Endere\u00e7o:<\/strong> Rua Arlindo B\u00e9ttio, 1000 &#8211; Ermelino Matarazzo &#8211; S\u00e3o Paulo &#8211; SP<br \/>\n<strong>CEP:<\/strong> 03828-000<br \/>\n<strong>Data:<\/strong> 04\/03\/2026 a 01\/07\/2026<br \/>\n<strong>Hor\u00e1rio:<\/strong> quartas-feiras das 08:00 \u00e0s 09:45<br \/>\n<strong>Vagas:<\/strong> 5<br \/>\n<strong>Per\u00edodo:<\/strong> Manh\u00e3<\/p>\n<hr style=\"border-top: 1px dashed #ccc;\" \/>\n<p><strong>Per\u00edodo de inscri\u00e7\u00f5es:<\/strong> 02\/02\/2026 a 06\/02\/2026<br \/>\n<strong>Forma de inscri\u00e7\u00e3o:<\/strong> Formul\u00e1rio Online<br \/>\n<strong>Endere\u00e7o para inscri\u00e7\u00e3o:<\/strong> <a href=\"https:\/\/forms.gle\/s51vraByXHdvvu428\" target=\"_blank\" rel=\"noopener\">Clique aqui para acessar o formul\u00e1rio<\/a><br \/>\n<strong>Material do curso:<\/strong> N\u00e3o informado<br \/>\n<strong>Forma de divulga\u00e7\u00e3o do resultado:<\/strong> Sistema pr\u00f3prio ou site<br \/>\n<strong>Contato para d\u00favidas:<\/strong> 60mais-each@usp.br<br \/>\n<strong>Observa\u00e7\u00f5es:<\/strong> N\u00e3o h\u00e1.<\/p>\n<\/div>\n<\/div><\/div>","protected":false},"excerpt":{"rendered":"<p>S\u00e3o disciplinas onde os alunos do Programa USP 60+ assistem aulas com os alunos da gradua\u00e7\u00e3o da Universidade de S\u00e3o Paulo. Guia de Disciplinas &#8211; EACH S\u00e3o Paulo 2026 1. ACH4697 &#8211; Cen\u00e1rios econ\u00f4micos 2. ACH1054 &#8211; Toxicologia Ambiental<\/p>\n","protected":false},"author":73,"featured_media":0,"parent":0,"menu_order":0,"comment_status":"closed","ping_status":"closed","template":"","meta":{"footnotes":""},"class_list":["post-32112","page","type-page","status-publish","hentry"],"_links":{"self":[{"href":"https:\/\/prceu.usp.br\/usp60\/wp-json\/wp\/v2\/pages\/32112","targetHints":{"allow":["GET"]}}],"collection":[{"href":"https:\/\/prceu.usp.br\/usp60\/wp-json\/wp\/v2\/pages"}],"about":[{"href":"https:\/\/prceu.usp.br\/usp60\/wp-json\/wp\/v2\/types\/page"}],"author":[{"embeddable":true,"href":"https:\/\/prceu.usp.br\/usp60\/wp-json\/wp\/v2\/users\/73"}],"replies":[{"embeddable":true,"href":"https:\/\/prceu.usp.br\/usp60\/wp-json\/wp\/v2\/comments?post=32112"}],"version-history":[{"count":12,"href":"https:\/\/prceu.usp.br\/usp60\/wp-json\/wp\/v2\/pages\/32112\/revisions"}],"predecessor-version":[{"id":35346,"href":"https:\/\/prceu.usp.br\/usp60\/wp-json\/wp\/v2\/pages\/32112\/revisions\/35346"}],"wp:attachment":[{"href":"https:\/\/prceu.usp.br\/usp60\/wp-json\/wp\/v2\/media?parent=32112"}],"curies":[{"name":"wp","href":"https:\/\/api.w.org\/{rel}","templated":true}]}}