{"id":32140,"date":"2026-01-27T11:16:07","date_gmt":"2026-01-27T14:16:07","guid":{"rendered":"https:\/\/prceu.usp.br\/usp60\/?page_id=32140"},"modified":"2026-02-09T10:15:27","modified_gmt":"2026-02-09T13:15:27","slug":"atividade-cultural-lorena","status":"publish","type":"page","link":"https:\/\/prceu.usp.br\/usp60\/atividade-cultural-lorena\/","title":{"rendered":"ATIVIDADE CULTURAL &#8211; LORENA"},"content":{"rendered":"<b>As atividades culturais s\u00e3o exclusivas para os alunos do Programa USP 60+ e visam desenvolver a experi\u00eancia cultural e did\u00e1tica dos participantes, atrav\u00e9s de: palestras, cursos, excurs\u00f5es, semanas culturais etc.\u00a0<\/b><\/p>\n<div style=\"background: #f8fafc; border: 1px solid #e2e8f0; border-radius: 12px; padding: 20px; margin-bottom: 30px;\">\n<h3 style=\"margin-top: 0; color: #1e293b; text-align: center;\">Guia de Atividades Culturais &#8211; USP Lorena 2026<\/h3>\n<ul style=\"list-style-type: none; padding: 0; margin: 0; font-size: 0.85rem; line-height: 1.6;\">\n<li style=\"margin-bottom: 8px;\">\u2022 <a href=\"#lor01\">Clube de Leitura 60+ de Lorena<\/a><\/li>\n<li style=\"margin-bottom: 8px;\">\u2022 <a href=\"#lor02\">Franc\u00eas: Gram\u00e1tica e Conversa\u00e7\u00e3o<\/a><\/li>\n<li style=\"margin-bottom: 8px;\">\u2022 <a href=\"#lor03\">Introdu\u00e7\u00e3o \u00e0 Inform\u00e1tica<\/a><\/li>\n<li style=\"margin-bottom: 8px;\">\u2022 <a href=\"#lor04\">Ingl\u00eas B\u00e1sico para a Terceira Idade<\/a><\/li>\n<\/ul>\n<\/div>\n<div class=\"su-spoiler su-spoiler-style-fancy su-spoiler-icon-chevron-circle su-spoiler-closed\" data-anchor=\"lor01\" data-scroll-offset=\"0\" data-anchor-in-url=\"no\"><div class=\"su-spoiler-title\" tabindex=\"0\" role=\"button\"><span class=\"su-spoiler-icon\"><\/span>Clube de Leitura 60+ de Lorena<\/div><div class=\"su-spoiler-content su-u-clearfix su-u-trim\">\n<div style=\"padding: 15px;\"><strong><\/p>\n<p>Tipo de Atividade:<\/strong> Atividade Cultural<br \/>\n<strong>Unidade:<\/strong> Escola de Engenharia de Lorena | EEL<br \/>\n<strong>Campus:<\/strong> Lorena<br \/>\n<strong>Modalidade:<\/strong> On-line<br \/>\n<strong>Respons\u00e1vel:<\/strong> Eliane Corr\u00eaa Pedrozo<br \/>\n<strong>Objetivos:<\/strong><br \/>\nPropor a\u00e7\u00f5es relacionadas \u00e0 leitura como forma de lazer na tentativa de modificar o cotidiano das pessoas 60+. O lazer em grupo \u00e9 uma forma de atenuar sentimentos acarretados pela solid\u00e3o e\/ou por uma vida sedent\u00e1ria, contribuindo para a melhoria da qualidade de vida. Dentre as atividades de lazer, o ato da leitura, al\u00e9m de possibilitar ao indiv\u00edduo novos conhecimentos, extravasar os sentimentos e desenvolver a intelig\u00eancia ir\u00e1 ampliar o conv\u00edvio social e integrar-se na sociedade. A atividade da leitura pode promover as rela\u00e7\u00f5es intergeracionais, proporcionando a troca de experi\u00eancias e a intera\u00e7\u00e3o entre jovens e idosos, no caso de participa\u00e7\u00e3o do professor respons\u00e1vel e outros convidados mais jovens.<\/p>\n<hr style=\"border-top: 1px dashed #ccc;\" \/>\n<p><strong>Local:<\/strong> On-line (Escola de Engenharia de Lorena)<br \/>\n<strong>Endere\u00e7o:<\/strong> Estrada Municipal do Campinho, 100 &#8211; Bairro Campinho<br \/>\n<strong>CEP:<\/strong> 12600-810<br \/>\n<strong>Data:<\/strong> 03\/03\/2026 a 26\/06\/2026<br \/>\n<strong>Hor\u00e1rio:<\/strong> Das 14:30 \u00e0s 17:00 \u00e0s ter\u00e7as-feiras<br \/>\n<strong>Vagas:<\/strong> 60<br \/>\n<strong>Per\u00edodo:<\/strong> Tarde<br \/>\n<strong>Pr\u00e9-Requisito:<\/strong> N\u00e3o h\u00e1<\/p>\n<hr style=\"border-top: 1px dashed #ccc;\" \/>\n<p><strong>Per\u00edodo de inscri\u00e7\u00f5es:<\/strong> 02\/02\/2026 a 20\/02\/2026<br \/>\n<strong>Forma de inscri\u00e7\u00e3o:<\/strong> E-mail<br \/>\n<strong>Endere\u00e7o para inscri\u00e7\u00e3o:<\/strong> <a href=\"mailto:ecpedrozo@usp.br\">ecpedrozo@usp.br<\/a> \/ <a href=\"mailto:terezinhareis@usp.br\">terezinhareis@usp.br<\/a><br \/>\n<strong>Forma de divulga\u00e7\u00e3o do resultado:<\/strong> E-mail<br \/>\n<strong>Contato para d\u00favidas:<\/strong> Contato para d\u00favidas: ccex@eel.usp.br \/ (012) 3159-5151<\/p>\n<\/div>\n<\/div><\/div>\n<div class=\"su-spoiler su-spoiler-style-fancy su-spoiler-icon-chevron-circle su-spoiler-closed\" data-anchor=\"lor02\" data-scroll-offset=\"0\" data-anchor-in-url=\"no\"><div class=\"su-spoiler-title\" tabindex=\"0\" role=\"button\"><span class=\"su-spoiler-icon\"><\/span>Franc\u00eas: Gram\u00e1tica e Conversa\u00e7\u00e3o<\/div><div class=\"su-spoiler-content su-u-clearfix su-u-trim\">\n<div style=\"padding: 15px;\"><strong><\/p>\n<p>Tipo de Atividade:<\/strong> Atividade Cultural<br \/>\n<strong>Unidade:<\/strong> Escola de Engenharia de Lorena | EEL<br \/>\n<strong>Campus:<\/strong> Lorena<br \/>\n<strong>Modalidade:<\/strong> Presencial<br \/>\n<strong>Respons\u00e1vel:<\/strong> Simone de F\u00e1tima Medeiros Sampaio<br \/>\n<strong>Objetivos:<\/strong> Desenvolver a compreens\u00e3o e a comunica\u00e7\u00e3o b\u00e1sica no idioma, promovendo aprendizado cultural e lingu\u00edstico de forma acess\u00edvel.<\/p>\n<hr style=\"border-top: 1px dashed #ccc;\" \/>\n<p><strong>Local:<\/strong> Escola de Engenharia de Lorena-EEL, \u00c1rea I<br \/>\n<strong>Endere\u00e7o:<\/strong> Estrada Municipal do Campinho, 1000 &#8211; Bairro do Campinho<br \/>\n<strong>CEP:<\/strong> 12.600-810<br \/>\n<strong>Data:<\/strong> 03\/03\/2026 a 23\/06\/2026<br \/>\n<strong>Hor\u00e1rio:<\/strong> Das 14:00 \u00e0s 16:00 \u00e0s ter\u00e7as-feiras<br \/>\n<strong>Vagas:<\/strong> 30<br \/>\n<strong>Per\u00edodo:<\/strong> Tarde<br \/>\n<strong>Pr\u00e9-Requisito:<\/strong> N\u00e3o h\u00e1<\/p>\n<hr style=\"border-top: 1px dashed #ccc;\" \/>\n<p><strong>Per\u00edodo de inscri\u00e7\u00f5es:<\/strong> 02\/02\/2026 a 20\/02\/2026<br \/>\n<strong>Forma de inscri\u00e7\u00e3o:<\/strong> Formul\u00e1rio Online (Link abaixo) ou E-mail<br \/>\n<strong>Endere\u00e7o para inscri\u00e7\u00e3o:<\/strong> <a href=\"https:\/\/docs.google.com\/forms\/d\/e\/1FAIpQLSdiLHWxmXrcJI2WtQBijFyZZBGbCt-itYuEOhAeoHHEgizYrA\/viewform?usp=header\" target=\"_blank\" rel=\"noopener\">Clique aqui para acessar o formul\u00e1rio<\/a><br \/>\n<strong>Forma de divulga\u00e7\u00e3o do resultado:<\/strong> E-mail<br \/>\n<strong>Contato para d\u00favidas:<\/strong> Contato para d\u00favidas: ccex@eel.usp.br \/ (012) 3159-5151<\/p>\n<\/div>\n<\/div><\/div>\n<div class=\"su-spoiler su-spoiler-style-fancy su-spoiler-icon-chevron-circle su-spoiler-closed\" data-anchor=\"lor03\" data-scroll-offset=\"0\" data-anchor-in-url=\"no\"><div class=\"su-spoiler-title\" tabindex=\"0\" role=\"button\"><span class=\"su-spoiler-icon\"><\/span>Introdu\u00e7\u00e3o \u00e0 Inform\u00e1tica<\/div><div class=\"su-spoiler-content su-u-clearfix su-u-trim\">\n<div style=\"padding: 15px;\"><strong><\/p>\n<p>Tipo de Atividade:<\/strong> Atividade Cultural<br \/>\n<strong>Unidade:<\/strong> Escola de Engenharia de Lorena | EEL<br \/>\n<strong>Campus:<\/strong> Lorena<br \/>\n<strong>Modalidade:<\/strong> Presencial<br \/>\n<strong>Respons\u00e1vel:<\/strong> Divanildo de Sousa<br \/>\n<strong>Objetivos:<\/strong> Proporcionar ao p\u00fablico 60+ o conhecimento e o aprendizado dos conceitos b\u00e1sicos da inform\u00e1tica.<\/p>\n<hr style=\"border-top: 1px dashed #ccc;\" \/>\n<p><strong>Local:<\/strong> Escola de Engenharia de Lorena-EEL<br \/>\n<strong>Endere\u00e7o:<\/strong> Estrada Municipal do Campinho, 110 &#8211; Bairro do Campinho<br \/>\n<strong>CEP:<\/strong> 12.600-810<br \/>\n<strong>Data:<\/strong> 09\/03\/2026 a 29\/06\/2026<br \/>\n<strong>Hor\u00e1rio:<\/strong> Das 14:00 \u00e0s 16:00 \u00e0s segundas-feiras<br \/>\n<strong>Vagas:<\/strong> 20<br \/>\n<strong>Per\u00edodo:<\/strong> Tarde<br \/>\n<strong>Pr\u00e9-Requisito:<\/strong> N\u00e3o h\u00e1<\/p>\n<hr style=\"border-top: 1px dashed #ccc;\" \/>\n<p><strong>Per\u00edodo de inscri\u00e7\u00f5es:<\/strong> 02\/02\/2026 a 20\/02\/2026<br \/>\n<strong>Forma de inscri\u00e7\u00e3o:<\/strong> Formul\u00e1rio Online<br \/>\n<strong>Endere\u00e7o para inscri\u00e7\u00e3o:<\/strong> <a href=\"https:\/\/docs.google.com\/forms\/d\/e\/1FAIpQLSdDYvj1m0hyF9-YqHikH_r09BQM1H4wwtPy_cXysAy4Sbwsdg\/viewform?usp=header\" target=\"_blank\" rel=\"noopener\">Clique aqui para acessar o formul\u00e1rio<\/a><br \/>\n<strong>Forma de divulga\u00e7\u00e3o do resultado:<\/strong> E-mail<br \/>\n<strong>Contato para d\u00favidas:<\/strong> Contato para d\u00favidas: ccex@eel.usp.br \/ (012) 3159-5151<\/p>\n<\/div>\n<\/div><\/div>\n<div class=\"su-spoiler su-spoiler-style-fancy su-spoiler-icon-chevron-circle su-spoiler-closed\" data-anchor=\"lor04\" data-scroll-offset=\"0\" data-anchor-in-url=\"no\"><div class=\"su-spoiler-title\" tabindex=\"0\" role=\"button\"><span class=\"su-spoiler-icon\"><\/span>Ingl\u00eas B\u00e1sico para a Terceira Idade<\/div><div class=\"su-spoiler-content su-u-clearfix su-u-trim\">\n<div style=\"padding: 15px;\"><strong><\/p>\n<p>Tipo de Atividade:<\/strong> Atividade Cultural<br \/>\n<strong>Unidade:<\/strong> Escola de Engenharia de Lorena | EEL<br \/>\n<strong>Campus:<\/strong> Lorena<br \/>\n<strong>Modalidade:<\/strong> Presencial<br \/>\n<strong>Respons\u00e1vel:<\/strong> Daniela Pelegrine Guimar\u00e3es<br \/>\n<strong>Objetivos:<\/strong> Apresentar o ingl\u00eas de forma leve, acess\u00edvel e divertida. Curso foca na comunica\u00e7\u00e3o b\u00e1sica em situa\u00e7\u00f5es do cotidiano, como cumprimentos, apresenta\u00e7\u00f5es pessoais, n\u00fameros, hor\u00e1rios, viagens e compras.<\/p>\n<hr style=\"border-top: 1px dashed #ccc;\" \/>\n<p><strong>Local:<\/strong> Escola de Engenharia de Lorena-EEL<br \/>\n<strong>Endere\u00e7o:<\/strong> Estrada Municipal do Campinho, 110 &#8211; Bairro do Campinho<br \/>\n<strong>CEP:<\/strong> 12600-810<br \/>\n<strong>Data:<\/strong> 26\/02\/2026 a 25\/06\/2026<br \/>\n<strong>Hor\u00e1rio:<\/strong> Das 14:00 \u00e0s 16:00 \u00e0s quintas-feiras<br \/>\n<strong>Vagas:<\/strong> 10<br \/>\n<strong>Per\u00edodo:<\/strong> Tarde<br \/>\n<strong>Pr\u00e9-Requisito:<\/strong> N\u00e3o h\u00e1<\/p>\n<hr style=\"border-top: 1px dashed #ccc;\" \/>\n<p><strong>Per\u00edodo de inscri\u00e7\u00f5es:<\/strong> 02\/02\/2026 a 20\/02\/2026<br \/>\n<strong>Forma de inscri\u00e7\u00e3o:<\/strong> Por telefone<br \/>\n<strong>Endere\u00e7o para inscri\u00e7\u00e3o:<\/strong>\u00a0ccex@eel.usp.br \/ (012) 3159-5151 e whatssapp: (012) 98110-0121<br \/>\n<strong>Forma de divulga\u00e7\u00e3o do resultado:<\/strong> E-mail<br \/>\n<strong>Contato para d\u00favidas:<\/strong> Contato para d\u00favidas: ccex@eel.usp.br \/ (012) 3159-5151 e whatssapp: (012) 98110-0121<\/p>\n<\/div>\n<\/div><\/div>","protected":false},"excerpt":{"rendered":"<p>As atividades culturais s\u00e3o exclusivas para os alunos do Programa USP 60+ e visam desenvolver a experi\u00eancia cultural e did\u00e1tica dos participantes, atrav\u00e9s de: palestras, cursos, excurs\u00f5es, semanas culturais etc.\u00a0 Guia de Atividades Culturais &#8211; USP Lorena 2026 \u2022 Clube de Leitura 60+ de Lorena \u2022 Franc\u00eas: Gram\u00e1tica e Conversa\u00e7\u00e3o \u2022 Introdu\u00e7\u00e3o \u00e0 Inform\u00e1tica \u2022 [&hellip;]<\/p>\n","protected":false},"author":73,"featured_media":0,"parent":0,"menu_order":0,"comment_status":"closed","ping_status":"closed","template":"","meta":{"footnotes":""},"class_list":["post-32140","page","type-page","status-publish","hentry"],"_links":{"self":[{"href":"https:\/\/prceu.usp.br\/usp60\/wp-json\/wp\/v2\/pages\/32140","targetHints":{"allow":["GET"]}}],"collection":[{"href":"https:\/\/prceu.usp.br\/usp60\/wp-json\/wp\/v2\/pages"}],"about":[{"href":"https:\/\/prceu.usp.br\/usp60\/wp-json\/wp\/v2\/types\/page"}],"author":[{"embeddable":true,"href":"https:\/\/prceu.usp.br\/usp60\/wp-json\/wp\/v2\/users\/73"}],"replies":[{"embeddable":true,"href":"https:\/\/prceu.usp.br\/usp60\/wp-json\/wp\/v2\/comments?post=32140"}],"version-history":[{"count":8,"href":"https:\/\/prceu.usp.br\/usp60\/wp-json\/wp\/v2\/pages\/32140\/revisions"}],"predecessor-version":[{"id":35319,"href":"https:\/\/prceu.usp.br\/usp60\/wp-json\/wp\/v2\/pages\/32140\/revisions\/35319"}],"wp:attachment":[{"href":"https:\/\/prceu.usp.br\/usp60\/wp-json\/wp\/v2\/media?parent=32140"}],"curies":[{"name":"wp","href":"https:\/\/api.w.org\/{rel}","templated":true}]}}