{"id":32160,"date":"2026-01-28T18:23:44","date_gmt":"2026-01-28T21:23:44","guid":{"rendered":"https:\/\/prceu.usp.br\/usp60\/?page_id=32160"},"modified":"2026-02-09T13:06:59","modified_gmt":"2026-02-09T16:06:59","slug":"cursos-de-extensao-piracicaba","status":"publish","type":"page","link":"https:\/\/prceu.usp.br\/usp60\/cursos-de-extensao-piracicaba\/","title":{"rendered":"CURSOS DE EXTENS\u00c3O \u2013 PIRACICABA"},"content":{"rendered":"<b>Os cursos de Extens\u00e3o Universit\u00e1ria da Universidade de S\u00e3o Paulo pressup\u00f5em a forma\u00e7\u00e3o profissional e a educa\u00e7\u00e3o continuada e visam especializar, aperfei\u00e7oar, atualizar e\/ou difundir conhecimentos e podem ser ministrados presencialmente ou a dist\u00e2ncia.\u00a0<\/b><\/p>\n<div style=\"background-color: #f9f9f9; padding: 20px; border: 1px solid #ddd; border-radius: 5px; margin-bottom: 25px;\">\n<h3 style=\"margin-top: 0;\">Guia de Cursos de Extens\u00e3o &#8211; Piracicaba 2026<\/h3>\n<ul style=\"column-count: 2; column-gap: 30px; list-style-type: none; padding-left: 0;\">\n<li><a href=\"#pir01\">Montagem de plantas para o Herb\u00e1rio ESA<\/a><\/li>\n<\/ul>\n<\/div>\n<div class=\"su-spoiler su-spoiler-style-fancy su-spoiler-icon-chevron-circle su-spoiler-closed\" data-anchor=\"pir01\" data-scroll-offset=\"0\" data-anchor-in-url=\"no\"><div class=\"su-spoiler-title\" tabindex=\"0\" role=\"button\"><span class=\"su-spoiler-icon\"><\/span>Montagem de plantas para o Herb\u00e1rio ESA<\/div><div class=\"su-spoiler-content su-u-clearfix su-u-trim\">\n<div style=\"padding: 15px;\"><strong><\/p>\n<p>Tipo de Atividade:<\/strong> Curso de Extens\u00e3o<br \/>\n<strong>Unidade:<\/strong> Escola Superior de Agricultura &#8220;Luiz de Queiroz&#8221; | ESALQ<br \/>\n<strong>Campus:<\/strong> Piracicaba<br \/>\n<strong>Modalidade:<\/strong> Presencial<br \/>\n<strong>Respons\u00e1vel:<\/strong> Viviane Jono<br \/>\n<strong>Objetivos:<\/strong> Um herb\u00e1rio \u00e9 uma cole\u00e7\u00e3o geralmente composta por plantas secas e prensadas. Nesta atividade voc\u00ea ir\u00e1 aprender os m\u00e9todos e pr\u00e1ticas mais comuns em conserva\u00e7\u00e3o de plantas em herb\u00e1rio, auxiliar na montagem das exsicatas, afixando as plantas em cartolina juntamente com as suas informa\u00e7\u00f5es de coleta. Venha colaborar com o Herb\u00e1rio ESA produzindo as exsicatas que ir\u00e3o compor o nosso acervo e fazer parte da nossa hist\u00f3ria!<\/p>\n<hr style=\"border-top: 1px dashed #ccc;\" \/>\n<p><strong>Local:<\/strong> Herb\u00e1rio ESA (Departamento de Ci\u00eancias Biol\u00f3gicas)<br \/>\n<strong>Endere\u00e7o:<\/strong> Alameda Principal s.n. (altura do pr\u00e9dio da Horticultura), ESALQ-USP<br \/>\n<b>Pr\u00e9-requisitos:<\/b><span style=\"font-weight: 400;\"> N\u00e3o h\u00e1<\/span><br \/>\n<b>Vagas<\/b><span style=\"font-weight: 400;\">: 6<\/span><br \/>\n<strong>Data:<\/strong> 23\/02\/2026 a 02\/07\/2026<br \/>\n<strong>Hor\u00e1rio:<\/strong> Das 14:00 \u00e0s 16:00 de segunda \u00e0 quinta-feira<\/p>\n<hr style=\"border-top: 1px dashed #ccc;\" \/>\n<p><strong>Per\u00edodo de inscri\u00e7\u00f5es:<\/strong> 02\/02\/2026 a 20\/02\/2026<br \/>\n<strong>Forma de inscri\u00e7\u00e3o:<\/strong> Formul\u00e1rio<br \/>\n<strong>Endere\u00e7o para inscri\u00e7\u00e3o:<\/strong> <a href=\"https:\/\/forms.gle\/yU6F1qfzMw7STjVx7\" target=\"_blank\" rel=\"noopener\">Clique aqui para se inscrever.<\/a><br \/>\n<strong>Material do curso:<\/strong> Material Impresso<br \/>\n<strong>Forma de divulga\u00e7\u00e3o do resultado:<\/strong> E-mail<br \/>\n<strong>Contato para d\u00favidas:<\/strong> Alameda Principal s.n. (altura do pr\u00e9dio da Horticultura), ESALQ-USP &#8211; Viviane no telefone (19) 3447-6723.<\/p>\n<\/div>\n<\/div><\/div>","protected":false},"excerpt":{"rendered":"<p>Os cursos de Extens\u00e3o Universit\u00e1ria da Universidade de S\u00e3o Paulo pressup\u00f5em a forma\u00e7\u00e3o profissional e a educa\u00e7\u00e3o continuada e visam especializar, aperfei\u00e7oar, atualizar e\/ou difundir conhecimentos e podem ser ministrados presencialmente ou a dist\u00e2ncia.\u00a0 Guia de Cursos de Extens\u00e3o &#8211; Piracicaba 2026 Montagem de plantas para o Herb\u00e1rio ESA<\/p>\n","protected":false},"author":73,"featured_media":0,"parent":0,"menu_order":0,"comment_status":"closed","ping_status":"closed","template":"","meta":{"footnotes":""},"class_list":["post-32160","page","type-page","status-publish","hentry"],"_links":{"self":[{"href":"https:\/\/prceu.usp.br\/usp60\/wp-json\/wp\/v2\/pages\/32160","targetHints":{"allow":["GET"]}}],"collection":[{"href":"https:\/\/prceu.usp.br\/usp60\/wp-json\/wp\/v2\/pages"}],"about":[{"href":"https:\/\/prceu.usp.br\/usp60\/wp-json\/wp\/v2\/types\/page"}],"author":[{"embeddable":true,"href":"https:\/\/prceu.usp.br\/usp60\/wp-json\/wp\/v2\/users\/73"}],"replies":[{"embeddable":true,"href":"https:\/\/prceu.usp.br\/usp60\/wp-json\/wp\/v2\/comments?post=32160"}],"version-history":[{"count":11,"href":"https:\/\/prceu.usp.br\/usp60\/wp-json\/wp\/v2\/pages\/32160\/revisions"}],"predecessor-version":[{"id":35350,"href":"https:\/\/prceu.usp.br\/usp60\/wp-json\/wp\/v2\/pages\/32160\/revisions\/35350"}],"wp:attachment":[{"href":"https:\/\/prceu.usp.br\/usp60\/wp-json\/wp\/v2\/media?parent=32160"}],"curies":[{"name":"wp","href":"https:\/\/api.w.org\/{rel}","templated":true}]}}