{"id":33504,"date":"2026-01-27T10:46:45","date_gmt":"2026-01-27T13:46:45","guid":{"rendered":"https:\/\/prceu.usp.br\/usp60\/?page_id=33504"},"modified":"2026-02-09T11:24:20","modified_gmt":"2026-02-09T14:24:20","slug":"disciplinas-regulares-lorena","status":"publish","type":"page","link":"https:\/\/prceu.usp.br\/usp60\/disciplinas-regulares-lorena\/","title":{"rendered":"DISCIPLINAS REGULARES &#8211; LORENA"},"content":{"rendered":"<b>S\u00e3o disciplinas onde os alunos do Programa USP 60+ assistem aulas com os alunos da gradua\u00e7\u00e3o da Universidade de S\u00e3o Paulo.<\/b><\/p>\n<div style=\"background: #f8fafc; border: 1px solid #e2e8f0; border-radius: 12px; padding: 20px; margin-bottom: 30px;\">\n<h3 style=\"margin-top: 0; color: #1e293b; text-align: center;\">Guia de Disciplinas &#8211; USP Lorena 2026<\/h3>\n<ul style=\"list-style-type: none; padding: 0; margin: 0; font-size: 0.85rem; line-height: 1.6;\">\n<li style=\"margin-bottom: 8px;\">\u2022 <a href=\"#lo01\">Empreendedorismo e Inova\u00e7\u00e3o (Turma A)<\/a><\/li>\n<li style=\"margin-bottom: 8px;\">\u2022 <a href=\"#lo02\">Empreendedorismo e Inova\u00e7\u00e3o (Turma B)<\/a><\/li>\n<li style=\"margin-bottom: 8px;\">\u2022 <a href=\"#lo03\">Gest\u00e3o de Neg\u00f3cios<\/a><\/li>\n<\/ul>\n<\/div>\n<div class=\"su-spoiler su-spoiler-style-fancy su-spoiler-icon-chevron-circle su-spoiler-closed\" data-anchor=\"lo01\" data-scroll-offset=\"0\" data-anchor-in-url=\"no\"><div class=\"su-spoiler-title\" tabindex=\"0\" role=\"button\"><span class=\"su-spoiler-icon\"><\/span>Empreendedorismo e Inova\u00e7\u00e3o (Turma A)<\/div><div class=\"su-spoiler-content su-u-clearfix su-u-trim\">\n<div style=\"padding: 15px;\"><strong><\/p>\n<p>Tipo de Atividade:<\/strong> Disciplina Regular<br \/>\n<strong>Unidade:<\/strong> Escola de Engenharia de Lorena | EEL<br \/>\n<strong>Campus:<\/strong> Lorena<br \/>\n<strong>Modalidade:<\/strong> Presencial<br \/>\n<strong>Respons\u00e1vel:<\/strong> Humberto Felipe da Silva<br \/>\n<strong>Objetivos:<\/strong> Fomentar a cultura do empreendedorismo e da Inova\u00e7\u00e3o; Desenvolver habilidades empreendedoras; Apresentar conhecimentos necess\u00e1rios para a cria\u00e7\u00e3o de startups. A disciplina \u00e9 aplicada atrav\u00e9s de Aprendizagem baseada em Projetos, onde o projeto a ser desenvolvido \u00e9 da cria\u00e7\u00e3o de uma startup com uma proposta de produto\/servi\u00e7o inovador ao longo do semestre.<\/p>\n<hr style=\"border-top: 1px dashed #ccc;\" \/>\n<p><strong>Local:<\/strong> Escola de Engenharia de Lorena-EEL &#8211; \u00c1rea I<br \/>\n<strong>Endere\u00e7o:<\/strong> Estrada Municipal do Campinho, 100 &#8211; Bairro do Campinho<br \/>\n<strong>CEP:<\/strong> 12.600-810<br \/>\n<strong>Data:<\/strong> 03\/03\/2026 a 26\/06\/2026<br \/>\n<strong>Hor\u00e1rio:<\/strong> Das 19:00 \u00e0s 21:00 \u00e0s ter\u00e7as-feiras<br \/>\n<strong>Vagas:<\/strong> 5<br \/>\n<strong>Per\u00edodo:<\/strong> Noite<br \/>\n<strong>Pr\u00e9-Requisito:<\/strong> N\u00e3o h\u00e1<\/p>\n<hr style=\"border-top: 1px dashed #ccc;\" \/>\n<p><strong>Per\u00edodo de inscri\u00e7\u00f5es:<\/strong> 02\/02\/2026 a 20\/02\/2026<br \/>\n<strong>Forma de inscri\u00e7\u00e3o:<\/strong> Formul\u00e1rio Online (Link no campo abaixo)<br \/>\n<strong>Endere\u00e7o para inscri\u00e7\u00e3o:<\/strong> <a href=\"https:\/\/docs.google.com\/forms\/d\/e\/1FAIpQLSffIkCnYsxN-CwuVULTdCgXeNt7rmEg6SdXYsRZlxIjAEVH-Q\/viewform?usp=header\" target=\"_blank\" rel=\"noopener\">Clique aqui para acessar o formul\u00e1rio<\/a><br \/>\n<strong>Material do curso:<\/strong> N\u00e3o informado<br \/>\n<strong>Forma de divulga\u00e7\u00e3o do resultado:<\/strong> E-mail<br \/>\n<strong>Contato para d\u00favidas:<\/strong> ccex@eel.usp.br \/ (012) 3159-5151<\/p>\n<\/div>\n<\/div><\/div>\n<div class=\"su-spoiler su-spoiler-style-fancy su-spoiler-icon-chevron-circle su-spoiler-closed\" data-anchor=\"lo02\" data-scroll-offset=\"0\" data-anchor-in-url=\"no\"><div class=\"su-spoiler-title\" tabindex=\"0\" role=\"button\"><span class=\"su-spoiler-icon\"><\/span>Empreendedorismo e Inova\u00e7\u00e3o (Turma B)<\/div><div class=\"su-spoiler-content su-u-clearfix su-u-trim\">\n<div style=\"padding: 15px;\"><strong><\/p>\n<p>Tipo de Atividade:<\/strong> Disciplina Regular<br \/>\n<strong>Unidade:<\/strong> Escola de Engenharia de Lorena | EEL<br \/>\n<strong>Campus:<\/strong> Lorena<br \/>\n<strong>Modalidade:<\/strong> Presencial<br \/>\n<strong>Respons\u00e1vel:<\/strong> Humberto Felipe da Silva<br \/>\n<strong>Objetivos:<\/strong> Fomentar a cultura do empreendedorismo e da Inova\u00e7\u00e3o; Desenvolver habilidades empreendedoras; Apresentar conhecimentos necess\u00e1rios para a cria\u00e7\u00e3o de startups. A disciplina \u00e9 aplicada atrav\u00e9s de Aprendizagem baseada em Projetos, onde o projeto a ser desenvolvido \u00e9 da cria\u00e7\u00e3o de uma startup com uma proposta de produto\/servi\u00e7o inovador ao longo do semestre.<\/p>\n<hr style=\"border-top: 1px dashed #ccc;\" \/>\n<p><strong>Local:<\/strong> Escola de Engenharia de Lorena-EEL &#8211; \u00c1rea I<br \/>\n<strong>Endere\u00e7o:<\/strong> Estrada Municipal do Campinho, 100 &#8211; Bairro do Campinho<br \/>\n<strong>CEP:<\/strong> 12.600-810<br \/>\n<strong>Data:<\/strong> 03\/03\/2026 a 30\/06\/2026<br \/>\n<strong>Hor\u00e1rio:<\/strong> Das 21:00 \u00e0s 23:00 \u00e0s ter\u00e7as-feiras<br \/>\n<strong>Vagas:<\/strong> 5<br \/>\n<strong>Per\u00edodo:<\/strong> Noite<br \/>\n<strong>Pr\u00e9-Requisito:<\/strong> N\u00e3o h\u00e1<\/p>\n<hr style=\"border-top: 1px dashed #ccc;\" \/>\n<p><strong>Per\u00edodo de inscri\u00e7\u00f5es:<\/strong> 02\/02\/2026 a 20\/02\/2026<br \/>\n<strong>Forma de inscri\u00e7\u00e3o:<\/strong> Formul\u00e1rio Online (Link no campo abaixo)<br \/>\n<strong>Endere\u00e7o para inscri\u00e7\u00e3o:<\/strong> <a href=\"https:\/\/docs.google.com\/forms\/d\/e\/1FAIpQLSffIkCnYsxN-CwuVULTdCgXeNt7rmEg6SdXYsRZlxIjAEVH-Q\/viewform?usp=header\" target=\"_blank\" rel=\"noopener\">Clique aqui para acessar o formul\u00e1rio<\/a><br \/>\n<strong>Material do curso:<\/strong> N\u00e3o informado<br \/>\n<strong>Forma de divulga\u00e7\u00e3o do resultado:<\/strong> E-mail<br \/>\n<strong>Contato para d\u00favidas:<\/strong> ccex@eel.usp.br \/ (012) 3159-5151<\/p>\n<\/div>\n<\/div><\/div>\n<div class=\"su-spoiler su-spoiler-style-fancy su-spoiler-icon-chevron-circle su-spoiler-closed\" data-anchor=\"lo03\" data-scroll-offset=\"0\" data-anchor-in-url=\"no\"><div class=\"su-spoiler-title\" tabindex=\"0\" role=\"button\"><span class=\"su-spoiler-icon\"><\/span>Gest\u00e3o de Neg\u00f3cios<\/div><div class=\"su-spoiler-content su-u-clearfix su-u-trim\">\n<div style=\"padding: 15px;\"><strong><\/p>\n<p>Tipo de Atividade:<\/strong> Disciplina Regular<br \/>\n<strong>Unidade:<\/strong> Escola de Engenharia de Lorena | EEL<br \/>\n<strong>Campus:<\/strong> Lorena<br \/>\n<strong>Modalidade:<\/strong> Presencial<br \/>\n<strong>Respons\u00e1vel:<\/strong> Humberto Felipe da Silva<br \/>\n<strong>Objetivos:<\/strong> Apresentar ao aluno o conceito de uma organiza\u00e7\u00e3o e os fundamentos de sua administra\u00e7\u00e3o; Caracterizar as diversas \u00e1reas funcionais existentes nas organiza\u00e7\u00f5es; Despertar o interesse dos alunos para quest\u00f5es de gest\u00e3o.<\/p>\n<hr style=\"border-top: 1px dashed #ccc;\" \/>\n<p><strong>Local:<\/strong> Escola de Engenharia de Lorena-EEL &#8211; \u00c1rea I<br \/>\n<strong>Endere\u00e7o:<\/strong> Estrada Municipal do Campinho, 100 &#8211; Bairro do Campinho<br \/>\n<strong>CEP:<\/strong> 12.600-810<br \/>\n<strong>Data:<\/strong> 03\/03\/2026 a 30\/06\/2026 \u00e0s ter\u00e7as-feiras<br \/>\n<strong>Hor\u00e1rio:<\/strong> Das 14:00 \u00e0s 16:00<br \/>\n<strong>Vagas:<\/strong> 5<br \/>\n<strong>Per\u00edodo:<\/strong> Tarde<br \/>\n<strong>Pr\u00e9-Requisito:<\/strong> N\u00e3o h\u00e1<\/p>\n<hr style=\"border-top: 1px dashed #ccc;\" \/>\n<p><strong>Per\u00edodo de inscri\u00e7\u00f5es:<\/strong> 02\/02\/2026 a 20\/02\/2026<br \/>\n<strong>Forma de inscri\u00e7\u00e3o:<\/strong> Formul\u00e1rio Online (Link no campo abaixo)<br \/>\n<strong>Endere\u00e7o para inscri\u00e7\u00e3o:<\/strong> <a href=\"https:\/\/docs.google.com\/forms\/d\/e\/1FAIpQLSczObBLIFGXV7wRHrmFQ3CQjsgj-Iwe-0kN9e20ZidThQ4OkA\/viewform?usp=header\" target=\"_blank\" rel=\"noopener\">Clique aqui para acessar o formul\u00e1rio<\/a><br \/>\n<strong>Material do curso:<\/strong> N\u00e3o informado<br \/>\n<strong>Forma de divulga\u00e7\u00e3o do resultado:<\/strong> E-mail<br \/>\n<strong>Contato para d\u00favidas:<\/strong> ccex@eel.usp.br \/ (012) 3159-5151<\/p>\n<\/div>\n<\/div><\/div>","protected":false},"excerpt":{"rendered":"<p>S\u00e3o disciplinas onde os alunos do Programa USP 60+ assistem aulas com os alunos da gradua\u00e7\u00e3o da Universidade de S\u00e3o Paulo. Guia de Disciplinas &#8211; USP Lorena 2026 \u2022 Empreendedorismo e Inova\u00e7\u00e3o (Turma A) \u2022 Empreendedorismo e Inova\u00e7\u00e3o (Turma B) \u2022 Gest\u00e3o de Neg\u00f3cios<\/p>\n","protected":false},"author":73,"featured_media":0,"parent":0,"menu_order":0,"comment_status":"closed","ping_status":"closed","template":"","meta":{"footnotes":""},"class_list":["post-33504","page","type-page","status-publish","hentry"],"_links":{"self":[{"href":"https:\/\/prceu.usp.br\/usp60\/wp-json\/wp\/v2\/pages\/33504","targetHints":{"allow":["GET"]}}],"collection":[{"href":"https:\/\/prceu.usp.br\/usp60\/wp-json\/wp\/v2\/pages"}],"about":[{"href":"https:\/\/prceu.usp.br\/usp60\/wp-json\/wp\/v2\/types\/page"}],"author":[{"embeddable":true,"href":"https:\/\/prceu.usp.br\/usp60\/wp-json\/wp\/v2\/users\/73"}],"replies":[{"embeddable":true,"href":"https:\/\/prceu.usp.br\/usp60\/wp-json\/wp\/v2\/comments?post=33504"}],"version-history":[{"count":8,"href":"https:\/\/prceu.usp.br\/usp60\/wp-json\/wp\/v2\/pages\/33504\/revisions"}],"predecessor-version":[{"id":35340,"href":"https:\/\/prceu.usp.br\/usp60\/wp-json\/wp\/v2\/pages\/33504\/revisions\/35340"}],"wp:attachment":[{"href":"https:\/\/prceu.usp.br\/usp60\/wp-json\/wp\/v2\/media?parent=33504"}],"curies":[{"name":"wp","href":"https:\/\/api.w.org\/{rel}","templated":true}]}}