{"id":33869,"date":"2025-09-22T17:03:05","date_gmt":"2025-09-22T20:03:05","guid":{"rendered":"https:\/\/prceu.usp.br\/usp60\/?page_id=33869"},"modified":"2026-02-03T10:49:25","modified_gmt":"2026-02-03T13:49:25","slug":"palestrantes-vi-simposio-2025","status":"publish","type":"page","link":"https:\/\/prceu.usp.br\/usp60\/palestrantes-vi-simposio-2025\/","title":{"rendered":"PALESTRANTES VI SIMP\u00d3SIO 2025"},"content":{"rendered":"<div style=\"text-align: center; margin-bottom: 30px;\"><img loading=\"lazy\" decoding=\"async\" class=\"alignnone size-medium wp-image-34394\" src=\"https:\/\/prceu.usp.br\/usp60\/wp-content\/uploads\/2025\/10\/barrinha-bloco-1-800x122.png\" alt=\"Barrinha Bloco 1\" width=\"800\" height=\"122\" srcset=\"https:\/\/prceu.usp.br\/usp60\/wp-content\/uploads\/2025\/10\/barrinha-bloco-1-800x122.png 800w, https:\/\/prceu.usp.br\/usp60\/wp-content\/uploads\/2025\/10\/barrinha-bloco-1-1280x196.png 1280w, https:\/\/prceu.usp.br\/usp60\/wp-content\/uploads\/2025\/10\/barrinha-bloco-1-768x118.png 768w, https:\/\/prceu.usp.br\/usp60\/wp-content\/uploads\/2025\/10\/barrinha-bloco-1.png 1536w\" sizes=\"auto, (max-width: 800px) 100vw, 800px\" \/><\/div>\n<div style=\"display: flex; align-items: center; gap: 20px; flex-wrap: wrap; margin-bottom: 40px;\">\n<div style=\"flex: 0 0 200px; text-align: center;\">\n<p><img decoding=\"async\" style=\"max-width: 100%; height: auto; border-radius: 50%;\" src=\"https:\/\/prceu.usp.br\/usp60\/wp-content\/uploads\/2025\/09\/yeda-duarte-1-600x600.png\" alt=\"Yeda Duarte\" \/><\/p>\n<h4 style=\"color: #339966; font-size: 18pt; margin-top: 10px;\"><strong>YEDA DUARTE<\/strong><\/h4>\n<\/div>\n<div style=\"flex: 1;\">Prof\u00aa Associada da Universidade de S\u00e3o Paulo.<br \/>\nDiretora do Departamento de Enfermagem do Hospital Universit\u00e1rio\/USP.<br \/>\nCoordenadora do Estudo SABE &#8211; Sa\u00fade, Bem estar e Envelhecimento.<br \/>\nCriadora do 1\u00ba Curso de Bacharelado em Gerontologia na USP.<\/div>\n<\/div>\n<div style=\"display: flex; align-items: center; gap: 20px; flex-wrap: wrap; margin-bottom: 40px;\">\n<div style=\"flex: 0 0 200px; text-align: center;\">\n<p><img decoding=\"async\" style=\"max-width: 100%; height: auto; border-radius: 50%;\" src=\"https:\/\/prceu.usp.br\/usp60\/wp-content\/uploads\/2025\/09\/sonia-brucki-600x600.png\" alt=\"S\u00f4nia Brucki\" \/><\/p>\n<h4 style=\"color: #339966; font-size: 18pt; margin-top: 10px;\"><strong>S\u00d4NIA BRUCKI<\/strong><\/h4>\n<\/div>\n<div style=\"flex: 1;\">Professora associada do Departamento de Neurologia da Faculdade de Medicina da Universidade de S\u00e3o Paulo (FMUSP).<br \/>\nCoordenadora do Grupo de Neurologia Cognitiva e do Comportamento do Hospital das Cl\u00ednicas da FMUSP.<br \/>\nRespons\u00e1vel pelo ambulat\u00f3rio de neurologia cognitiva do Hospital Santa Marcelina.<\/div>\n<\/div>\n<div style=\"display: flex; align-items: center; gap: 20px; flex-wrap: wrap; margin-bottom: 40px;\">\n<div style=\"flex: 0 0 200px; text-align: center;\">\n<p><img decoding=\"async\" style=\"max-width: 100%; height: auto; border-radius: 50%;\" src=\"https:\/\/prceu.usp.br\/usp60\/wp-content\/uploads\/2025\/09\/fabiana-balducci-600x600.png\" alt=\"Fabiana Balducci\" \/><\/p>\n<h4 style=\"color: #339966; font-size: 18pt; margin-top: 10px;\"><strong>FABIANA BALDUCCI<\/strong><\/h4>\n<\/div>\n<div style=\"flex: 1;\">Executiva s\u00eanior no setor banc\u00e1rio e de finan\u00e7as corporativas, com mais de 30 anos de experi\u00eancia.<br \/>\nProgress\u00e3o de carreira desde analista (1995) at\u00e9 s\u00f3cia e Managing Director no BR Partners Banco de Investimento.<br \/>\nFoi s\u00f3cia-fundadora da Lead Capital Partners (2019\u20132021) e atuou como Diretora no Credit Suisse (2006\u20132019).<br \/>\nTrabalhou em Corporate Finance, Financial Institutions e Cr\u00e9dito nos bancos BNP Paribas (2004\u20132005) e Bank of America (1994\u20132004), al\u00e9m de ter experi\u00eancia no Departamento Econ\u00f4mico do Banco Ita\u00fa.<br \/>\nGraduada em Economia pela PUC-SP (1994) e com MBA em Finan\u00e7as pelo Insper (2002).<br \/>\nAtuou como conselheira da TMA Brasil e presidente do Comit\u00ea de Cursos e Eventos; tamb\u00e9m lecionou em cursos de p\u00f3s-gradua\u00e7\u00e3o e educa\u00e7\u00e3o executiva no Insper e na FIA.<\/div>\n<\/div>\n<div style=\"display: flex; align-items: center; gap: 20px; flex-wrap: wrap; margin-bottom: 40px;\">\n<div style=\"flex: 0 0 200px; text-align: center;\">\n<p><img decoding=\"async\" style=\"max-width: 100%; height: auto; border-radius: 50%;\" src=\"https:\/\/prceu.usp.br\/usp60\/wp-content\/uploads\/2025\/09\/marilia-berzins-600x600.png\" alt=\"Marilia Berzins\" \/><\/p>\n<h4 style=\"color: #339966; font-size: 18pt; margin-top: 10px;\"><strong>MAR\u00cdLIA BERZINS<\/strong><\/h4>\n<\/div>\n<div style=\"flex: 1;\">Doutora em Sa\u00fade P\u00fablica, Mestre em Gerontologia Social, Especialista em Gerontologia, Assistente Social.<br \/>\nFuncion\u00e1ria p\u00fablica municipal aposentada.<br \/>\nPresidente do OLHE &#8211; Observat\u00f3rio da Longevidade Humana e Envelhecimento.<br \/>\nMembro da Diretoria da SBGG\/SP e membro do Canal <em>O Que Rola Na Geronto<\/em>.<\/div>\n<\/div>\n<div style=\"text-align: center; margin: 50px 0 30px;\"><img loading=\"lazy\" decoding=\"async\" class=\"alignnone size-medium wp-image-34395\" src=\"https:\/\/prceu.usp.br\/usp60\/wp-content\/uploads\/2025\/10\/barrinha-bloco-2-800x122.png\" alt=\"Barrinha Bloco 2\" width=\"800\" height=\"122\" srcset=\"https:\/\/prceu.usp.br\/usp60\/wp-content\/uploads\/2025\/10\/barrinha-bloco-2-800x122.png 800w, https:\/\/prceu.usp.br\/usp60\/wp-content\/uploads\/2025\/10\/barrinha-bloco-2-1280x196.png 1280w, https:\/\/prceu.usp.br\/usp60\/wp-content\/uploads\/2025\/10\/barrinha-bloco-2-768x118.png 768w, https:\/\/prceu.usp.br\/usp60\/wp-content\/uploads\/2025\/10\/barrinha-bloco-2.png 1536w\" sizes=\"auto, (max-width: 800px) 100vw, 800px\" \/><\/div>\n<div style=\"display: flex; align-items: center; gap: 20px; flex-wrap: wrap; margin-bottom: 40px;\">\n<div style=\"flex: 0 0 200px; text-align: center;\">\n<p><img decoding=\"async\" style=\"max-width: 100%; height: auto; border-radius: 50%;\" src=\"https:\/\/prceu.usp.br\/usp60\/wp-content\/uploads\/2025\/09\/mario-pedrazzolii-hd-600x600.png\" alt=\"M\u00e1rio Pedrazzoli\" \/><\/p>\n<h4 style=\"color: #339966; font-size: 18pt; margin-top: 10px;\"><strong>M\u00c1RIO PEDRAZZOLI<\/strong><\/h4>\n<\/div>\n<div style=\"flex: 1;\">Bi\u00f3logo, com Mestrado e Doutorado em Psicobiologia pela Universidade Federal de S\u00e3o Paulo, com \u00eanfase em Psicofarmacologia, Neuroqu\u00edmica e Sono.<br \/>\nRealizou p\u00f3s-doutorado em Gen\u00e9tica Molecular do Sono na Universidade de Stanford (EUA) e atualmente \u00e9 Professor Livre-Docente na Escola de Artes, Ci\u00eancias e Humanidades da Universidade de S\u00e3o Paulo (USP).<br \/>\nCoordena o Laborat\u00f3rio de Sono e Ritmos Circadianos e orienta nos programas de P\u00f3s-Gradua\u00e7\u00e3o em Neuroci\u00eancias e Comportamento e em Estudos Culturais da USP.<br \/>\nSua pesquisa abrange gen\u00e9tica dos ritmos circadianos e do sono, fisiologia do sono normal e patol\u00f3gico, bem como as interfaces entre sono, cultura e sociedade, incluindo o desenvolvimento de tecnologias aplicadas \u00e0 investiga\u00e7\u00e3o do sono.<\/div>\n<\/div>\n<div style=\"display: flex; align-items: center; gap: 20px; flex-wrap: wrap; margin-bottom: 40px;\">\n<div style=\"flex: 0 0 200px; text-align: center;\">\n<p><img decoding=\"async\" style=\"max-width: 100%; height: auto; border-radius: 50%;\" src=\"https:\/\/prceu.usp.br\/usp60\/wp-content\/uploads\/2025\/09\/tiago-frigini-1-600x600.png\" alt=\"Tiago Frigini\" \/><\/p>\n<h4 style=\"color: #339966; font-size: 18pt; margin-top: 10px;\"><strong>TIAGO FRIGINI<\/strong><\/h4>\n<\/div>\n<div style=\"flex: 1;\">M\u00e9dico formado pela Faculdade de Ci\u00eancias M\u00e9dicas da Santa Casa de S\u00e3o Paulo e especialista em inform\u00e1tica m\u00e9dica, atua h\u00e1 mais de 15 anos integrando assist\u00eancia e tecnologia em sa\u00fade. Liderou iniciativas de transforma\u00e7\u00e3o digital, telemedicina, monitoramento e suporte \u00e0 decis\u00e3o cl\u00ednica integradas ao prontu\u00e1rio eletr\u00f4nico, integrando tecnologia ao cuidado em diferentes linhas assistenciais com foco em seguran\u00e7a do paciente, diminui\u00e7\u00e3o do burden assistencial e melhoria de desfechos, com passagens por Amil, Americas Servi\u00e7os M\u00e9dicos e UHG Brasil. \u00c9 profissional certificado cpTICS pela SBIS (Sociedade Brasileira de Inform\u00e1tica em Sa\u00fade) e participa ativamente do ecossistema de inova\u00e7\u00e3o em sa\u00fade digital, incluindo presen\u00e7a como palestrante em congressos e simp\u00f3sios sobre tecnologia aplicada ao cuidado. \u00c9 co-fundador e atual CMIO da Galileu Sa\u00fade, um ecossistema de solu\u00e7\u00f5es que orquestra o sistema de sa\u00fade para gerar valor para as pessoas por meio da gest\u00e3o do cuidado em jornadas inteligentes e tecnologia inovadora.<\/div>\n<\/div>\n<div style=\"display: flex; align-items: center; gap: 20px; flex-wrap: wrap; margin-bottom: 40px;\">\n<div style=\"flex: 0 0 200px; text-align: center;\">\n<p><img decoding=\"async\" style=\"max-width: 100%; height: auto; border-radius: 50%;\" src=\"https:\/\/prceu.usp.br\/usp60\/wp-content\/uploads\/2025\/09\/miguel-malpartida-600x600.png\" alt=\"Miguel Malpartida\" \/><\/p>\n<h4 style=\"color: #339966; font-size: 18pt; margin-top: 10px;\"><strong>MIGUEL MALPARTIDA<\/strong><\/h4>\n<\/div>\n<div style=\"flex: 1;\">Humberto Miguel Garay Malpartida \u00e9 Professor Associado da Escola de Artes, Ci\u00eancias e Humanidades da Universidade de S\u00e3o Paulo (EACH-USP). Graduado em Ci\u00eancias Biol\u00f3gicas pela Universidad Ricardo Palma (Peru) e doutor em Ci\u00eancias (Farmacologia) pelo Instituto de Ci\u00eancias Biom\u00e9dicas da USP, realizou p\u00f3s-doutorado no Instituto de Qu\u00edmica da USP. Atua de forma interdisciplinar na investiga\u00e7\u00e3o de doen\u00e7as cr\u00f4nicas, com \u00eanfase em c\u00e2ncer e s\u00edndrome metab\u00f3lica, combinando modelos experimentais e estudos populacionais para compreender mecanismos celulares e moleculares, al\u00e9m de avaliar interven\u00e7\u00f5es preventivas, educa\u00e7\u00e3o em sa\u00fade e abordagens n\u00e3o farmacol\u00f3gicas no tratamento dessas condi\u00e7\u00f5es.<\/div>\n<\/div>\n<div style=\"text-align: center; margin: 50px 0 30px;\"><img loading=\"lazy\" decoding=\"async\" class=\"alignnone size-medium wp-image-34396\" src=\"https:\/\/prceu.usp.br\/usp60\/wp-content\/uploads\/2025\/10\/barrinha-bloco-3-800x122.png\" alt=\"Barrinha Bloco 3\" width=\"800\" height=\"122\" srcset=\"https:\/\/prceu.usp.br\/usp60\/wp-content\/uploads\/2025\/10\/barrinha-bloco-3-800x122.png 800w, https:\/\/prceu.usp.br\/usp60\/wp-content\/uploads\/2025\/10\/barrinha-bloco-3-1280x196.png 1280w, https:\/\/prceu.usp.br\/usp60\/wp-content\/uploads\/2025\/10\/barrinha-bloco-3-768x118.png 768w, https:\/\/prceu.usp.br\/usp60\/wp-content\/uploads\/2025\/10\/barrinha-bloco-3.png 1536w\" sizes=\"auto, (max-width: 800px) 100vw, 800px\" \/><\/div>\n<div style=\"display: flex; align-items: center; gap: 20px; flex-wrap: wrap; margin-bottom: 40px;\">\n<div style=\"flex: 0 0 200px; text-align: center;\">\n<p><img decoding=\"async\" style=\"max-width: 100%; height: auto; border-radius: 50%;\" src=\"https:\/\/prceu.usp.br\/usp60\/wp-content\/uploads\/2025\/09\/andres-antunez-1-600x600.png\" alt=\"Andres Antunez\" \/><\/p>\n<h4 style=\"color: #339966; font-size: 18pt; margin-top: 10px;\"><strong>ANDR\u00c9S ANTUNEZ<\/strong><\/h4>\n<\/div>\n<div style=\"flex: 1;\">Andr\u00e9s Eduardo Aguirre Ant\u00fanez \u00e9 Professor Associado III do Instituto de Psicologia da Universidade de S\u00e3o Paulo (USP), onde coordena o Laborat\u00f3rio de Sa\u00fade Mental Multim\u00e9todo (LABSAMM). \u00c9 Presidente da Associa\u00e7\u00e3o Brasileira de Rorschach e M\u00e9todos Projetivos (ASBRo). Tem Livre-Doc\u00eancia em Psicologia Cl\u00ednica pela USP, atua principalmente na avalia\u00e7\u00e3o psicol\u00f3gica, psicopatologia fenomenol\u00f3gica, fenomenologia da vida e m\u00e9todos projetivos, em especial o m\u00e9todo das manchas de tinta de Rorschach. \u00c9 tradutor e divulgador de autores fundamentais como Michel Henry, Fran\u00e7oise Minkowska e Eug\u00e8ne Minkowski, promovendo o di\u00e1logo entre a tradi\u00e7\u00e3o europeia e a psicologia brasileira. Membro da Soci\u00e9t\u00e9 International de Psychopathologie Ph\u00e9nom\u00e8no-structurale, Fran\u00e7a. Preside o C\u00edrculo fenomenol\u00f3gico da vida e da cl\u00ednica IPUSP. Bolsista de produtividade em pesquisa do CNPq, tem contribu\u00eddo para a consolida\u00e7\u00e3o da psicologia cl\u00ednica fenomenol\u00f3gica no Brasil e na Am\u00e9rica Latina.<\/div>\n<\/div>\n<div style=\"display: flex; align-items: center; gap: 20px; flex-wrap: wrap; margin-bottom: 40px;\">\n<div style=\"flex: 0 0 200px; text-align: center;\">\n<p><img decoding=\"async\" style=\"max-width: 100%; height: auto; border-radius: 50%;\" src=\"https:\/\/prceu.usp.br\/usp60\/wp-content\/uploads\/2025\/09\/thais-bento-lima-da-silva-600x600.png\" alt=\"Thais Bento Lima Da Silva\" \/><\/p>\n<h4 style=\"color: #339966; font-size: 18pt; margin-top: 10px;\"><strong>THAIS BENTO LIMA DA SILVA<\/strong><\/h4>\n<\/div>\n<div style=\"flex: 1;\">Geront\u00f3loga formada pela Universidade de S\u00e3o Paulo (USP). Mestra e Doutora em Ci\u00eancias- na \u00e1rea de Neurologia Cognitiva e do Comportamento do Hospital das Cl\u00ednicas da Faculdade de Medicina da USP. Docente do curso de Bacharelado e do Programa de Mestrado e Doutorado em Gerontologia da Escola de Artes, Ci\u00eancias e Humanidades da Universidade de S\u00e3o Paulo (EACH-USP), pesquisadora do Grupo de Neurologia Cognitiva e do Comportamento da Faculdade de Medicina da Universidade de S\u00e3o Paulo e diretora cient\u00edfica da Associa\u00e7\u00e3o Brasileira de Gerontologia (ABG). Coordenadora de grupos de apoio para familiares e cuidadores da Associa\u00e7\u00e3o Brasileira de Alzheimer- Regional S\u00e3o Paulo, coordenadora do Grupo de Estudos em Treino Cognitivo da Universidade de S\u00e3o Paulo e parceria cient\u00edfica do Instituto Supera de Educa\u00e7\u00e3o com a condu\u00e7\u00e3o de pesquisas de treino cognitivo.<\/div>\n<\/div>\n<div style=\"display: flex; align-items: center; gap: 20px; flex-wrap: wrap; margin-bottom: 40px;\">\n<div style=\"flex: 0 0 200px; text-align: center;\">\n<p><img decoding=\"async\" style=\"max-width: 100%; height: auto; border-radius: 50%;\" src=\"https:\/\/prceu.usp.br\/usp60\/wp-content\/uploads\/2025\/09\/sergio-estrada-600x600.png\" alt=\"S\u00e9rgio Estrada\" \/><\/p>\n<h4 style=\"color: #339966; font-size: 18pt; margin-top: 10px;\"><strong>S\u00c9RGIO ESTRADA<\/strong><\/h4>\n<\/div>\n<div style=\"flex: 1;\">\u00c9 formado em administra\u00e7\u00e3o pela FGV, tem p\u00f3s gradua\u00e7\u00e3o em finan\u00e7as pela PUC-RJ, e MBA pela New York University (Stern School of Business). Foi Assessor da Presid\u00eancia do BNDES, VP de Corporate Finance do JP Chase Manhattan Bank em NY e no Brasil, diretor de M&amp;A da Socimer of Switzerland, diretor-executivo de M&amp;A e Privatiza\u00e7\u00e3o do Bank Boston, e s\u00f3cio fundador e diretor da Valormax Consultoria Financeira, butique focada em fus\u00f5es e aquisi\u00e7\u00f5es e reestrutura\u00e7\u00f5es de empresas. Foi professor do curso \u201cIntrodu\u00e7\u00e3o aos Mercados Financeiros na ESPM e deu aulas nos cursos de Reestrutura\u00e7\u00e3o e Recupera\u00e7\u00e3o Judicial do Insper. \u00c9 conselheiro do TMA Brasil (Turnaround Management Association), institui\u00e7\u00e3o dedicada ao estudo e ao aprimoramento das boas pr\u00e1ticas de gest\u00e3o em casos de reestrutura\u00e7\u00e3o e de recupera\u00e7\u00e3o judicial. Foi membro do conselho de universidades e de empresas e ainda de institui\u00e7\u00f5es culturais como o MIS S\u00e3o Paulo e o Pa\u00e7o das Artes. Elaborou em 2016 (pro bono) a reestrutura\u00e7\u00e3o do ILC Brasil (International Longevity Center) do renomado m\u00e9dico e pioneiro do conceito de \u201cEnvelhecimento Ativo\u201d, Prof. Alexandre Kalache, quando estudou o segmento da popula\u00e7\u00e3o idosa no Brasil.<\/div>\n<\/div>\n<div style=\"display: flex; align-items: center; gap: 20px; flex-wrap: wrap; margin-bottom: 40px;\">\n<div style=\"flex: 0 0 200px; text-align: center;\">\n<p><img decoding=\"async\" style=\"max-width: 100%; height: auto; border-radius: 50%;\" src=\"https:\/\/prceu.usp.br\/usp60\/wp-content\/uploads\/2025\/09\/cid-torquato-600x600.png\" alt=\"Cid Torquato\" \/><\/p>\n<h4 style=\"color: #339966; font-size: 18pt; margin-top: 10px;\"><strong>CID TORQUATO<\/strong><\/h4>\n<\/div>\n<div style=\"flex: 1;\">Cid Torquato \u00e9 advogado e Embaixador do ICOM &#8211; Plataforma de Intermedia\u00e7\u00e3o em L\u00edngua de Sinais. Foi Secret\u00e1rio Municipal da Pessoa com Defici\u00eancia de S\u00e3o Paulo e Secret\u00e1rio Adjunto de Estado dos Direitos da Pessoa com Defici\u00eancia. Tamb\u00e9m atua como Coordenador do N\u00facleo de Inova\u00e7\u00e3o em Acessibilidade do InovaUSP e CEO do Pr\u00eamio WSA Brasil!<\/div>\n<\/div>\n<div style=\"text-align: center; margin: 50px 0 30px;\"><img loading=\"lazy\" decoding=\"async\" class=\"alignnone size-medium wp-image-34397\" src=\"https:\/\/prceu.usp.br\/usp60\/wp-content\/uploads\/2025\/10\/barrinha-bloco-4-800x122.png\" alt=\"Barrinha Bloco 4\" width=\"800\" height=\"122\" srcset=\"https:\/\/prceu.usp.br\/usp60\/wp-content\/uploads\/2025\/10\/barrinha-bloco-4-800x122.png 800w, https:\/\/prceu.usp.br\/usp60\/wp-content\/uploads\/2025\/10\/barrinha-bloco-4-1280x196.png 1280w, https:\/\/prceu.usp.br\/usp60\/wp-content\/uploads\/2025\/10\/barrinha-bloco-4-768x118.png 768w, https:\/\/prceu.usp.br\/usp60\/wp-content\/uploads\/2025\/10\/barrinha-bloco-4.png 1536w\" sizes=\"auto, (max-width: 800px) 100vw, 800px\" \/><\/div>\n<div style=\"display: flex; align-items: center; gap: 20px; flex-wrap: wrap; margin-bottom: 40px;\">\n<div style=\"flex: 0 0 200px; text-align: center;\">\n<p><img decoding=\"async\" style=\"max-width: 100%; height: auto; border-radius: 50%;\" src=\"https:\/\/prceu.usp.br\/usp60\/wp-content\/uploads\/2025\/09\/alisson-machado-600x600.png\" alt=\"Alisson Machado\" \/><\/p>\n<h4 style=\"color: #339966; font-size: 18pt; margin-top: 10px;\"><strong>ALISSON MACHADO<\/strong><\/h4>\n<\/div>\n<div style=\"flex: 1;\">Nutricionista. Mestre e doutor em Ci\u00eancias pela Faculdade de Medicina da USP. Realizou p\u00f3s-doutorado na Faculdade de Sa\u00fade P\u00fablica da USP e atualmente \u00e9 professor na mesma institui\u00e7\u00e3o.<\/div>\n<\/div>\n<div style=\"display: flex; align-items: center; gap: 20px; flex-wrap: wrap; margin-bottom: 40px;\">\n<div style=\"flex: 0 0 200px; text-align: center;\">\n<p><img decoding=\"async\" style=\"max-width: 100%; height: auto; border-radius: 50%;\" src=\"https:\/\/prceu.usp.br\/usp60\/wp-content\/uploads\/2025\/09\/ilanna-marques-600x600.png\" alt=\"Ilanna Marques\" \/><\/p>\n<h4 style=\"color: #339966; font-size: 18pt; margin-top: 10px;\"><strong>ILANNA MARQUES<\/strong><\/h4>\n<\/div>\n<p>&nbsp;<\/p>\n<div style=\"flex: 1;\">\n<p><span style=\"font-size: 12pt;\">Nutricionista e mestre pela Universidade Federal do Rio Grande do Norte. Doutora em Ci\u00eancias em Gastroenterologia pela Faculdade de Medicina da Universidade de S\u00e3o Paulo. Resid\u00eancia em Nutri\u00e7\u00e3o Cl\u00ednica pelo Hospital das Cl\u00ednicas da Universidade Federal de Pernambuco. Autora do livro: <em>\u201cModula\u00e7\u00e3o intestinal: Do sequenciamento gen\u00e9tico \u00e0 pr\u00e1tica cl\u00ednica&#8221;.<\/em><\/span><\/p>\n<\/div>\n<\/div>\n<div style=\"text-align: center; margin: 50px 0 30px;\"><img loading=\"lazy\" decoding=\"async\" class=\"alignnone size-medium wp-image-34398\" src=\"https:\/\/prceu.usp.br\/usp60\/wp-content\/uploads\/2025\/10\/barrinha-encerro-800x122.png\" alt=\"Barrinha Encerro\" width=\"800\" height=\"122\" srcset=\"https:\/\/prceu.usp.br\/usp60\/wp-content\/uploads\/2025\/10\/barrinha-encerro-800x122.png 800w, https:\/\/prceu.usp.br\/usp60\/wp-content\/uploads\/2025\/10\/barrinha-encerro-1280x196.png 1280w, https:\/\/prceu.usp.br\/usp60\/wp-content\/uploads\/2025\/10\/barrinha-encerro-768x118.png 768w, https:\/\/prceu.usp.br\/usp60\/wp-content\/uploads\/2025\/10\/barrinha-encerro.png 1536w\" sizes=\"auto, (max-width: 800px) 100vw, 800px\" \/><\/div>\n<div style=\"display: flex; align-items: center; gap: 20px; flex-wrap: wrap; margin-bottom: 40px;\">\n<div style=\"flex: 0 0 200px; text-align: center;\">\n<p><img loading=\"lazy\" decoding=\"async\" class=\"alignnone size-medium wp-image-34400\" src=\"https:\/\/prceu.usp.br\/usp60\/wp-content\/uploads\/2025\/10\/saraiva-2-600x600.png\" alt=\"Saraiva\" width=\"600\" height=\"600\" srcset=\"https:\/\/prceu.usp.br\/usp60\/wp-content\/uploads\/2025\/10\/saraiva-2-600x600.png 600w, https:\/\/prceu.usp.br\/usp60\/wp-content\/uploads\/2025\/10\/saraiva-2-960x960.png 960w, https:\/\/prceu.usp.br\/usp60\/wp-content\/uploads\/2025\/10\/saraiva-2-150x150.png 150w, https:\/\/prceu.usp.br\/usp60\/wp-content\/uploads\/2025\/10\/saraiva-2-768x768.png 768w, https:\/\/prceu.usp.br\/usp60\/wp-content\/uploads\/2025\/10\/saraiva-2-60x60.png 60w, https:\/\/prceu.usp.br\/usp60\/wp-content\/uploads\/2025\/10\/saraiva-2.png 1080w\" sizes=\"auto, (max-width: 600px) 100vw, 600px\" \/><\/p>\n<h4 style=\"color: #339966; font-size: 18pt; margin-top: 10px;\"><strong>ANTONIO SARAIVA<\/strong><\/h4>\n<\/div>\n<p>&nbsp;<\/p>\n<div style=\"flex: 1; font-size: 12pt;\">\n<p><span style=\"font-size: 12pt;\"> Graduado em Engenharia El\u00e9trica pela Escola Polit\u00e9cnica (1980) e em Engenharia Agron\u00f4mica pela Escola Superior de Agricultura &#8220;Luiz de Queiroz&#8221; (ESALQ\/USP &#8211; 1987), ambas da Universidade de S\u00e3o Paulo. Concluiu o mestrado (1993), o doutorado (1998) e a livre-doc\u00eancia em Engenharia El\u00e9trica pela Escola Polit\u00e9cnica da USP (Poli-USP), com \u00eanfase em Tecnologia da Informa\u00e7\u00e3o no Agroneg\u00f3cio e Meio Ambiente.<br \/>\n<\/span><\/p>\n<p><span style=\"font-size: 12pt;\">\u00c9 professor do Departamento de Engenharia de Computa\u00e7\u00e3o e Sistemas Digitais (Poli-USP) desde 1989, onde atua como Professor Titular desde 2009 e vice-chefe do departamento desde 2010. Atualmente, \u00e9 <i>chairman<\/i> da se\u00e7\u00e3o de Tecnologia da Informa\u00e7\u00e3o da <i>International Commission of Agricultural and Biosystems Engineering<\/i> (CIGR) e membro do conselho executivo do <i>Biodiversity Informatics Standards<\/i> (TDWG), representando a Am\u00e9rica Latina.<br \/>\n<\/span><\/p>\n<\/div>\n<\/div>","protected":false},"excerpt":{"rendered":"<p>YEDA DUARTE Prof\u00aa Associada da Universidade de S\u00e3o Paulo. Diretora do Departamento de Enfermagem do Hospital Universit\u00e1rio\/USP. Coordenadora do Estudo SABE &#8211; Sa\u00fade, Bem estar e Envelhecimento. Criadora do 1\u00ba Curso de Bacharelado em Gerontologia na USP. S\u00d4NIA BRUCKI Professora associada do Departamento de Neurologia da Faculdade de Medicina da Universidade de S\u00e3o Paulo (FMUSP). [&hellip;]<\/p>\n","protected":false},"author":73,"featured_media":0,"parent":0,"menu_order":0,"comment_status":"closed","ping_status":"closed","template":"","meta":{"footnotes":""},"class_list":["post-33869","page","type-page","status-publish","hentry"],"_links":{"self":[{"href":"https:\/\/prceu.usp.br\/usp60\/wp-json\/wp\/v2\/pages\/33869","targetHints":{"allow":["GET"]}}],"collection":[{"href":"https:\/\/prceu.usp.br\/usp60\/wp-json\/wp\/v2\/pages"}],"about":[{"href":"https:\/\/prceu.usp.br\/usp60\/wp-json\/wp\/v2\/types\/page"}],"author":[{"embeddable":true,"href":"https:\/\/prceu.usp.br\/usp60\/wp-json\/wp\/v2\/users\/73"}],"replies":[{"embeddable":true,"href":"https:\/\/prceu.usp.br\/usp60\/wp-json\/wp\/v2\/comments?post=33869"}],"version-history":[{"count":35,"href":"https:\/\/prceu.usp.br\/usp60\/wp-json\/wp\/v2\/pages\/33869\/revisions"}],"predecessor-version":[{"id":34406,"href":"https:\/\/prceu.usp.br\/usp60\/wp-json\/wp\/v2\/pages\/33869\/revisions\/34406"}],"wp:attachment":[{"href":"https:\/\/prceu.usp.br\/usp60\/wp-json\/wp\/v2\/media?parent=33869"}],"curies":[{"name":"wp","href":"https:\/\/api.w.org\/{rel}","templated":true}]}}