{"id":34424,"date":"2025-10-29T17:05:45","date_gmt":"2025-10-29T20:05:45","guid":{"rendered":"https:\/\/prceu.usp.br\/usp60\/?page_id=34424"},"modified":"2026-02-25T16:04:02","modified_gmt":"2026-02-25T19:04:02","slug":"escolha-o-tipo-de-arte","status":"publish","type":"page","link":"https:\/\/prceu.usp.br\/usp60\/escolha-o-tipo-de-arte\/","title":{"rendered":"V PR\u00caMIO ARTE E LITERATURA &#8211; Exposi\u00e7\u00e3o"},"content":{"rendered":"<strong><span style=\"font-size: 14pt;\">V PR\u00caMIO ARTE E LITERATURA &#8211; Exposi\u00e7\u00e3o\u00a0<\/span><\/strong><\/p>\n<p><strong><span style=\"font-size: 14pt;\">Escolha o tipo de arte que deseja visualizar:<\/span><\/strong><\/p>\n<p>&nbsp;<\/p>\n<div class=\"su-button-center\"><a href=\"https:\/\/prceu.usp.br\/usp60\/finalistas-literatura-2025\/\" class=\"su-button su-button-style-noise\" style=\"color:#000000;background-color:#daacd1;border-color:#af8aa8;border-radius:20px\" target=\"_self\" title=\"Bot\u00e3o literatura\" id=\"224\"><span style=\"color:#000000;padding:0px 50px;font-size:35px;line-height:70px;border-color:#e6c5df;border-radius:20px;text-shadow:0px 0px 0px #000000\"><strong> Literatura<\/strong><\/span><\/a><\/div>\n<p>&nbsp;<\/p>\n<hr \/>\n<p>&nbsp;<\/p>\n<div class=\"su-button-center\"><a href=\"https:\/\/prceu.usp.br\/usp60\/finalistas-artes-visuais\/\" class=\"su-button su-button-style-noise\" style=\"color:#000000;background-color:#fac294;border-color:#c89c77;border-radius:20px\" target=\"_self\" title=\"Bot\u00e3o artesvisuais\" id=\"224\"><span style=\"color:#000000;padding:0px 50px;font-size:35px;line-height:70px;border-color:#fcd5b5;border-radius:20px;text-shadow:0px 0px 0px #000000\"><strong> Artes Visuais<\/strong><\/span><\/a><\/div>\n<p>&nbsp;<\/p>\n<hr \/>\n<p><span style=\"font-size: 14pt;\"><strong>Veja fotos da exposi\u00e7\u00e3o:<\/strong><\/span><\/p>\n<div class=\"su-button-center\"><a href=\"https:\/\/prceu.usp.br\/usp60\/fotografias-da-exposicao-v-premio-arte-e-literatura\/\" class=\"su-button su-button-style-noise\" style=\"color:#000000;background-color:#89CFF0;border-color:#6ea6c0;border-radius:20px\" target=\"_self\" title=\"Bot\u00e3o exposi\u00e7\u00e3o\" id=\"224\"><span style=\"color:#000000;padding:0px 50px;font-size:35px;line-height:70px;border-color:#addef5;border-radius:20px;text-shadow:0px 0px 0px #000000\"><strong> Exposi\u00e7\u00e3o<\/strong><\/span><\/a><\/div>","protected":false},"excerpt":{"rendered":"<p>V PR\u00caMIO ARTE E LITERATURA &#8211; Exposi\u00e7\u00e3o\u00a0 Escolha o tipo de arte que deseja visualizar: &nbsp; &nbsp; &nbsp; &nbsp; Veja fotos da exposi\u00e7\u00e3o:<\/p>\n","protected":false},"author":73,"featured_media":0,"parent":0,"menu_order":0,"comment_status":"closed","ping_status":"closed","template":"","meta":{"footnotes":""},"class_list":["post-34424","page","type-page","status-publish","hentry"],"_links":{"self":[{"href":"https:\/\/prceu.usp.br\/usp60\/wp-json\/wp\/v2\/pages\/34424","targetHints":{"allow":["GET"]}}],"collection":[{"href":"https:\/\/prceu.usp.br\/usp60\/wp-json\/wp\/v2\/pages"}],"about":[{"href":"https:\/\/prceu.usp.br\/usp60\/wp-json\/wp\/v2\/types\/page"}],"author":[{"embeddable":true,"href":"https:\/\/prceu.usp.br\/usp60\/wp-json\/wp\/v2\/users\/73"}],"replies":[{"embeddable":true,"href":"https:\/\/prceu.usp.br\/usp60\/wp-json\/wp\/v2\/comments?post=34424"}],"version-history":[{"count":22,"href":"https:\/\/prceu.usp.br\/usp60\/wp-json\/wp\/v2\/pages\/34424\/revisions"}],"predecessor-version":[{"id":34518,"href":"https:\/\/prceu.usp.br\/usp60\/wp-json\/wp\/v2\/pages\/34424\/revisions\/34518"}],"wp:attachment":[{"href":"https:\/\/prceu.usp.br\/usp60\/wp-json\/wp\/v2\/media?parent=34424"}],"curies":[{"name":"wp","href":"https:\/\/api.w.org\/{rel}","templated":true}]}}