{"id":9196,"date":"2026-01-28T10:27:53","date_gmt":"2026-01-28T13:27:53","guid":{"rendered":"https:\/\/prceu.usp.br\/usp60\/?page_id=9196"},"modified":"2026-02-06T15:10:45","modified_gmt":"2026-02-06T18:10:45","slug":"quem-somos","status":"publish","type":"page","link":"https:\/\/prceu.usp.br\/usp60\/quem-somos\/","title":{"rendered":"Sobre"},"content":{"rendered":"<span style=\"font-size: 16px;\"><div class=\"su-row\"><div class=\"su-column su-column-size-1-2\"><div class=\"su-column-inner su-u-clearfix su-u-trim\"> Bem vindos a todas, todos e todes a nova edi\u00e7\u00e3o do programa USP 60+ Em um momento mais tranquilo da pandemia COVID-19 regressamos em um sistema h\u00edbrido- algumas atividades \u00e0 dist\u00e2ncia e outras presenciais nos nossos campi. Milhares de vagas oferecidas em centenas de atividades diferentes para contemplar as diferentes necessidades e desejos dos 60+. E obedecendo os nossos pilares: abertura, a mais ampla poss\u00edvel; gratuidade e intergeracionalidade. Atrav\u00e9s de um trabalho da equipe do USP 60+, a apresenta\u00e7\u00e3o das atividades em nosso site foi reformulada para oferecer uma maior usabilidade e melhorar a experi\u00eancia dos nossos alunos. Convidamos a todos a navegarem e tomarem conhecimento das novidades deste novo semestre. N\u00f3s, da USP 60+, estamos muito felizes e continuamos trabalhando com o objetivo de oferecer a voc\u00ea, participante da nossa universidade, oportunidades para um aprendizado continuado, conv\u00edvio e participa\u00e7\u00e3o social e melhora de qualidade de vida. Esperamos que todos tenham uma experi\u00eancia gratificante e se sintam parte desta grande comunidade que \u00e9 a Universidade de S\u00e3o Paulo.<\/div><\/div> <div class=\"su-column su-column-size-1-2\"><div class=\"su-column-inner su-u-clearfix su-u-trim\"><\/span><\/p>\n<div id=\"attachment_28529\" style=\"width: 256px\" class=\"wp-caption alignnone\"><img loading=\"lazy\" decoding=\"async\" aria-describedby=\"caption-attachment-28529\" class=\"wp-image-28529 size-medium\" src=\"https:\/\/prceu.usp.br\/usp60\/wp-content\/uploads\/2022\/08\/egidio-246x300.jpeg\" alt=\"Egidio\" width=\"246\" height=\"300\" srcset=\"https:\/\/prceu.usp.br\/usp60\/wp-content\/uploads\/2022\/08\/egidio-246x300.jpeg 246w, https:\/\/prceu.usp.br\/usp60\/wp-content\/uploads\/2022\/08\/egidio-411x500.jpeg 411w, https:\/\/prceu.usp.br\/usp60\/wp-content\/uploads\/2022\/08\/egidio-768x935.jpeg 768w, https:\/\/prceu.usp.br\/usp60\/wp-content\/uploads\/2022\/08\/egidio.jpeg 832w\" sizes=\"auto, (max-width: 246px) 100vw, 246px\" \/><p id=\"caption-attachment-28529\" class=\"wp-caption-text\">Dr. Eg\u00eddio Dorea * Coordenador do Programa USP 60+<\/p><\/div>\n<p><span style=\"font-size: 16px;\"><\/div><\/div> <\/div><\/span><\/p>\n<hr \/>\n<p><span style=\"font-family: 'book antiqua', palatino, serif; font-size: 12pt;\" >Em 1994, por iniciativa da professora Eclea Bosi, teve in\u00edcio na USP o programa\u00a0<em>Universidade Aberta \u00e0 Terceira Idade<\/em>, antecipando-se \u00e0 promulga\u00e7\u00e3o do Estatuto do Idoso, cujo cap\u00edtulo V, artigo 25, reza textualmente: \u201cO Poder P\u00fablico apoiar\u00e1 a cria\u00e7\u00e3o de universidade aberta para as pessoas idosas (\u2026)\u201d. O principal objetivo do programa \u00e9 possibilitar ao idoso o aprofundamento de conhecimentos em \u00e1reas de seu interesse. Atendendo aos crit\u00e9rios da ONU e UNESCO, prioriza-se a idade a partir de 60 anos.<\/span><\/p>\n<p><span style=\"font-family: 'book antiqua', palatino, serif; font-size: 12pt;\">Com o passar dos anos, a iniciativa, que no primeiro momento era pioneira na USP, passou a se disseminar, com o surgimento de Universidades Abertas em v\u00e1rias outras universidades. Assim, o programa adotou a denomina\u00e7\u00e3o mais espec\u00edfica\u00a0<em>USP Aberta \u00e0 Terceira Idade.<\/em><\/span><\/p>\n<p><span style=\"font-family: 'book antiqua', palatino, serif; font-size: 12pt;\"><a href=\"https:\/\/prceu.usp.br\/wp-content\/uploads\/2014\/11\/LOGO_USP60_VERTICAL_COLORIDO.png\"><img loading=\"lazy\" decoding=\"async\" class=\"alignleft wp-image-12360 size-thumbnail\" src=\"https:\/\/prceu.usp.br\/wp-content\/uploads\/2014\/11\/LOGO_USP60_VERTICAL_COLORIDO-e1580310693889-190x250.png\" sizes=\"auto, (max-width: 190px) 100vw, 190px\" srcset=\"https:\/\/prceu.usp.br\/wp-content\/uploads\/2014\/11\/LOGO_USP60_VERTICAL_COLORIDO-e1580310693889-190x250.png 190w, https:\/\/prceu.usp.br\/wp-content\/uploads\/2014\/11\/LOGO_USP60_VERTICAL_COLORIDO-e1580310693889.png 413w\" alt=\"\" width=\"190\" height=\"250\" \/><\/a> No entanto, em 2019, come\u00e7aram a surgir questionamentos sobre a melhor forma de se referir a esse p\u00fablico acima dos 60 anos de forma mais inclusiva e objetiva, sem ju\u00edzo de valor, preconceitos ou cargas negativas. Tendo em vista que esse p\u00fablico vem crescendo muito, ele representa cada vez mais uma popula\u00e7\u00e3o heterog\u00eanea, com grandes diferen\u00e7as entre os indiv\u00edduos que a comp\u00f5em. Dessa forma, a partir de 2020 o programa passou a chamar-se <strong>USP 60+<\/strong>.<\/span><\/p>\n<p><span style=\"font-family: 'book antiqua', palatino, serif; font-size: 12pt;\">Do ponto de vista quantitativo, tal expans\u00e3o reflete a presen\u00e7a da USP na teia demogr\u00e1fica da metr\u00f3pole, onde essa faixa et\u00e1ria cresce a olhos vistos. Do ponto de vista da qualidade do programa, o seu \u00eaxito tem a ver com a const\u00e2ncia dos tr\u00eas princ\u00edpios que o norteiam.<\/span><\/p>\n<p><span style=\"font-family: 'book antiqua', palatino, serif; font-size: 12pt;\">No primeiro princ\u00edpio, vigora o ideal de abertura a mais ampla poss\u00edvel. Ao participante n\u00e3o se pede sen\u00e3o o seu desejo de aprender. A escolha das disciplinas \u00e9 livre, como \u00e9 livre nossa constela\u00e7\u00e3o de interesses quando nos libertamos da rotina da sobreviv\u00eancia.<\/span><\/p>\n<p><span style=\"font-family: 'book antiqua', palatino, serif; font-size: 12pt;\">O segundo refere-se ao ideal da conviv\u00eancia do p\u00fablico acima de 60 anos com os alunos de gradua\u00e7\u00e3o. \u00c9 o oposto da discrimina\u00e7\u00e3o verificada na sociedade: jovens de um lado, velhos de outro. Neste sentido, o USP 60+ \u00e9 inovador, pois os participantes compartilham as mesmas classes com os alunos regulares. A experi\u00eancia tem revelado que os jovens saem enriquecidos, afetiva e intelectualmente, desse conv\u00edvio com pessoas mais maduras e motivadas t\u00e3o s\u00f3 pela paix\u00e3o do saber.<\/span><\/p>\n<p><span style=\"font-family: 'book antiqua', palatino, serif;\"><span style=\"font-size: 12pt;\">Por fim, o terceiro princ\u00edpio \u00e9 a gratuidade, valor pr\u00f3prio de uma institui\u00e7\u00e3o que timbra em manter a sua fun\u00e7\u00e3o p\u00fablica.\u00a0\u00a0<\/span><\/span><\/p>\n<hr \/>\n<p>&nbsp;","protected":false},"excerpt":{"rendered":"<p>Em 1994, por iniciativa da professora Eclea Bosi, teve in\u00edcio na USP o programa\u00a0Universidade Aberta \u00e0 Terceira Idade, antecipando-se \u00e0 promulga\u00e7\u00e3o do Estatuto do Idoso, cujo cap\u00edtulo V, artigo 25, reza textualmente: \u201cO Poder P\u00fablico apoiar\u00e1 a cria\u00e7\u00e3o de universidade aberta para as pessoas idosas (\u2026)\u201d. O principal objetivo do programa \u00e9 possibilitar ao idoso [&hellip;]<\/p>\n","protected":false},"author":69,"featured_media":0,"parent":0,"menu_order":56,"comment_status":"closed","ping_status":"closed","template":"","meta":{"footnotes":""},"class_list":["post-9196","page","type-page","status-publish","hentry"],"_links":{"self":[{"href":"https:\/\/prceu.usp.br\/usp60\/wp-json\/wp\/v2\/pages\/9196","targetHints":{"allow":["GET"]}}],"collection":[{"href":"https:\/\/prceu.usp.br\/usp60\/wp-json\/wp\/v2\/pages"}],"about":[{"href":"https:\/\/prceu.usp.br\/usp60\/wp-json\/wp\/v2\/types\/page"}],"author":[{"embeddable":true,"href":"https:\/\/prceu.usp.br\/usp60\/wp-json\/wp\/v2\/users\/69"}],"replies":[{"embeddable":true,"href":"https:\/\/prceu.usp.br\/usp60\/wp-json\/wp\/v2\/comments?post=9196"}],"version-history":[{"count":3,"href":"https:\/\/prceu.usp.br\/usp60\/wp-json\/wp\/v2\/pages\/9196\/revisions"}],"predecessor-version":[{"id":35309,"href":"https:\/\/prceu.usp.br\/usp60\/wp-json\/wp\/v2\/pages\/9196\/revisions\/35309"}],"wp:attachment":[{"href":"https:\/\/prceu.usp.br\/usp60\/wp-json\/wp\/v2\/media?parent=9196"}],"curies":[{"name":"wp","href":"https:\/\/api.w.org\/{rel}","templated":true}]}}