{"id":971,"date":"2014-01-14T17:36:56","date_gmt":"2014-01-14T19:36:56","guid":{"rendered":"https:\/\/prceu.usp.br\/usp60\/?page_id=971"},"modified":"2026-02-03T10:49:33","modified_gmt":"2026-02-03T13:49:33","slug":"objetivos","status":"publish","type":"page","link":"https:\/\/prceu.usp.br\/usp60\/objetivos\/","title":{"rendered":"Objetivo do programa"},"content":{"rendered":"<p>O objetivo do programa Universidade Aberta \u00e0 Terceira Idade \u00e9 possibilitar ao idoso aprofundar \u201cconhecimentos em alguma \u00e1rea de seu interesse e ao mesmo tempo trocar informa\u00e7\u00f5es e experi\u00eancias com os jovens&#8221;.<\/p>\n<p><a title=\"Apresenta\u00e7\u00e3o \u2013 Alunos\" href=\"https:\/\/prceu.usp.br\/usp60\/objetivos\/apresentacao-railde\/\">Clique aqui para ver a Carta de Apresenta\u00e7\u00e3o do programa.<\/a><\/p>\n<h3><span style=\"color: #ff0000;\"><strong>As matr\u00edculas devem ser\u00a0feitas pessoalmente no local onde a atividade ser\u00e1 oferecida.<\/strong><\/span><\/h3>\n<p><a href=\"https:\/\/prceu.usp.br\/usp60\/atividades\/\">Clique aqui para consultar as informa\u00e7\u00f5es das atividades<\/a><\/p>\n<p>&nbsp;<\/p>\n<p><strong>Programa Universidade Aberta \u00e0 Terceira Idade<\/strong><\/p>\n<p><strong>Hor\u00e1rio de Atendimento:<\/strong><\/p>\n<p>Segunda a\u00a0Sexta-feira<\/p>\n<p>De 8h30 \u00e0s 12h e de 13h30 \u00e0s 17h<\/p>\n<p>(11) 3091-9183<\/p>\n<p>&nbsp;<\/p>\n<p>Rua do Anfiteatro, 181 &#8211; Colmeia, Favo 3<\/p>\n<p>Cidade Universit\u00e1ria<\/p>\n<p>S\u00e3o Paulo &#8211; SP<\/p>\n<p>05508-060<\/p>\n<p>&nbsp;<\/p>\n<p>&nbsp;<\/p>\n<p>&nbsp;<\/p>\n","protected":false},"excerpt":{"rendered":"<p>O objetivo do programa Universidade Aberta \u00e0 Terceira Idade \u00e9 possibilitar ao idoso aprofundar \u201cconhecimentos em alguma \u00e1rea de seu interesse e ao mesmo tempo trocar informa\u00e7\u00f5es e experi\u00eancias com os jovens&#8221;. Clique aqui para ver a Carta de Apresenta\u00e7\u00e3o do programa. As matr\u00edculas devem ser\u00a0feitas pessoalmente no local onde a atividade ser\u00e1 oferecida. Clique [&hellip;]<\/p>\n","protected":false},"author":69,"featured_media":0,"parent":0,"menu_order":77,"comment_status":"closed","ping_status":"closed","template":"","meta":{"footnotes":""},"class_list":["post-971","page","type-page","status-publish","hentry"],"_links":{"self":[{"href":"https:\/\/prceu.usp.br\/usp60\/wp-json\/wp\/v2\/pages\/971","targetHints":{"allow":["GET"]}}],"collection":[{"href":"https:\/\/prceu.usp.br\/usp60\/wp-json\/wp\/v2\/pages"}],"about":[{"href":"https:\/\/prceu.usp.br\/usp60\/wp-json\/wp\/v2\/types\/page"}],"author":[{"embeddable":true,"href":"https:\/\/prceu.usp.br\/usp60\/wp-json\/wp\/v2\/users\/69"}],"replies":[{"embeddable":true,"href":"https:\/\/prceu.usp.br\/usp60\/wp-json\/wp\/v2\/comments?post=971"}],"version-history":[{"count":1,"href":"https:\/\/prceu.usp.br\/usp60\/wp-json\/wp\/v2\/pages\/971\/revisions"}],"predecessor-version":[{"id":35291,"href":"https:\/\/prceu.usp.br\/usp60\/wp-json\/wp\/v2\/pages\/971\/revisions\/35291"}],"wp:attachment":[{"href":"https:\/\/prceu.usp.br\/usp60\/wp-json\/wp\/v2\/media?parent=971"}],"curies":[{"name":"wp","href":"https:\/\/api.w.org\/{rel}","templated":true}]}}